{"id":752256,"date":"2025-08-28T05:11:35","date_gmt":"2025-08-28T02:11:35","guid":{"rendered":"https:\/\/roveyayinevi.com.tr\/index.php\/urun\/platform-cagi\/"},"modified":"2026-01-29T03:39:58","modified_gmt":"2026-01-29T00:39:58","slug":"platform-cagi","status":"publish","type":"product","link":"https:\/\/roveyayinevi.com.tr\/index.php\/urun\/platform-cagi\/","title":{"rendered":"Platform \u00c7a\u011f\u0131"},"content":{"rendered":"<p>Televizyon, uzun y\u0131llard\u0131r, toplumsal ve k\u00fclt\u00fcrel hayat\u0131m\u0131z\u0131n en \u00f6nemli bile\u015fenlerinden biri olarak varl\u0131\u011f\u0131n\u0131 s\u00fcrd\u00fcrmektedir. G\u00fcn\u00fcm\u00fczde giderek karma\u015f\u0131kla\u015fan, \u00e7e\u015fitlenen ve de\u011fi\u015fen medya ortam\u0131 i\u00e7erisinde de \u00f6nemini korudu\u011fu g\u00f6r\u00fclmektedir. Ancak yeni teknolojiler, kurumsal ve end\u00fcstriyel yap\u0131lanma bi\u00e7imleri onu i\u00e7eriklerinden zamansal yap\u0131s\u0131na ve izlenme bi\u00e7imlerine kadar hemen t\u00fcm nitelikleri \u00fczerinden yeniden ele almay\u0131 ve anlamland\u0131rmay\u0131 gerekli k\u0131lmaktad\u0131r. Bu kitap da temel olarak b\u00f6yle bir anlamland\u0131rma \u00e7abas\u0131na dayanmaktad\u0131r. Televizyonu d\u00f6n\u00fc\u015ft\u00fcren t\u00fcm geli\u015fmeleri, modern toplumsal hayat\u0131 bi\u00e7imlendiren daha temel dinamikler ba\u011flam\u0131nda de\u011ferlendirmenin \u00f6nemine vurgu yaparak, son d\u00f6nemde giderek belirginle\u015fen dijitalle\u015fme ve k\u00fcreselle\u015fme temelli geli\u015fmeler ile medya end\u00fcstrisine h\u00e2kim olan platformla\u015fma s\u00fcreci \u00fczerinden televizyonun mevcut yap\u0131s\u0131 ve konumuna dair bir de\u011ferlendirme yapmaya odaklanmaktad\u0131r. Bu y\u00f6n\u00fcyle televizyon \u00e7al\u0131\u015fmalar\u0131na ilgi duyan ara\u015ft\u0131rmac\u0131lar ve \u00f6\u011frencilerin yan\u0131 s\u0131ra platform \u00e7a\u011f\u0131nda televizyonun yeni yap\u0131s\u0131n\u0131 ve konumunu anlamaya \u00e7al\u0131\u015fan daha genel bir okuyucu kitlesine de hitap etmektedir&#8230; <\/p>\n","protected":false},"excerpt":{"rendered":"<p>Televizyon, uzun y\u0131llard\u0131r, toplumsal ve k\u00fclt\u00fcrel hayat\u0131m\u0131z\u0131n en \u00f6nemli bile\u015fenlerinden biri olarak varl\u0131\u011f\u0131n\u0131 s\u00fcrd\u00fcrmektedir. G\u00fcn\u00fcm\u00fczde giderek karma\u015f\u0131kla\u015fan, \u00e7e\u015fitlenen ve de\u011fi\u015fen medya ortam\u0131 i\u00e7erisinde de \u00f6nemini korudu\u011fu<span class=\"excerpt-hellip\"> [\u2026]<\/span><\/p>\n","protected":false},"featured_media":0,"template":"","meta":{"_monsterinsights_skip_tracking":false,"_monsterinsights_sitenote_active":false,"_monsterinsights_sitenote_note":"","_monsterinsights_sitenote_category":0},"product_brand":[],"product_cat":[15983,13488],"product_tag":[],"class_list":{"0":"post-752256","1":"product","2":"type-product","3":"status-publish","5":"product_cat-iletisim-ve-medya","6":"product_cat-toplum-ve-insan","7":"pa_cilt-ciltsiz","8":"pa_tur-kitap","9":"pa_yayinevi-utopya-yayinevi","10":"pa_yazar-suleyman-ilaslan","12":"first","13":"instock","14":"sale","15":"shipping-taxable","16":"purchasable","17":"product-type-simple"},"_links":{"self":[{"href":"https:\/\/roveyayinevi.com.tr\/index.php\/wp-json\/wp\/v2\/product\/752256","targetHints":{"allow":["GET"]}}],"collection":[{"href":"https:\/\/roveyayinevi.com.tr\/index.php\/wp-json\/wp\/v2\/product"}],"about":[{"href":"https:\/\/roveyayinevi.com.tr\/index.php\/wp-json\/wp\/v2\/types\/product"}],"wp:attachment":[{"href":"https:\/\/roveyayinevi.com.tr\/index.php\/wp-json\/wp\/v2\/media?parent=752256"}],"wp:term":[{"taxonomy":"product_brand","embeddable":true,"href":"https:\/\/roveyayinevi.com.tr\/index.php\/wp-json\/wp\/v2\/product_brand?post=752256"},{"taxonomy":"product_cat","embeddable":true,"href":"https:\/\/roveyayinevi.com.tr\/index.php\/wp-json\/wp\/v2\/product_cat?post=752256"},{"taxonomy":"product_tag","embeddable":true,"href":"https:\/\/roveyayinevi.com.tr\/index.php\/wp-json\/wp\/v2\/product_tag?post=752256"}],"curies":[{"name":"wp","href":"https:\/\/api.w.org\/{rel}","templated":true}]}}