{"id":752255,"date":"2025-08-28T05:11:34","date_gmt":"2025-08-28T02:11:34","guid":{"rendered":"https:\/\/roveyayinevi.com.tr\/index.php\/urun\/hindistanin-nazilestirilmesi\/"},"modified":"2026-04-16T03:05:36","modified_gmt":"2026-04-16T00:05:36","slug":"hindistanin-nazilestirilmesi","status":"publish","type":"product","link":"https:\/\/roveyayinevi.com.tr\/index.php\/urun\/hindistanin-nazilestirilmesi\/","title":{"rendered":"Hindistan\u2019\u0131n Nazile\u015ftirilmesi"},"content":{"rendered":"<p>Bu rapor, Nazilerin Holokost \u00f6ncesi ve s\u0131ras\u0131ndaki eylemlerini ve bug\u00fcn Hindistan\u2019da ya\u015fan\u0131lanlar\u0131 kar\u015f\u0131la\u015ft\u0131rarak, Hindistan\u2019\u0131n Nazi ilhaml\u0131, fa\u015fist, \u00e7o\u011funluk\u00e7u bir devlet olma yolunda tehlikeli bir seyirde oldu\u011funu a\u00e7\u0131k\u00e7a ortaya koymaktad\u0131r. Hindistan\u2019\u0131n az\u0131nl\u0131klar\u0131 ve \u00f6zellikle 200 milyondan fazla M\u00fcsl\u00fcman\u0131, soyk\u0131r\u0131m\u0131n yakla\u015fan bir tehlikesiyle kar\u015f\u0131 kar\u015f\u0131yad\u0131r. Soyk\u0131r\u0131m izleme kurulu\u015fu, Hindistan\u2019daki durumun zaten ayr\u0131\u015fma, haz\u0131rl\u0131k ve zul\u00fcm a\u015famalar\u0131na ula\u015ft\u0131\u011f\u0131n\u0131 uyar\u0131yor s\u0131ras\u0131yla: Soyk\u0131r\u0131m\u0131n On A\u015famas\u0131n\u0131n 6. 7. ve 8. A\u015famalar\u0131. <\/p>\n","protected":false},"excerpt":{"rendered":"<p>Bu rapor, Nazilerin Holokost \u00f6ncesi ve s\u0131ras\u0131ndaki eylemlerini ve bug\u00fcn Hindistan\u2019da ya\u015fan\u0131lanlar\u0131 kar\u015f\u0131la\u015ft\u0131rarak, Hindistan\u2019\u0131n Nazi ilhaml\u0131, fa\u015fist, \u00e7o\u011funluk\u00e7u bir devlet olma yolunda tehlikeli bir seyirde oldu\u011funu<span class=\"excerpt-hellip\"> [\u2026]<\/span><\/p>\n","protected":false},"featured_media":0,"template":"","meta":{"_monsterinsights_skip_tracking":false,"_monsterinsights_sitenote_active":false,"_monsterinsights_sitenote_note":"","_monsterinsights_sitenote_category":0},"product_brand":[],"product_cat":[12370,12304],"product_tag":[],"class_list":{"0":"post-752255","1":"product","2":"type-product","3":"status-publish","5":"product_cat-arastirma-inceleme","6":"product_cat-tarih","7":"pa_cilt-ciltsiz","8":"pa_tur-kitap","9":"pa_yayinevi-gulnar-yayinlari","10":"pa_yazar-angana-chatterji","12":"first","13":"instock","14":"sale","15":"shipping-taxable","16":"purchasable","17":"product-type-simple"},"_links":{"self":[{"href":"https:\/\/roveyayinevi.com.tr\/index.php\/wp-json\/wp\/v2\/product\/752255","targetHints":{"allow":["GET"]}}],"collection":[{"href":"https:\/\/roveyayinevi.com.tr\/index.php\/wp-json\/wp\/v2\/product"}],"about":[{"href":"https:\/\/roveyayinevi.com.tr\/index.php\/wp-json\/wp\/v2\/types\/product"}],"wp:attachment":[{"href":"https:\/\/roveyayinevi.com.tr\/index.php\/wp-json\/wp\/v2\/media?parent=752255"}],"wp:term":[{"taxonomy":"product_brand","embeddable":true,"href":"https:\/\/roveyayinevi.com.tr\/index.php\/wp-json\/wp\/v2\/product_brand?post=752255"},{"taxonomy":"product_cat","embeddable":true,"href":"https:\/\/roveyayinevi.com.tr\/index.php\/wp-json\/wp\/v2\/product_cat?post=752255"},{"taxonomy":"product_tag","embeddable":true,"href":"https:\/\/roveyayinevi.com.tr\/index.php\/wp-json\/wp\/v2\/product_tag?post=752255"}],"curies":[{"name":"wp","href":"https:\/\/api.w.org\/{rel}","templated":true}]}}