{"id":752253,"date":"2025-08-28T05:11:30","date_gmt":"2025-08-28T02:11:30","guid":{"rendered":"https:\/\/roveyayinevi.com.tr\/index.php\/urun\/disk-dunya-34-gum\/"},"modified":"2026-04-11T03:13:41","modified_gmt":"2026-04-11T00:13:41","slug":"disk-dunya-34-gum","status":"publish","type":"product","link":"https:\/\/roveyayinevi.com.tr\/index.php\/urun\/disk-dunya-34-gum\/","title":{"rendered":"Disk D\u00fcnya 34: G\u00fcm!"},"content":{"rendered":"<p>D\u00fcr\u00fcst bir insan i\u00e7in siyaset, ak\u0131lalmaz tuzaklarla dolu olabilir&#8230; Hayal\u00ee evrenlerin azametli mucidi S\u00f6r Terry Pratchett&#8217;\u0131n benzersiz yarat\u0131m\u0131 \u201cDiskd\u00fcnya\u201dn\u0131n ilk kez T\u00fcrk\u00e7eye \u00e7evrilen otuz d\u00f6rd\u00fcnc\u00fc kitab\u0131 G\u00fcm!, kan davalar\u0131 binlerce y\u0131l \u00f6ncesine dayanan iki kadim toplumun, din\u00ee ve siyasi s\u00f6ylemlerle kendilerini uyutmaya \u00e7al\u0131\u015fan otoritelere kar\u015f\u0131 giri\u015ftikleri ba\u015fkald\u0131r\u0131ya odaklanan, \u201cta\u015f\u201d gibi bir polisiye. D\u00fcnya \u00e7ap\u0131nda 100 milyonun \u00fczerinde satan k\u0131rk bir kitapl\u0131k serinin, ger\u00e7eklik alg\u0131m\u0131za t\u00fcrl\u00fc taklalar att\u0131ran bu en ters k\u00f6\u015fe maceras\u0131, \u201cBek\u00e7iler\u201d alt serisinin de yedinci halkas\u0131. \u0130ki ayr\u0131 \u0131rk aras\u0131ndaki ezel\u00ee ve ebed\u00ee d\u00fc\u015fmanl\u0131\u011f\u0131n geriliminden \u00e7\u0131kan k\u0131v\u0131lc\u0131mlar\u0131 ciddi bir cengin k\u0131y\u0131s\u0131nda s\u00f6nd\u00fcren Pratchett; roman\u0131nda e\u011fildi\u011fi konularla i\u00e7inde ya\u015fad\u0131\u011f\u0131m\u0131z d\u00fcnyan\u0131n siyasiler taraf\u0131ndan nas\u0131l kirletildi\u011fini, toplumlar\u0131n alengirli oyunlarla kand\u0131r\u0131larak nas\u0131l zapturapt alt\u0131na al\u0131nd\u0131\u011f\u0131n\u0131 g\u00f6steriyor. Vimes, darttan daha karma\u015f\u0131k hi\u00e7bir oyunu sevmiyordu. \u00d6zellikle satran\u00e7, sinirlerini feci bozuyordu. \u015eahlar hi\u00e7bir \u015fey yapmadan rahat rahat otururken piyonlar\u0131n gidip ba\u015fka piyonlar\u0131 katletmesi falan delirtiyordu onu. H\u00e2lbuki piyonlar birle\u015fseler, hatta belki kaleleri de ikna etseler, bir d\u00fczine hamlede t\u00fcm tahtada cumhuriyet ilan edilirdi&#8230; Hayat kimilerine g\u00f6re oyunlardan, kimilerine g\u00f6re yalanlardan ibaret. Kimileri ise bu ikisinin ayn\u0131 \u015fey oldu\u011funu d\u00fc\u015f\u00fcn\u00fcr. Fakat her \u015feye ra\u011fmen tahtada her zaman iki taraf bulunur ve bu iki taraf Troller ile C\u00fcceler gibi can d\u00fc\u015fman\u0131ysa sava\u015f\u0131n g\u00fcr\u00fclt\u00fcs\u00fc uzaklardan duyulur.  Ahali yeterince gerginken, \u00fcst\u00fcne bir de herkesi, ayd\u0131nlat\u0131lmay\u0131 bekleyen bir cinayet vakas\u0131 ile Kraliyet M\u00fczesi&#8217;nden \u00e7al\u0131nan paha bi\u00e7ilmez bir resmin gizemi sarm\u0131\u015fken, i\u015fler iyice arapsa\u00e7\u0131na d\u00f6nmek \u00fczerdir. Neyse ki Ankh-Morpork&#8217;un asayi\u015finden sorumlu Vimes ve ekibi g\u00f6rev ba\u015f\u0131ndad\u0131r, yani yersiz tela\u015fa mahal yoktur&#8230; tabii yapboz misali biriktirdikleri ipu\u00e7lar\u0131n\u0131n alt\u0131nda, \u00e7ok ama \u00e7ok derinlerde sakl\u0131 m\u00fchim \u015feyleri kazara atlamazlarsa! Ne demi\u015fler; eski d\u00fc\u015fmanl\u0131klar\u0131n dibinde yatan elmas gibi ger\u00e7ekler, kendilerini yeralt\u0131ndan \u00e7\u0131karacak suyu elbette bulur&#8230;     Diskd\u00fcnya&#8217;n\u0131n en komplike ama bir o kadar da tatmink\u00e2r sonlar\u0131ndan birini sunarak okurun dima\u011f\u0131nda iz b\u0131rakan G\u00fcm!, bizzat i\u00e7inde ya\u015fad\u0131\u011f\u0131m\u0131z d\u00fcnyaya ve bize kucak a\u00e7an toplumlara fantastik bir evrenden ayna tutuyor; de\u011fi\u015fik tuzaklarla bizi biz olmaktan \u00e7\u0131kar\u0131p a\u011f\u0131na d\u00fc\u015f\u00fcrmeye \u00e7al\u0131\u015fan siyasi g\u00fc\u00e7lerin ipli\u011fini pazara \u00e7\u0131kar\u0131yor. \u00c7\u00fcnk\u00fc e\u011fer birileri seni \u00f6ld\u00fcrmeye \u00e7al\u0131\u015f\u0131yorsa, bu bir \u015feyi do\u011fru yapt\u0131\u011f\u0131n anlam\u0131na gelir.<\/p>\n","protected":false},"excerpt":{"rendered":"<p>D\u00fcr\u00fcst bir insan i\u00e7in siyaset, ak\u0131lalmaz tuzaklarla dolu olabilir&#8230; Hayal\u00ee evrenlerin azametli mucidi S\u00f6r Terry Pratchett&#8217;\u0131n benzersiz yarat\u0131m\u0131 \u201cDiskd\u00fcnya\u201dn\u0131n ilk kez T\u00fcrk\u00e7eye \u00e7evrilen otuz d\u00f6rd\u00fcnc\u00fc kitab\u0131<span class=\"excerpt-hellip\"> [\u2026]<\/span><\/p>\n","protected":false},"featured_media":0,"template":"","meta":{"_monsterinsights_skip_tracking":false,"_monsterinsights_sitenote_active":false,"_monsterinsights_sitenote_note":"","_monsterinsights_sitenote_category":0},"product_brand":[],"product_cat":[12291,12711],"product_tag":[],"class_list":{"0":"post-752253","1":"product","2":"type-product","3":"status-publish","5":"product_cat-edebiyat","6":"product_cat-roman-oyku","7":"pa_cilt-ciltsiz","8":"pa_tur-kitap","9":"pa_yayinevi-delidolu","10":"pa_yazar-terry-pratchett","12":"first","13":"instock","14":"sale","15":"shipping-taxable","16":"purchasable","17":"product-type-simple"},"_links":{"self":[{"href":"https:\/\/roveyayinevi.com.tr\/index.php\/wp-json\/wp\/v2\/product\/752253","targetHints":{"allow":["GET"]}}],"collection":[{"href":"https:\/\/roveyayinevi.com.tr\/index.php\/wp-json\/wp\/v2\/product"}],"about":[{"href":"https:\/\/roveyayinevi.com.tr\/index.php\/wp-json\/wp\/v2\/types\/product"}],"wp:attachment":[{"href":"https:\/\/roveyayinevi.com.tr\/index.php\/wp-json\/wp\/v2\/media?parent=752253"}],"wp:term":[{"taxonomy":"product_brand","embeddable":true,"href":"https:\/\/roveyayinevi.com.tr\/index.php\/wp-json\/wp\/v2\/product_brand?post=752253"},{"taxonomy":"product_cat","embeddable":true,"href":"https:\/\/roveyayinevi.com.tr\/index.php\/wp-json\/wp\/v2\/product_cat?post=752253"},{"taxonomy":"product_tag","embeddable":true,"href":"https:\/\/roveyayinevi.com.tr\/index.php\/wp-json\/wp\/v2\/product_tag?post=752253"}],"curies":[{"name":"wp","href":"https:\/\/api.w.org\/{rel}","templated":true}]}}