{"id":752252,"date":"2025-08-28T05:11:29","date_gmt":"2025-08-28T02:11:29","guid":{"rendered":"https:\/\/roveyayinevi.com.tr\/index.php\/urun\/babamin-defteri-2-filozoflarla-zamandisi-soylesiler\/"},"modified":"2026-04-16T03:05:36","modified_gmt":"2026-04-16T00:05:36","slug":"babamin-defteri-2-filozoflarla-zamandisi-soylesiler","status":"publish","type":"product","link":"https:\/\/roveyayinevi.com.tr\/index.php\/urun\/babamin-defteri-2-filozoflarla-zamandisi-soylesiler\/","title":{"rendered":"Babam\u0131n Defteri 2-Filozoflarla Zamand\u0131\u015f\u0131 S\u00f6yle\u015filer"},"content":{"rendered":"<p>gen\u00e7ler i\u00e7in felsefe tarihi 2 \u201cYazar, bu b\u00fcy\u00fck d\u00fc\u015f\u00fcn\u00fcrleri yeniden iyi bir \u015fekilde tasarlanm\u0131\u015f, rahat ama ciddi bir ortam i\u00e7inde kar\u015f\u0131l\u0131yor, onlara felsefelerinin \u00f6nemli noktalar\u0131na dair herkes\u00e7e anla\u015f\u0131labilir, basit, a\u00e7\u0131k ama can al\u0131c\u0131 sorular soruyor. Bu sorular aras\u0131nda ya\u015fad\u0131klar\u0131 d\u00f6nemde onlara sorulmayan ama zaman i\u00e7inde bizim akl\u0131m\u0131za gelen, sorulmas\u0131 m\u00fcmk\u00fcn ve anlaml\u0131 sorular da var.\u201d Prof. Dr. Ahmet Arslan   \u201c\u00dcniversite hocalar\u0131 olarak bizler bazen \u2013belki muhafazak\u00e2r bir tutumla\u2013 \u00f6nemli isimleri kendi metinlerinden okumak gerekti\u011fini vurgular dururuz. Bu tabii ki tart\u0131\u015f\u0131labilir, herkes i\u00e7in gerekli veya m\u00fcmk\u00fcn g\u00f6r\u00fclmeyebilir. Ama elinizdeki kitab\u0131n \u00fcslup a\u00e7\u0131s\u0131ndan  bir filozofu kendi metninden okumaya \u00e7ok yak\u0131n oldu\u011funu s\u00f6yleyebilirim.\u201d Prof. Dr. Bekir Zakir \u00c7oban <\/p>\n","protected":false},"excerpt":{"rendered":"<p>gen\u00e7ler i\u00e7in felsefe tarihi 2 \u201cYazar, bu b\u00fcy\u00fck d\u00fc\u015f\u00fcn\u00fcrleri yeniden iyi bir \u015fekilde tasarlanm\u0131\u015f, rahat ama ciddi bir ortam i\u00e7inde kar\u015f\u0131l\u0131yor, onlara felsefelerinin \u00f6nemli noktalar\u0131na dair<span class=\"excerpt-hellip\"> [\u2026]<\/span><\/p>\n","protected":false},"featured_media":0,"template":"","meta":{"_monsterinsights_skip_tracking":false,"_monsterinsights_sitenote_active":false,"_monsterinsights_sitenote_note":"","_monsterinsights_sitenote_category":0},"product_brand":[],"product_cat":[12388,14717],"product_tag":[],"class_list":{"0":"post-752252","1":"product","2":"type-product","3":"status-publish","5":"product_cat-felsefe","6":"product_cat-felsefe-tarihi","7":"pa_cilt-ciltsiz","8":"pa_tur-kitap","9":"pa_yayinevi-dinozor-cocuk","10":"pa_yazar-yilmaz-murat-bilican","12":"first","13":"instock","14":"sale","15":"shipping-taxable","16":"purchasable","17":"product-type-simple"},"_links":{"self":[{"href":"https:\/\/roveyayinevi.com.tr\/index.php\/wp-json\/wp\/v2\/product\/752252","targetHints":{"allow":["GET"]}}],"collection":[{"href":"https:\/\/roveyayinevi.com.tr\/index.php\/wp-json\/wp\/v2\/product"}],"about":[{"href":"https:\/\/roveyayinevi.com.tr\/index.php\/wp-json\/wp\/v2\/types\/product"}],"wp:attachment":[{"href":"https:\/\/roveyayinevi.com.tr\/index.php\/wp-json\/wp\/v2\/media?parent=752252"}],"wp:term":[{"taxonomy":"product_brand","embeddable":true,"href":"https:\/\/roveyayinevi.com.tr\/index.php\/wp-json\/wp\/v2\/product_brand?post=752252"},{"taxonomy":"product_cat","embeddable":true,"href":"https:\/\/roveyayinevi.com.tr\/index.php\/wp-json\/wp\/v2\/product_cat?post=752252"},{"taxonomy":"product_tag","embeddable":true,"href":"https:\/\/roveyayinevi.com.tr\/index.php\/wp-json\/wp\/v2\/product_tag?post=752252"}],"curies":[{"name":"wp","href":"https:\/\/api.w.org\/{rel}","templated":true}]}}