{"id":752251,"date":"2025-08-28T05:11:28","date_gmt":"2025-08-28T02:11:28","guid":{"rendered":"https:\/\/roveyayinevi.com.tr\/index.php\/urun\/findus-tasiniyor\/"},"modified":"2026-04-16T03:05:36","modified_gmt":"2026-04-16T00:05:36","slug":"findus-tasiniyor","status":"publish","type":"product","link":"https:\/\/roveyayinevi.com.tr\/index.php\/urun\/findus-tasiniyor\/","title":{"rendered":"Findus Ta\u015f\u0131n\u0131yor"},"content":{"rendered":"<p>Findus sabahlar\u0131 saat d\u00f6rtte uyan\u0131p yatakta hoplayarak Pettson\u2019u uykusundan ediyormu\u015f. Pettson buna daha fazla dayanamam\u0131\u015f. \u201cYa yatakta hoplama huyundan vazge\u00e7 ya da yata\u011f\u0131n\u0131 ba\u015fka yere ta\u015f\u0131\u201d demi\u015f. Findus bu fikri sevmi\u015f. Ta\u015f\u0131nacak ve yata\u011f\u0131nda istedi\u011fi kadar hoplayacakm\u0131\u015f. Ama yaln\u0131z ya\u015famak zevkli bir \u015fey miydi? \u00dcstelik tilki hesaba kat\u0131l\u0131rsa tehlikeli de\u011fil miydi? Sven Nordqvist, Pettson ve Findus serisinde, sorunlar\u0131n \u00e7\u00f6z\u00fcme kavu\u015ftu\u011fu g\u00fcvenli bir d\u00fcnya kuruyor. Nordqvist\u2019e g\u00f6re b\u00f6yle bir d\u00fcnya, g\u00fcn\u00fcm\u00fcz \u00e7ocuklar\u0131na ihtiya\u00e7 duydu\u011fu g\u00fcveni sa\u011fl\u0131yor. \u201cD\u00fcnya makul olmal\u0131d\u0131r. Asl\u0131nda, \u015fahsen benim arzu etti\u011fim bu.\u201d <\/p>\n","protected":false},"excerpt":{"rendered":"<p>Findus sabahlar\u0131 saat d\u00f6rtte uyan\u0131p yatakta hoplayarak Pettson\u2019u uykusundan ediyormu\u015f. Pettson buna daha fazla dayanamam\u0131\u015f. \u201cYa yatakta hoplama huyundan vazge\u00e7 ya da yata\u011f\u0131n\u0131 ba\u015fka yere ta\u015f\u0131\u201d<span class=\"excerpt-hellip\"> [\u2026]<\/span><\/p>\n","protected":false},"featured_media":0,"template":"","meta":{"_monsterinsights_skip_tracking":false,"_monsterinsights_sitenote_active":false,"_monsterinsights_sitenote_note":"","_monsterinsights_sitenote_category":0},"product_brand":[],"product_cat":[12274,12284],"product_tag":[],"class_list":{"0":"post-752251","1":"product","2":"type-product","3":"status-publish","5":"product_cat-cocuk-ve-genclik-kitaplari","6":"product_cat-hikayeler","7":"pa_cilt-ciltsiz","8":"pa_tur-kitap","9":"pa_yayinevi-dinozor-cocuk","10":"pa_yazar-sven-nordqvist","12":"first","13":"instock","14":"sale","15":"shipping-taxable","16":"purchasable","17":"product-type-simple"},"_links":{"self":[{"href":"https:\/\/roveyayinevi.com.tr\/index.php\/wp-json\/wp\/v2\/product\/752251","targetHints":{"allow":["GET"]}}],"collection":[{"href":"https:\/\/roveyayinevi.com.tr\/index.php\/wp-json\/wp\/v2\/product"}],"about":[{"href":"https:\/\/roveyayinevi.com.tr\/index.php\/wp-json\/wp\/v2\/types\/product"}],"wp:attachment":[{"href":"https:\/\/roveyayinevi.com.tr\/index.php\/wp-json\/wp\/v2\/media?parent=752251"}],"wp:term":[{"taxonomy":"product_brand","embeddable":true,"href":"https:\/\/roveyayinevi.com.tr\/index.php\/wp-json\/wp\/v2\/product_brand?post=752251"},{"taxonomy":"product_cat","embeddable":true,"href":"https:\/\/roveyayinevi.com.tr\/index.php\/wp-json\/wp\/v2\/product_cat?post=752251"},{"taxonomy":"product_tag","embeddable":true,"href":"https:\/\/roveyayinevi.com.tr\/index.php\/wp-json\/wp\/v2\/product_tag?post=752251"}],"curies":[{"name":"wp","href":"https:\/\/api.w.org\/{rel}","templated":true}]}}