{"id":752248,"date":"2025-08-28T05:11:23","date_gmt":"2025-08-28T02:11:23","guid":{"rendered":"https:\/\/roveyayinevi.com.tr\/index.php\/urun\/doktor-oxun-deneyi-3\/"},"modified":"2026-04-16T03:05:36","modified_gmt":"2026-04-16T00:05:36","slug":"doktor-oxun-deneyi-3","status":"publish","type":"product","link":"https:\/\/roveyayinevi.com.tr\/index.php\/urun\/doktor-oxun-deneyi-3\/","title":{"rendered":"Doktor Ox\u2019un Deneyi"},"content":{"rendered":"<p>Sakin halk\u0131, monoton ve yava\u015f ya\u015fam\u0131yla tan\u0131nan Quiquendone kenti, y\u00fczy\u0131llard\u0131r tek bir kavgan\u0131n olmad\u0131\u011f\u0131, kimsenin kimseyle anla\u015fmazl\u0131k ya\u015famad\u0131\u011f\u0131, insanlar\u0131n duygudurumlar\u0131n\u0131n bile de\u011fi\u015fkenlik g\u00f6stermedi\u011fi, kentin kamu g\u00f6revlilerinin hayatlar\u0131 boyunca inisiyatif kullanmadan, hi\u00e7bir \u00f6nemli karar almadan g\u00f6revlerini y\u00fcr\u00fctt\u00fc\u011f\u00fc bir yerdir. Ne var ki bu dura\u011fan hayat, Doktor Ox\u2019un kente geli\u015fiyle birlikte de\u011fi\u015fmeye ba\u015flar.  Kendi seyrinde sessiz sakin devam eden hayat birden bamba\u015fka bir d\u00fczene girer. Bu durumun sebebini ise Doktor Ox ve asistan\u0131ndan ba\u015fka bilen hi\u00e7 kimse yoktur. Jules Verne\u2019in e\u011flenceli ve esprili bir dille kaleme ald\u0131\u011f\u0131, Doktor Ox\u2019un Deneyi\u2019ni okurken g\u00fclmekten kendinizi alamayacaks\u0131n\u0131z.   <\/p>\n","protected":false},"excerpt":{"rendered":"<p>Sakin halk\u0131, monoton ve yava\u015f ya\u015fam\u0131yla tan\u0131nan Quiquendone kenti, y\u00fczy\u0131llard\u0131r tek bir kavgan\u0131n olmad\u0131\u011f\u0131, kimsenin kimseyle anla\u015fmazl\u0131k ya\u015famad\u0131\u011f\u0131, insanlar\u0131n duygudurumlar\u0131n\u0131n bile de\u011fi\u015fkenlik g\u00f6stermedi\u011fi, kentin kamu g\u00f6revlilerinin<span class=\"excerpt-hellip\"> [\u2026]<\/span><\/p>\n","protected":false},"featured_media":0,"template":"","meta":{"_monsterinsights_skip_tracking":false,"_monsterinsights_sitenote_active":false,"_monsterinsights_sitenote_note":"","_monsterinsights_sitenote_category":0},"product_brand":[],"product_cat":[12274],"product_tag":[],"class_list":{"0":"post-752248","1":"product","2":"type-product","3":"status-publish","5":"product_cat-cocuk-ve-genclik-kitaplari","6":"pa_cilt-ciltsiz","7":"pa_tur-kitap","8":"pa_yayinevi-arkadas-yayinlari","9":"pa_yazar-jules-verne","11":"first","12":"instock","13":"sale","14":"shipping-taxable","15":"purchasable","16":"product-type-simple"},"_links":{"self":[{"href":"https:\/\/roveyayinevi.com.tr\/index.php\/wp-json\/wp\/v2\/product\/752248","targetHints":{"allow":["GET"]}}],"collection":[{"href":"https:\/\/roveyayinevi.com.tr\/index.php\/wp-json\/wp\/v2\/product"}],"about":[{"href":"https:\/\/roveyayinevi.com.tr\/index.php\/wp-json\/wp\/v2\/types\/product"}],"wp:attachment":[{"href":"https:\/\/roveyayinevi.com.tr\/index.php\/wp-json\/wp\/v2\/media?parent=752248"}],"wp:term":[{"taxonomy":"product_brand","embeddable":true,"href":"https:\/\/roveyayinevi.com.tr\/index.php\/wp-json\/wp\/v2\/product_brand?post=752248"},{"taxonomy":"product_cat","embeddable":true,"href":"https:\/\/roveyayinevi.com.tr\/index.php\/wp-json\/wp\/v2\/product_cat?post=752248"},{"taxonomy":"product_tag","embeddable":true,"href":"https:\/\/roveyayinevi.com.tr\/index.php\/wp-json\/wp\/v2\/product_tag?post=752248"}],"curies":[{"name":"wp","href":"https:\/\/api.w.org\/{rel}","templated":true}]}}