{"id":752246,"date":"2025-08-28T05:11:20","date_gmt":"2025-08-28T02:11:20","guid":{"rendered":"https:\/\/roveyayinevi.com.tr\/index.php\/urun\/kalbim-dustu-topraga\/"},"modified":"2026-04-16T03:05:36","modified_gmt":"2026-04-16T00:05:36","slug":"kalbim-dustu-topraga","status":"publish","type":"product","link":"https:\/\/roveyayinevi.com.tr\/index.php\/urun\/kalbim-dustu-topraga\/","title":{"rendered":"Kalbim D\u00fc\u015ft\u00fc Topra\u011fa"},"content":{"rendered":"<p>Siteminden sevgili soldu g\u00fcl\u00fcn \u00e7ehresi, Gayr\u0131 nas\u0131l g\u00fcleyim, h\u00fcz\u00fcn d\u00fc\u015ft\u00fc yapra\u011fa..! Y\u00e2r kahr\u0131ndan k\u0131r\u0131ld\u0131 y\u00fcre\u011fimin sahresi, B\u0131rak\u0131n da \u00f6leyim \u201ckalbim d\u00fc\u015ft\u00fc\u201d topra\u011fa..!   G\u00fcn\u2019d\u00fc, ay\u2019d\u0131, y\u0131l derken uzar gider aras\u0131, Her dakika kan\u0131yor y\u00fcre\u011fimin yaras\u0131, Yolum y\u00e2r\u2019dan ayr\u0131ld\u0131, kader att\u0131 \u0131ra\u011fa, B\u0131rak\u0131n da \u00f6leyim \u201ckalbim d\u00fc\u015ft\u00fc\u201d topra\u011fa..!   Kur\u015funa dizdi gece \u015faka\u011f\u0131mdan vuruyor, Bir damla ya\u015f kalmad\u0131 g\u00f6zp\u0131nar\u0131m kuruyor, H\u00fcz\u00fcn \u00e7\u00f6kt\u00fc \u00e7ehreme, g\u00f6nl\u00fcm kald\u0131 fira\u011fa, B\u0131rak\u0131n da \u00f6leyim \u201ckalbim d\u00fc\u015ft\u00fc\u201d topra\u011fa..!   Bir saat bin as\u0131rdan daha uzun geliyor, Sensizli\u011fin sanc\u0131s\u0131 \u015fu sinemi deliyor Meyve vermez ba\u011flar\u0131m, d\u00f6nd\u00fcm \u0131ss\u0131z \u00e7ora\u011fa, B\u0131rak\u0131n da \u00f6leyim \u201ckalbim d\u00fc\u015ft\u00fc\u201d topra\u011fa..! <\/p>\n","protected":false},"excerpt":{"rendered":"<p>Siteminden sevgili soldu g\u00fcl\u00fcn \u00e7ehresi, Gayr\u0131 nas\u0131l g\u00fcleyim, h\u00fcz\u00fcn d\u00fc\u015ft\u00fc yapra\u011fa..! Y\u00e2r kahr\u0131ndan k\u0131r\u0131ld\u0131 y\u00fcre\u011fimin sahresi, B\u0131rak\u0131n da \u00f6leyim \u201ckalbim d\u00fc\u015ft\u00fc\u201d topra\u011fa..! G\u00fcn\u2019d\u00fc, ay\u2019d\u0131, y\u0131l derken<span class=\"excerpt-hellip\"> [\u2026]<\/span><\/p>\n","protected":false},"featured_media":0,"template":"","meta":{"_monsterinsights_skip_tracking":false,"_monsterinsights_sitenote_active":false,"_monsterinsights_sitenote_note":"","_monsterinsights_sitenote_category":0},"product_brand":[],"product_cat":[12291,12509],"product_tag":[],"class_list":{"0":"post-752246","1":"product","2":"type-product","3":"status-publish","5":"product_cat-edebiyat","6":"product_cat-siir","7":"pa_cilt-ciltsiz","8":"pa_tur-kitap","9":"pa_yayinevi-gulnar-yayinlari","10":"pa_yazar-seyyal-tanir","12":"first","13":"instock","14":"sale","15":"shipping-taxable","16":"purchasable","17":"product-type-simple"},"_links":{"self":[{"href":"https:\/\/roveyayinevi.com.tr\/index.php\/wp-json\/wp\/v2\/product\/752246","targetHints":{"allow":["GET"]}}],"collection":[{"href":"https:\/\/roveyayinevi.com.tr\/index.php\/wp-json\/wp\/v2\/product"}],"about":[{"href":"https:\/\/roveyayinevi.com.tr\/index.php\/wp-json\/wp\/v2\/types\/product"}],"wp:attachment":[{"href":"https:\/\/roveyayinevi.com.tr\/index.php\/wp-json\/wp\/v2\/media?parent=752246"}],"wp:term":[{"taxonomy":"product_brand","embeddable":true,"href":"https:\/\/roveyayinevi.com.tr\/index.php\/wp-json\/wp\/v2\/product_brand?post=752246"},{"taxonomy":"product_cat","embeddable":true,"href":"https:\/\/roveyayinevi.com.tr\/index.php\/wp-json\/wp\/v2\/product_cat?post=752246"},{"taxonomy":"product_tag","embeddable":true,"href":"https:\/\/roveyayinevi.com.tr\/index.php\/wp-json\/wp\/v2\/product_tag?post=752246"}],"curies":[{"name":"wp","href":"https:\/\/api.w.org\/{rel}","templated":true}]}}