{"id":752243,"date":"2025-08-28T05:11:16","date_gmt":"2025-08-28T02:11:16","guid":{"rendered":"https:\/\/roveyayinevi.com.tr\/index.php\/urun\/vefa-3\/"},"modified":"2026-04-16T03:05:36","modified_gmt":"2026-04-16T00:05:36","slug":"vefa-3","status":"publish","type":"product","link":"https:\/\/roveyayinevi.com.tr\/index.php\/urun\/vefa-3\/","title":{"rendered":"Vefa"},"content":{"rendered":"<p>Ya babas\u0131na verdi\u011fi s\u00f6z\u00fc tutacakt\u0131. Ya da yolun ba\u015f\u0131nda pes edip hayat\u0131na teslim olacakt\u0131. Onur pes etmeyi se\u00e7ti. Ta ki Serkan\u2019la kar\u015f\u0131la\u015fana kadar\u2026 Karakterleri z\u0131t iki insan\u0131n, yollar\u0131n\u0131n tesad\u00fcfen kesi\u015fmesi sonucu Onur\u2019un ortaya \u00e7\u0131kan h\u00fcz\u00fcnl\u00fc hayat\u0131na ve Serkan ile birlikte yol al\u0131rken g\u00f6sterdi\u011fi geli\u015fime \u015fahit olaca\u011f\u0131n\u0131z mizahi bir ba\u015far\u0131 \u00f6yk\u00fcs\u00fc. Gen\u00e7 bir y\u00fcre\u011fin da\u011f k\u00f6y\u00fcnden Ankara\u2019ya ta\u015f\u0131nan m\u00fccadelesi\u2026<\/p>\n","protected":false},"excerpt":{"rendered":"<p>Ya babas\u0131na verdi\u011fi s\u00f6z\u00fc tutacakt\u0131. Ya da yolun ba\u015f\u0131nda pes edip hayat\u0131na teslim olacakt\u0131. Onur pes etmeyi se\u00e7ti. Ta ki Serkan\u2019la kar\u015f\u0131la\u015fana kadar\u2026 Karakterleri z\u0131t iki<span class=\"excerpt-hellip\"> [\u2026]<\/span><\/p>\n","protected":false},"featured_media":0,"template":"","meta":{"_monsterinsights_skip_tracking":false,"_monsterinsights_sitenote_active":false,"_monsterinsights_sitenote_note":"","_monsterinsights_sitenote_category":0},"product_brand":[],"product_cat":[12364,12376],"product_tag":[],"class_list":{"0":"post-752243","1":"product","2":"type-product","3":"status-publish","5":"product_cat-genel-konular","6":"product_cat-kisisel-gelisim","7":"pa_cilt-ciltsiz","8":"pa_tur-kitap","9":"pa_yayinevi-kitap-muptelasi-yayinlari","10":"pa_yazar-serkan-unver","12":"first","13":"instock","14":"sale","15":"shipping-taxable","16":"purchasable","17":"product-type-simple"},"_links":{"self":[{"href":"https:\/\/roveyayinevi.com.tr\/index.php\/wp-json\/wp\/v2\/product\/752243","targetHints":{"allow":["GET"]}}],"collection":[{"href":"https:\/\/roveyayinevi.com.tr\/index.php\/wp-json\/wp\/v2\/product"}],"about":[{"href":"https:\/\/roveyayinevi.com.tr\/index.php\/wp-json\/wp\/v2\/types\/product"}],"wp:attachment":[{"href":"https:\/\/roveyayinevi.com.tr\/index.php\/wp-json\/wp\/v2\/media?parent=752243"}],"wp:term":[{"taxonomy":"product_brand","embeddable":true,"href":"https:\/\/roveyayinevi.com.tr\/index.php\/wp-json\/wp\/v2\/product_brand?post=752243"},{"taxonomy":"product_cat","embeddable":true,"href":"https:\/\/roveyayinevi.com.tr\/index.php\/wp-json\/wp\/v2\/product_cat?post=752243"},{"taxonomy":"product_tag","embeddable":true,"href":"https:\/\/roveyayinevi.com.tr\/index.php\/wp-json\/wp\/v2\/product_tag?post=752243"}],"curies":[{"name":"wp","href":"https:\/\/api.w.org\/{rel}","templated":true}]}}