{"id":752242,"date":"2025-08-28T05:11:14","date_gmt":"2025-08-28T02:11:14","guid":{"rendered":"https:\/\/roveyayinevi.com.tr\/index.php\/urun\/aphrodisias-gezelim-kesfedelim\/"},"modified":"2026-04-16T03:05:36","modified_gmt":"2026-04-16T00:05:36","slug":"aphrodisias-gezelim-kesfedelim","status":"publish","type":"product","link":"https:\/\/roveyayinevi.com.tr\/index.php\/urun\/aphrodisias-gezelim-kesfedelim\/","title":{"rendered":"Aphrodisias \u2013 Gezelim, Ke\u015ffedelim!"},"content":{"rendered":"<p>Biz haz\u0131r\u0131z! Sen de haz\u0131r m\u0131s\u0131n? \u015eapkan\u0131, g\u00fcne\u015f g\u00f6zl\u00fc\u011f\u00fcn\u00fc takt\u0131n de\u011fil mi? Suyun yan\u0131nda, foto\u011fraf makinen de var demek, harika! Hadi gezimize ba\u015flayal\u0131lm!   \u201cAphrodisias\u201d Ayd\u0131n\u2019da yer alan muhte\u015fem g\u00fczellikte bir antik kent. Hadi gelin, Efe ile \u0130rem\u2019i takip edelim ve birlikte binlerce y\u0131ll\u0131k ge\u00e7mi\u015fi olan bu harika k\u00fclt\u00fcrel miras\u0131 tan\u0131maya \u00e7al\u0131\u015fal\u0131m. \u2018Aphrodisias\u2019\u0131 ke\u015ffederken Roma ve Yunan mitolojisindeki merak uyand\u0131ran Tanr\u0131 ve Tanr\u0131\u00e7alar\u0131 tan\u0131yacak, antik \u00e7a\u011flarda \u201cAphrodisias\u201d halk\u0131n\u0131n nas\u0131l ya\u015fad\u0131\u011f\u0131n\u0131 ke\u015ffedeceksiniz. Bu kitab\u0131 okuduktan sonra yolunuz Ayd\u0131n\u2019a d\u00fc\u015ferse mutlaka \u201cAphrodisias\u201d Antik Kendi\u2019ni ziyaret etmenizi \u00f6neririz.   G\u00fclay Sert\u2019in yazd\u0131\u011f\u0131, Ay\u015f\u0131n Deliba\u015f Ero\u011flu\u2019nun resimleriyle e\u015flik etti\u011fi \u201cAphrodisias \u2013 Gezelim, Ke\u015ffedelim!\u201d arkeolojiye ilgi duyan herkes i\u00e7in harika bir g\u00f6rsel \u015f\u00f6len sunuyor. <\/p>\n","protected":false},"excerpt":{"rendered":"<p>Biz haz\u0131r\u0131z! Sen de haz\u0131r m\u0131s\u0131n? \u015eapkan\u0131, g\u00fcne\u015f g\u00f6zl\u00fc\u011f\u00fcn\u00fc takt\u0131n de\u011fil mi? Suyun yan\u0131nda, foto\u011fraf makinen de var demek, harika! Hadi gezimize ba\u015flayal\u0131lm! \u201cAphrodisias\u201d Ayd\u0131n\u2019da yer<span class=\"excerpt-hellip\"> [\u2026]<\/span><\/p>\n","protected":false},"featured_media":0,"template":"","meta":{"_monsterinsights_skip_tracking":false,"_monsterinsights_sitenote_active":false,"_monsterinsights_sitenote_note":"","_monsterinsights_sitenote_category":0},"product_brand":[],"product_cat":[12274,12284],"product_tag":[],"class_list":{"0":"post-752242","1":"product","2":"type-product","3":"status-publish","5":"product_cat-cocuk-ve-genclik-kitaplari","6":"product_cat-hikayeler","7":"pa_cilt-ciltsiz","8":"pa_tur-kitap","9":"pa_yayinevi-yapi-kredi-yayinlari","10":"pa_yazar-gulay-sert","12":"first","13":"instock","14":"sale","15":"shipping-taxable","16":"purchasable","17":"product-type-simple"},"_links":{"self":[{"href":"https:\/\/roveyayinevi.com.tr\/index.php\/wp-json\/wp\/v2\/product\/752242","targetHints":{"allow":["GET"]}}],"collection":[{"href":"https:\/\/roveyayinevi.com.tr\/index.php\/wp-json\/wp\/v2\/product"}],"about":[{"href":"https:\/\/roveyayinevi.com.tr\/index.php\/wp-json\/wp\/v2\/types\/product"}],"wp:attachment":[{"href":"https:\/\/roveyayinevi.com.tr\/index.php\/wp-json\/wp\/v2\/media?parent=752242"}],"wp:term":[{"taxonomy":"product_brand","embeddable":true,"href":"https:\/\/roveyayinevi.com.tr\/index.php\/wp-json\/wp\/v2\/product_brand?post=752242"},{"taxonomy":"product_cat","embeddable":true,"href":"https:\/\/roveyayinevi.com.tr\/index.php\/wp-json\/wp\/v2\/product_cat?post=752242"},{"taxonomy":"product_tag","embeddable":true,"href":"https:\/\/roveyayinevi.com.tr\/index.php\/wp-json\/wp\/v2\/product_tag?post=752242"}],"curies":[{"name":"wp","href":"https:\/\/api.w.org\/{rel}","templated":true}]}}