{"id":752240,"date":"2025-08-28T05:11:11","date_gmt":"2025-08-28T02:11:11","guid":{"rendered":"https:\/\/roveyayinevi.com.tr\/index.php\/urun\/evden-kacan-on-corap-tekinin-sasirtici-maceralari-4-sol-6-sag\/"},"modified":"2026-04-16T03:05:36","modified_gmt":"2026-04-16T00:05:36","slug":"evden-kacan-on-corap-tekinin-sasirtici-maceralari-4-sol-6-sag","status":"publish","type":"product","link":"https:\/\/roveyayinevi.com.tr\/index.php\/urun\/evden-kacan-on-corap-tekinin-sasirtici-maceralari-4-sol-6-sag\/","title":{"rendered":"Evden Ka\u00e7an On \u00c7orap Tekinin \u015ea\u015f\u0131rt\u0131c\u0131 Maceralar\u0131 (4 Sol, 6 Sa\u011f)"},"content":{"rendered":"<p>\u00c7oraplar\u0131m\u0131z nereye kayboluyor? \u00c7ama\u015f\u0131r makinesinden neden \u00e7orap tekleri \u00e7\u0131km\u0131yor? Peki kirli sepetinde uzun s\u00fcre kalan \u00e7oraplar nereye gidiyor?   Bu sorular\u0131n yan\u0131t\u0131n\u0131 merak ediyorsan\u0131z, on \u00e7orap tekinin maceralar\u0131n\u0131 \u00e7ok seveceksiniz. Justyna Bednarek\u2019in s\u0131n\u0131r tan\u0131mayan hayal g\u00fcc\u00fcnden kay\u0131p \u00e7orap teklerinin merak uyand\u0131ran d\u00fcnyas\u0131na dair harika bir hik\u00e2ye\u2026 <\/p>\n","protected":false},"excerpt":{"rendered":"<p>\u00c7oraplar\u0131m\u0131z nereye kayboluyor? \u00c7ama\u015f\u0131r makinesinden neden \u00e7orap tekleri \u00e7\u0131km\u0131yor? Peki kirli sepetinde uzun s\u00fcre kalan \u00e7oraplar nereye gidiyor? Bu sorular\u0131n yan\u0131t\u0131n\u0131 merak ediyorsan\u0131z, on \u00e7orap tekinin<span class=\"excerpt-hellip\"> [\u2026]<\/span><\/p>\n","protected":false},"featured_media":0,"template":"","meta":{"_monsterinsights_skip_tracking":false,"_monsterinsights_sitenote_active":false,"_monsterinsights_sitenote_note":"","_monsterinsights_sitenote_category":0},"product_brand":[],"product_cat":[12275,12274],"product_tag":[],"class_list":{"0":"post-752240","1":"product","2":"type-product","3":"status-publish","5":"product_cat-6-12-yas-kitaplari","6":"product_cat-cocuk-ve-genclik-kitaplari","7":"pa_cilt-ciltsiz","8":"pa_tur-kitap","9":"pa_yayinevi-yapi-kredi-yayinlari","10":"pa_yazar-justyna-bednarek","12":"first","13":"instock","14":"sale","15":"shipping-taxable","16":"purchasable","17":"product-type-simple"},"_links":{"self":[{"href":"https:\/\/roveyayinevi.com.tr\/index.php\/wp-json\/wp\/v2\/product\/752240","targetHints":{"allow":["GET"]}}],"collection":[{"href":"https:\/\/roveyayinevi.com.tr\/index.php\/wp-json\/wp\/v2\/product"}],"about":[{"href":"https:\/\/roveyayinevi.com.tr\/index.php\/wp-json\/wp\/v2\/types\/product"}],"wp:attachment":[{"href":"https:\/\/roveyayinevi.com.tr\/index.php\/wp-json\/wp\/v2\/media?parent=752240"}],"wp:term":[{"taxonomy":"product_brand","embeddable":true,"href":"https:\/\/roveyayinevi.com.tr\/index.php\/wp-json\/wp\/v2\/product_brand?post=752240"},{"taxonomy":"product_cat","embeddable":true,"href":"https:\/\/roveyayinevi.com.tr\/index.php\/wp-json\/wp\/v2\/product_cat?post=752240"},{"taxonomy":"product_tag","embeddable":true,"href":"https:\/\/roveyayinevi.com.tr\/index.php\/wp-json\/wp\/v2\/product_tag?post=752240"}],"curies":[{"name":"wp","href":"https:\/\/api.w.org\/{rel}","templated":true}]}}