{"id":752239,"date":"2025-08-28T05:11:10","date_gmt":"2025-08-28T02:11:10","guid":{"rendered":"https:\/\/roveyayinevi.com.tr\/index.php\/urun\/sakin-unutma\/"},"modified":"2026-04-16T03:05:36","modified_gmt":"2026-04-16T00:05:36","slug":"sakin-unutma","status":"publish","type":"product","link":"https:\/\/roveyayinevi.com.tr\/index.php\/urun\/sakin-unutma\/","title":{"rendered":"Sak\u0131n Unutma"},"content":{"rendered":"<p>Yata\u011f\u0131n\u0131 d\u00fczeltmeyi sak\u0131n unutma, s\u0131cac\u0131k tutan \u00e7oraplar giymeyi de. G\u00fcl\u00fcmsemeyi de sak\u0131n unutma, yard\u0131m isteyenlere el uzatmay\u0131 da. Jane Godwin ve Anna Walker\u2019dan, ya\u015fam\u0131m\u0131zdaki en \u00f6nemli, en mutluluk verici \u015feyleri hat\u0131rlatan bir kitap&#8230; <\/p>\n","protected":false},"excerpt":{"rendered":"<p>Yata\u011f\u0131n\u0131 d\u00fczeltmeyi sak\u0131n unutma, s\u0131cac\u0131k tutan \u00e7oraplar giymeyi de. G\u00fcl\u00fcmsemeyi de sak\u0131n unutma, yard\u0131m isteyenlere el uzatmay\u0131 da. Jane Godwin ve Anna Walker\u2019dan, ya\u015fam\u0131m\u0131zdaki en \u00f6nemli,<span class=\"excerpt-hellip\"> [\u2026]<\/span><\/p>\n","protected":false},"featured_media":0,"template":"","meta":{"_monsterinsights_skip_tracking":false,"_monsterinsights_sitenote_active":false,"_monsterinsights_sitenote_note":"","_monsterinsights_sitenote_category":0},"product_brand":[],"product_cat":[12274,12518],"product_tag":[],"class_list":{"0":"post-752239","1":"product","2":"type-product","3":"status-publish","5":"product_cat-cocuk-ve-genclik-kitaplari","6":"product_cat-okul-oncesi-kitaplar","7":"pa_cilt-ciltsiz","8":"pa_tur-kitap","9":"pa_yayinevi-is-bankasi-kultur-yayinlari","10":"pa_yazar-jane-godwin","12":"first","13":"instock","14":"sale","15":"shipping-taxable","16":"purchasable","17":"product-type-simple"},"_links":{"self":[{"href":"https:\/\/roveyayinevi.com.tr\/index.php\/wp-json\/wp\/v2\/product\/752239","targetHints":{"allow":["GET"]}}],"collection":[{"href":"https:\/\/roveyayinevi.com.tr\/index.php\/wp-json\/wp\/v2\/product"}],"about":[{"href":"https:\/\/roveyayinevi.com.tr\/index.php\/wp-json\/wp\/v2\/types\/product"}],"wp:attachment":[{"href":"https:\/\/roveyayinevi.com.tr\/index.php\/wp-json\/wp\/v2\/media?parent=752239"}],"wp:term":[{"taxonomy":"product_brand","embeddable":true,"href":"https:\/\/roveyayinevi.com.tr\/index.php\/wp-json\/wp\/v2\/product_brand?post=752239"},{"taxonomy":"product_cat","embeddable":true,"href":"https:\/\/roveyayinevi.com.tr\/index.php\/wp-json\/wp\/v2\/product_cat?post=752239"},{"taxonomy":"product_tag","embeddable":true,"href":"https:\/\/roveyayinevi.com.tr\/index.php\/wp-json\/wp\/v2\/product_tag?post=752239"}],"curies":[{"name":"wp","href":"https:\/\/api.w.org\/{rel}","templated":true}]}}