{"id":752238,"date":"2025-08-28T05:11:08","date_gmt":"2025-08-28T02:11:08","guid":{"rendered":"https:\/\/roveyayinevi.com.tr\/index.php\/urun\/ailenizin-timsahi-timo\/"},"modified":"2026-04-16T03:05:36","modified_gmt":"2026-04-16T00:05:36","slug":"ailenizin-timsahi-timo","status":"publish","type":"product","link":"https:\/\/roveyayinevi.com.tr\/index.php\/urun\/ailenizin-timsahi-timo\/","title":{"rendered":"Ailenizin Timsah\u0131 Timo"},"content":{"rendered":"<p>Bir ku\u015f ailesi, yolda bir yumurtaya rastlad\u0131 ve onu yuvalar\u0131na g\u00f6t\u00fcrd\u00fc. Yumurtadan bir timsah \u00e7\u0131kt\u0131. Ku\u015f ailesi bu s\u00fcrprize \u00e7ok sevindi. Ama di\u011fer hayvanlar merak i\u00e7indeydi: Ku\u015flar neden bu timsah yavrusuyla ya\u015famaya devam ediyordu? Elinden her i\u015f geldi\u011fi i\u00e7in mi? \u00c7ok zarif oldu\u011fu i\u00e7in mi? Yard\u0131mseverli\u011fi nedeniyle mi? Timo ger\u00e7ekten hem becerikli hem zarif hem yard\u0131msever biri. Ama ku\u015flar\u0131n Timo\u2019dan vazge\u00e7memelerinin bamba\u015fka bir nedeni var\u2026 Aile olman\u0131n g\u00fczelli\u011fine dair e\u011flenceli bir hik\u00e2ye. <\/p>\n","protected":false},"excerpt":{"rendered":"<p>Bir ku\u015f ailesi, yolda bir yumurtaya rastlad\u0131 ve onu yuvalar\u0131na g\u00f6t\u00fcrd\u00fc. Yumurtadan bir timsah \u00e7\u0131kt\u0131. Ku\u015f ailesi bu s\u00fcrprize \u00e7ok sevindi. Ama di\u011fer hayvanlar merak i\u00e7indeydi:<span class=\"excerpt-hellip\"> [\u2026]<\/span><\/p>\n","protected":false},"featured_media":0,"template":"","meta":{"_monsterinsights_skip_tracking":false,"_monsterinsights_sitenote_active":false,"_monsterinsights_sitenote_note":"","_monsterinsights_sitenote_category":0},"product_brand":[],"product_cat":[12274,12518],"product_tag":[],"class_list":{"0":"post-752238","1":"product","2":"type-product","3":"status-publish","5":"product_cat-cocuk-ve-genclik-kitaplari","6":"product_cat-okul-oncesi-kitaplar","7":"pa_cilt-ciltsiz","8":"pa_tur-kitap","9":"pa_yayinevi-is-bankasi-kultur-yayinlari","10":"pa_yazar-kitty-black","12":"first","13":"instock","14":"sale","15":"shipping-taxable","16":"purchasable","17":"product-type-simple"},"_links":{"self":[{"href":"https:\/\/roveyayinevi.com.tr\/index.php\/wp-json\/wp\/v2\/product\/752238","targetHints":{"allow":["GET"]}}],"collection":[{"href":"https:\/\/roveyayinevi.com.tr\/index.php\/wp-json\/wp\/v2\/product"}],"about":[{"href":"https:\/\/roveyayinevi.com.tr\/index.php\/wp-json\/wp\/v2\/types\/product"}],"wp:attachment":[{"href":"https:\/\/roveyayinevi.com.tr\/index.php\/wp-json\/wp\/v2\/media?parent=752238"}],"wp:term":[{"taxonomy":"product_brand","embeddable":true,"href":"https:\/\/roveyayinevi.com.tr\/index.php\/wp-json\/wp\/v2\/product_brand?post=752238"},{"taxonomy":"product_cat","embeddable":true,"href":"https:\/\/roveyayinevi.com.tr\/index.php\/wp-json\/wp\/v2\/product_cat?post=752238"},{"taxonomy":"product_tag","embeddable":true,"href":"https:\/\/roveyayinevi.com.tr\/index.php\/wp-json\/wp\/v2\/product_tag?post=752238"}],"curies":[{"name":"wp","href":"https:\/\/api.w.org\/{rel}","templated":true}]}}