{"id":752237,"date":"2025-08-28T05:11:07","date_gmt":"2025-08-28T02:11:07","guid":{"rendered":"https:\/\/roveyayinevi.com.tr\/index.php\/urun\/uzay-yolculugu-ve-ayi-saldirisindan-kurtulma-taktigi\/"},"modified":"2026-04-16T03:05:36","modified_gmt":"2026-04-16T00:05:36","slug":"uzay-yolculugu-ve-ayi-saldirisindan-kurtulma-taktigi","status":"publish","type":"product","link":"https:\/\/roveyayinevi.com.tr\/index.php\/urun\/uzay-yolculugu-ve-ayi-saldirisindan-kurtulma-taktigi\/","title":{"rendered":"Uzay Yolculu\u011fu ve Ay\u0131 Sald\u0131r\u0131s\u0131ndan Kurtulma Takti\u011fi"},"content":{"rendered":"<p>\u201c\u00c7ok De\u011ferli Uzay \u015eeyleri\u201d kutusu olan bir arkada\u015f\u0131n\u0131z olmas\u0131n\u0131 istemez miydiniz? Tamam, var art\u0131k. Heyecanl\u0131, hayalperest, \u015fakac\u0131, e\u011flenceli ve uzay merakl\u0131s\u0131, tatl\u0131 m\u0131 tatl\u0131 Ada ad\u0131nda bir arkada\u015f\u0131n\u0131z var.Hazel Bilgen\u2019in yazd\u0131\u011f\u0131, Eren Caner Polat\u2019\u0131n resimleriyle e\u015flik etti\u011fi \u2018Uzay Yolculu\u011fu ve Ay\u0131 Sald\u0131r\u0131s\u0131ndan Kurtulma Takti\u011fi\u2019ni okurken kitap hi\u00e7 bitmesin, Ada\u2019dan hi\u00e7 ayr\u0131lmayay\u0131m isteyeceksiniz.Sonraki birka\u00e7 ay boyunca b\u00fct\u00fcn bo\u015f vaktimi uzay meki\u011fim \u00fczerinde \u00e7al\u0131\u015farak ge\u00e7irdim. Kahvalt\u0131m\u0131 tam on dakikada tamaml\u0131yor, du\u015fumu d\u00f6rt dakikada al\u0131yor (normalde on iki dakika), ak\u015fam yeme\u011fimi yedi dakikada bitiriyor (normaldeon yedi dakika) ve Astro\u2019yu alt\u0131 dakikal\u0131k h\u0131zl\u0131 y\u00fcr\u00fcy\u00fc\u015flere (normalde yirmi otuz dakika) \u00e7\u0131kar\u0131yordum. Annemle babam s\u00fcrekli, \u201cYava\u015f, acele etme, \u00e7abuk \u00e7abuk yeme, nereye b\u00f6yle?\u201d deyip duruyorlard\u0131.<\/p>\n","protected":false},"excerpt":{"rendered":"<p>\u201c\u00c7ok De\u011ferli Uzay \u015eeyleri\u201d kutusu olan bir arkada\u015f\u0131n\u0131z olmas\u0131n\u0131 istemez miydiniz? Tamam, var art\u0131k. Heyecanl\u0131, hayalperest, \u015fakac\u0131, e\u011flenceli ve uzay merakl\u0131s\u0131, tatl\u0131 m\u0131 tatl\u0131 Ada ad\u0131nda<span class=\"excerpt-hellip\"> [\u2026]<\/span><\/p>\n","protected":false},"featured_media":0,"template":"","meta":{"_monsterinsights_skip_tracking":false,"_monsterinsights_sitenote_active":false,"_monsterinsights_sitenote_note":"","_monsterinsights_sitenote_category":0},"product_brand":[],"product_cat":[12275,12274],"product_tag":[],"class_list":{"0":"post-752237","1":"product","2":"type-product","3":"status-publish","5":"product_cat-6-12-yas-kitaplari","6":"product_cat-cocuk-ve-genclik-kitaplari","7":"pa_cilt-ciltsiz","8":"pa_tur-kitap","9":"pa_yayinevi-yapi-kredi-yayinlari","10":"pa_yazar-hazel-bilgen","12":"first","13":"instock","14":"sale","15":"shipping-taxable","16":"purchasable","17":"product-type-simple"},"_links":{"self":[{"href":"https:\/\/roveyayinevi.com.tr\/index.php\/wp-json\/wp\/v2\/product\/752237","targetHints":{"allow":["GET"]}}],"collection":[{"href":"https:\/\/roveyayinevi.com.tr\/index.php\/wp-json\/wp\/v2\/product"}],"about":[{"href":"https:\/\/roveyayinevi.com.tr\/index.php\/wp-json\/wp\/v2\/types\/product"}],"wp:attachment":[{"href":"https:\/\/roveyayinevi.com.tr\/index.php\/wp-json\/wp\/v2\/media?parent=752237"}],"wp:term":[{"taxonomy":"product_brand","embeddable":true,"href":"https:\/\/roveyayinevi.com.tr\/index.php\/wp-json\/wp\/v2\/product_brand?post=752237"},{"taxonomy":"product_cat","embeddable":true,"href":"https:\/\/roveyayinevi.com.tr\/index.php\/wp-json\/wp\/v2\/product_cat?post=752237"},{"taxonomy":"product_tag","embeddable":true,"href":"https:\/\/roveyayinevi.com.tr\/index.php\/wp-json\/wp\/v2\/product_tag?post=752237"}],"curies":[{"name":"wp","href":"https:\/\/api.w.org\/{rel}","templated":true}]}}