{"id":752235,"date":"2025-08-28T05:11:04","date_gmt":"2025-08-28T02:11:04","guid":{"rendered":"https:\/\/roveyayinevi.com.tr\/index.php\/urun\/guvercinlerle-matematik\/"},"modified":"2026-04-16T03:05:35","modified_gmt":"2026-04-16T00:05:35","slug":"guvercinlerle-matematik","status":"publish","type":"product","link":"https:\/\/roveyayinevi.com.tr\/index.php\/urun\/guvercinlerle-matematik\/","title":{"rendered":"G\u00fcvercinlerle Matematik"},"content":{"rendered":"<p>G\u00fcvercinlerle ilgili bir hik\u00e2ye anlatmak kolay m\u0131d\u0131r dersin? Ya g\u00fcvercinler her sayfada ka\u00e7\u0131\u015f\u0131yor, ba\u015fka yerlere konuyorsa? Ya ba\u015fka g\u00fcvercinler araya giriyorsa? Minikler bu etkile\u015fimli hik\u00e2yeye e\u015flik ederken bol bol toplama ve \u00e7\u0131karma i\u015flemi yapacak<\/p>\n","protected":false},"excerpt":{"rendered":"<p>G\u00fcvercinlerle ilgili bir hik\u00e2ye anlatmak kolay m\u0131d\u0131r dersin? Ya g\u00fcvercinler her sayfada ka\u00e7\u0131\u015f\u0131yor, ba\u015fka yerlere konuyorsa? Ya ba\u015fka g\u00fcvercinler araya giriyorsa? Minikler bu etkile\u015fimli hik\u00e2yeye e\u015flik<span class=\"excerpt-hellip\"> [\u2026]<\/span><\/p>\n","protected":false},"featured_media":0,"template":"","meta":{"_monsterinsights_skip_tracking":false,"_monsterinsights_sitenote_active":false,"_monsterinsights_sitenote_note":"","_monsterinsights_sitenote_category":0},"product_brand":[],"product_cat":[12274,12518],"product_tag":[],"class_list":{"0":"post-752235","1":"product","2":"type-product","3":"status-publish","5":"product_cat-cocuk-ve-genclik-kitaplari","6":"product_cat-okul-oncesi-kitaplar","7":"pa_cilt-ciltsiz","8":"pa_tur-kitap","9":"pa_yayinevi-is-bankasi-kultur-yayinlari","10":"pa_yazar-asia-citro","12":"first","13":"instock","14":"sale","15":"shipping-taxable","16":"purchasable","17":"product-type-simple"},"_links":{"self":[{"href":"https:\/\/roveyayinevi.com.tr\/index.php\/wp-json\/wp\/v2\/product\/752235","targetHints":{"allow":["GET"]}}],"collection":[{"href":"https:\/\/roveyayinevi.com.tr\/index.php\/wp-json\/wp\/v2\/product"}],"about":[{"href":"https:\/\/roveyayinevi.com.tr\/index.php\/wp-json\/wp\/v2\/types\/product"}],"wp:attachment":[{"href":"https:\/\/roveyayinevi.com.tr\/index.php\/wp-json\/wp\/v2\/media?parent=752235"}],"wp:term":[{"taxonomy":"product_brand","embeddable":true,"href":"https:\/\/roveyayinevi.com.tr\/index.php\/wp-json\/wp\/v2\/product_brand?post=752235"},{"taxonomy":"product_cat","embeddable":true,"href":"https:\/\/roveyayinevi.com.tr\/index.php\/wp-json\/wp\/v2\/product_cat?post=752235"},{"taxonomy":"product_tag","embeddable":true,"href":"https:\/\/roveyayinevi.com.tr\/index.php\/wp-json\/wp\/v2\/product_tag?post=752235"}],"curies":[{"name":"wp","href":"https:\/\/api.w.org\/{rel}","templated":true}]}}