{"id":752233,"date":"2025-08-28T05:11:01","date_gmt":"2025-08-28T02:11:01","guid":{"rendered":"https:\/\/roveyayinevi.com.tr\/index.php\/urun\/yesilin-kizi-anne-kisaltilmis-metin\/"},"modified":"2026-04-16T03:05:35","modified_gmt":"2026-04-16T00:05:35","slug":"yesilin-kizi-anne-kisaltilmis-metin","status":"publish","type":"product","link":"https:\/\/roveyayinevi.com.tr\/index.php\/urun\/yesilin-kizi-anne-kisaltilmis-metin\/","title":{"rendered":"Ye\u015filin K\u0131z\u0131 Anne &#8211; K\u0131salt\u0131lm\u0131\u015f Metin"},"content":{"rendered":"<p>Yemye\u015fil Avonlea Kasabas\u0131\u2019n\u0131n orta ya\u015fl\u0131 sakinleri Marilla ve Matthew Cuthbert karde\u015fler, evlat edinmeye karar verir. B\u00f6ylece ya\u015famlar\u0131na c\u0131v\u0131l c\u0131v\u0131l, hayalperest, biraz geveze ve merakl\u0131 ama \u00e7ok \u00f6zel bir \u00e7ocuk girer. Anne Shirley ad\u0131ndaki bu k\u0131z\u0131l sa\u00e7l\u0131 k\u0131z, asl\u0131nda yanl\u0131\u015fl\u0131kla g\u00f6nderildi\u011fi yeni evini \u00e7ok sevse de baz\u0131 sorunlarla kar\u015f\u0131la\u015f\u0131r. \u00dcstelik o bitmez t\u00fckenmez merak duygusu, ba\u015f\u0131na bazen t\u00fcrl\u00fc dertler de a\u00e7an pek \u00e7ok macera ya\u015famas\u0131na da neden olur. Acaba yeni ailesi ve Avonlea Kasabas\u0131, Anne\u2019i kabullenip sevecek mi? T\u00fcm zorluklara ra\u011fmen ya\u015fama s\u0131ms\u0131k\u0131 sar\u0131lan, hem kendisinin hem ba\u015fkalar\u0131n\u0131n hayat\u0131n\u0131 g\u00fczelle\u015ftiren Anne Shirley\u2019nin unutulmaz hik\u00e2yesi sizleri bekliyor. <\/p>\n","protected":false},"excerpt":{"rendered":"<p>Yemye\u015fil Avonlea Kasabas\u0131\u2019n\u0131n orta ya\u015fl\u0131 sakinleri Marilla ve Matthew Cuthbert karde\u015fler, evlat edinmeye karar verir. B\u00f6ylece ya\u015famlar\u0131na c\u0131v\u0131l c\u0131v\u0131l, hayalperest, biraz geveze ve merakl\u0131 ama \u00e7ok<span class=\"excerpt-hellip\"> [\u2026]<\/span><\/p>\n","protected":false},"featured_media":0,"template":"","meta":{"_monsterinsights_skip_tracking":false,"_monsterinsights_sitenote_active":false,"_monsterinsights_sitenote_note":"","_monsterinsights_sitenote_category":0},"product_brand":[],"product_cat":[12274,12467],"product_tag":[],"class_list":{"0":"post-752233","1":"product","2":"type-product","3":"status-publish","5":"product_cat-cocuk-ve-genclik-kitaplari","6":"product_cat-dunya-klasikleri","7":"pa_cilt-ciltsiz","8":"pa_tur-kitap","9":"pa_yayinevi-is-bankasi-kultur-yayinlari","10":"pa_yazar-lucy-maud-montgomery","12":"first","13":"instock","14":"sale","15":"shipping-taxable","16":"purchasable","17":"product-type-simple"},"_links":{"self":[{"href":"https:\/\/roveyayinevi.com.tr\/index.php\/wp-json\/wp\/v2\/product\/752233","targetHints":{"allow":["GET"]}}],"collection":[{"href":"https:\/\/roveyayinevi.com.tr\/index.php\/wp-json\/wp\/v2\/product"}],"about":[{"href":"https:\/\/roveyayinevi.com.tr\/index.php\/wp-json\/wp\/v2\/types\/product"}],"wp:attachment":[{"href":"https:\/\/roveyayinevi.com.tr\/index.php\/wp-json\/wp\/v2\/media?parent=752233"}],"wp:term":[{"taxonomy":"product_brand","embeddable":true,"href":"https:\/\/roveyayinevi.com.tr\/index.php\/wp-json\/wp\/v2\/product_brand?post=752233"},{"taxonomy":"product_cat","embeddable":true,"href":"https:\/\/roveyayinevi.com.tr\/index.php\/wp-json\/wp\/v2\/product_cat?post=752233"},{"taxonomy":"product_tag","embeddable":true,"href":"https:\/\/roveyayinevi.com.tr\/index.php\/wp-json\/wp\/v2\/product_tag?post=752233"}],"curies":[{"name":"wp","href":"https:\/\/api.w.org\/{rel}","templated":true}]}}