{"id":752232,"date":"2025-08-28T05:10:59","date_gmt":"2025-08-28T02:10:59","guid":{"rendered":"https:\/\/roveyayinevi.com.tr\/index.php\/urun\/17-roman\/"},"modified":"2026-04-16T03:05:35","modified_gmt":"2026-04-16T00:05:35","slug":"17-roman","status":"publish","type":"product","link":"https:\/\/roveyayinevi.com.tr\/index.php\/urun\/17-roman\/","title":{"rendered":"17. Roman"},"content":{"rendered":"<p>Dag Solstad\u2019n\u0131n \u2018On Birinci Roman, On Sekizinci Kitap\u2019\u0131, kahraman\u0131 Bj\u00f8rn Hansen\u2019in B\u00fcy\u00fck Ret ad\u0131n\u0131 verdi\u011fi plan\u0131n\u0131 uygulamaya koymas\u0131yla ve \u00e7evresindeki herkese oynad\u0131\u011f\u0131 oyunla son bulmu\u015ftu. Bu kitab\u0131n devam\u0131 niteli\u011findeki \u201c17. Roman\u201d bizi y\u0131llar sonras\u0131na g\u00f6t\u00fcr\u00fcyor. Foyas\u0131 meydana \u00e7\u0131kan Bj\u00f8rn Hansen sahtecilikten \u00e7arpt\u0131r\u0131ld\u0131\u011f\u0131 hapis cezas\u0131n\u0131 tamamlam\u0131\u015f, d\u0131\u015far\u0131daki hayata uyum sa\u011flamaya \u00e7al\u0131\u015fmaktad\u0131r. Bu s\u0131rada, uzun zamand\u0131r g\u00f6rmedi\u011fi o\u011flundan gelen mektupla art\u0131k bir torunu oldu\u011funu \u00f6\u011frenir ve o\u011flunun ailesini ziyaret etmeye karar verir. \u015e\u00fcphelerle dolu halde \u00e7\u0131kt\u0131\u011f\u0131 bu yolculuk beklenmedik ke\u015fif ve sorgulamalara gebedir.Dag Solstad, s\u0131rad\u0131\u015f\u0131 kahraman\u0131 Bj\u00f8rn Hansen\u2019i konu alan \u00fc\u00e7 roman\u0131ndan ikincisinde, utan\u00e7 ve ileti\u015fimsizlik, baba-o\u011ful ili\u015fkisi ve nesillerin ilerleyi\u015finin anlam\u0131, toplum i\u00e7inde oynanan roller gibi temalar\u0131 de\u015fmeyi s\u00fcrd\u00fcr\u00fcyor.\u201c\u201917. Roman\u2019\u0131n b\u00fcy\u00fck edebi g\u00fcc\u00fc, tanr\u0131s\u0131yla yaln\u0131z ba\u015f\u0131na kald\u0131\u011f\u0131n\u0131 hisseden bir adam\u0131n roman\u0131 olmas\u0131ndan ileri geliyor.\u201dAdresseavisen (Norve\u00e7)\u201cG\u00fcn\u00fcm\u00fcz \u0130skandinavya\u2019s\u0131n\u0131n Kafka\u2019s\u0131\u201dSvenska Dagbladet (\u0130sve\u00e7)<\/p>\n","protected":false},"excerpt":{"rendered":"<p>Dag Solstad\u2019n\u0131n \u2018On Birinci Roman, On Sekizinci Kitap\u2019\u0131, kahraman\u0131 Bj\u00f8rn Hansen\u2019in B\u00fcy\u00fck Ret ad\u0131n\u0131 verdi\u011fi plan\u0131n\u0131 uygulamaya koymas\u0131yla ve \u00e7evresindeki herkese oynad\u0131\u011f\u0131 oyunla son bulmu\u015ftu. Bu<span class=\"excerpt-hellip\"> [\u2026]<\/span><\/p>\n","protected":false},"featured_media":0,"template":"","meta":{"_monsterinsights_skip_tracking":false,"_monsterinsights_sitenote_active":false,"_monsterinsights_sitenote_note":"","_monsterinsights_sitenote_category":0},"product_brand":[],"product_cat":[12291,12711],"product_tag":[],"class_list":{"0":"post-752232","1":"product","2":"type-product","3":"status-publish","5":"product_cat-edebiyat","6":"product_cat-roman-oyku","7":"pa_cilt-ciltsiz","8":"pa_tur-kitap","9":"pa_yayinevi-yapi-kredi-yayinlari","10":"pa_yazar-dag-solstad","12":"first","13":"instock","14":"sale","15":"shipping-taxable","16":"purchasable","17":"product-type-simple"},"_links":{"self":[{"href":"https:\/\/roveyayinevi.com.tr\/index.php\/wp-json\/wp\/v2\/product\/752232","targetHints":{"allow":["GET"]}}],"collection":[{"href":"https:\/\/roveyayinevi.com.tr\/index.php\/wp-json\/wp\/v2\/product"}],"about":[{"href":"https:\/\/roveyayinevi.com.tr\/index.php\/wp-json\/wp\/v2\/types\/product"}],"wp:attachment":[{"href":"https:\/\/roveyayinevi.com.tr\/index.php\/wp-json\/wp\/v2\/media?parent=752232"}],"wp:term":[{"taxonomy":"product_brand","embeddable":true,"href":"https:\/\/roveyayinevi.com.tr\/index.php\/wp-json\/wp\/v2\/product_brand?post=752232"},{"taxonomy":"product_cat","embeddable":true,"href":"https:\/\/roveyayinevi.com.tr\/index.php\/wp-json\/wp\/v2\/product_cat?post=752232"},{"taxonomy":"product_tag","embeddable":true,"href":"https:\/\/roveyayinevi.com.tr\/index.php\/wp-json\/wp\/v2\/product_tag?post=752232"}],"curies":[{"name":"wp","href":"https:\/\/api.w.org\/{rel}","templated":true}]}}