{"id":752231,"date":"2025-08-28T05:10:58","date_gmt":"2025-08-28T02:10:58","guid":{"rendered":"https:\/\/roveyayinevi.com.tr\/index.php\/urun\/istanbulun-dogusunda-bitmeyen-oyun\/"},"modified":"2026-04-16T03:05:35","modified_gmt":"2026-04-16T00:05:35","slug":"istanbulun-dogusunda-bitmeyen-oyun","status":"publish","type":"product","link":"https:\/\/roveyayinevi.com.tr\/index.php\/urun\/istanbulun-dogusunda-bitmeyen-oyun\/","title":{"rendered":"\u0130stanbul\u2019un Do\u011fusunda Bitmeyen Oyun"},"content":{"rendered":"<p>Osmanl\u0131 \u0130mparatorlu\u011fu, \u0130ttihat\u00e7\u0131 liderlerin yapt\u0131klar\u0131 gizli antla\u015fmayla I. D\u00fcnya Sava\u015f\u0131\u2019na Almanya\u2019n\u0131n m\u00fcttefiki olarak s\u00fcr\u00fcklenirken, Sultan V. Mehmed Re\u015fad taraf\u0131ndan ilan edilen\u201ccihad-\u0131 ekber\u201d ile \u0130tilaf devletlerinin s\u00f6m\u00fcrgelerindeki M\u00fcsl\u00fcmanlar ba\u015flar\u0131ndaki y\u00f6netimlere isyan etmeye \u00e7a\u011fr\u0131ld\u0131lar. Peter Hopkirk, \u0130ngiltere ile Rusya aras\u0131nda 19. y\u00fczy\u0131l boyunca Orta Asya\u2019da s\u00fcren gizli sava\u015f\u0131 konu alan B\u00fcy\u00fck Oyun\u2019un devam\u0131 niteli\u011findeki \u0130stanbul\u2019un Do\u011fusunda Bitmeyen Oyun\u2019da, cihad\u0131n asl\u0131nda Berlin\u2019de tasarland\u0131\u011f\u0131 ve eski B\u00fcy\u00fck Oyun\u2019un bir anlamda yeni taraflarla s\u00fcrd\u00fc\u011f\u00fc tezini i\u015fliyor. Bu defa kral\u0131n, kayzerin, sultan\u0131n ve \u00e7ar\u0131n istihbarat servisleri aras\u0131ndaki sava\u015f\u0131n alan\u0131, bat\u0131da \u0130stanbul\u2019dan do\u011fuda Kabil\u2019e ve Ka\u015fgar\u2019a kadar uzan\u0131p, \u0130ran\u2019a, Kafkaslar\u2019a ve Rus Orta Asya\u2019s\u0131na dek yay\u0131l\u0131yor. Hopkirk s\u00fcr\u00fckleyici \u00fcslubuyla okuyucuyu, Meksika\u2019n\u0131n Pasifik k\u0131y\u0131lar\u0131 a\u00e7\u0131klar\u0131nda \u0131ss\u0131z bir adada verilen randevudan Bol\u015fevik devriminden sonra Bak\u00fc\u2019de ya\u015fananlara, Kanal Harek\u00e2t\u0131\u2019ndan \u0130ran\u2019da Alman ve \u0130ngiliz gizli servislerinin kap\u0131\u015fmalar\u0131na uzanan geni\u015f bir yelpazede, bu gizli sava\u015f\u0131n kahramanlar\u0131n\u0131n ser\u00fcvenleri i\u00e7inde dola\u015ft\u0131r\u0131yor. <\/p>\n","protected":false},"excerpt":{"rendered":"<p>Osmanl\u0131 \u0130mparatorlu\u011fu, \u0130ttihat\u00e7\u0131 liderlerin yapt\u0131klar\u0131 gizli antla\u015fmayla I. D\u00fcnya Sava\u015f\u0131\u2019na Almanya\u2019n\u0131n m\u00fcttefiki olarak s\u00fcr\u00fcklenirken, Sultan V. Mehmed Re\u015fad taraf\u0131ndan ilan edilen\u201ccihad-\u0131 ekber\u201d ile \u0130tilaf devletlerinin s\u00f6m\u00fcrgelerindeki<span class=\"excerpt-hellip\"> [\u2026]<\/span><\/p>\n","protected":false},"featured_media":0,"template":"","meta":{"_monsterinsights_skip_tracking":false,"_monsterinsights_sitenote_active":false,"_monsterinsights_sitenote_note":"","_monsterinsights_sitenote_category":0},"product_brand":[],"product_cat":[12304],"product_tag":[],"class_list":{"0":"post-752231","1":"product","2":"type-product","3":"status-publish","5":"product_cat-tarih","6":"pa_cilt-ciltsiz","7":"pa_tur-kitap","8":"pa_yayinevi-is-bankasi-kultur-yayinlari","9":"pa_yazar-peter-hopkirk","11":"first","12":"instock","13":"sale","14":"shipping-taxable","15":"purchasable","16":"product-type-simple"},"_links":{"self":[{"href":"https:\/\/roveyayinevi.com.tr\/index.php\/wp-json\/wp\/v2\/product\/752231","targetHints":{"allow":["GET"]}}],"collection":[{"href":"https:\/\/roveyayinevi.com.tr\/index.php\/wp-json\/wp\/v2\/product"}],"about":[{"href":"https:\/\/roveyayinevi.com.tr\/index.php\/wp-json\/wp\/v2\/types\/product"}],"wp:attachment":[{"href":"https:\/\/roveyayinevi.com.tr\/index.php\/wp-json\/wp\/v2\/media?parent=752231"}],"wp:term":[{"taxonomy":"product_brand","embeddable":true,"href":"https:\/\/roveyayinevi.com.tr\/index.php\/wp-json\/wp\/v2\/product_brand?post=752231"},{"taxonomy":"product_cat","embeddable":true,"href":"https:\/\/roveyayinevi.com.tr\/index.php\/wp-json\/wp\/v2\/product_cat?post=752231"},{"taxonomy":"product_tag","embeddable":true,"href":"https:\/\/roveyayinevi.com.tr\/index.php\/wp-json\/wp\/v2\/product_tag?post=752231"}],"curies":[{"name":"wp","href":"https:\/\/api.w.org\/{rel}","templated":true}]}}