{"id":752230,"date":"2025-08-28T05:10:56","date_gmt":"2025-08-28T02:10:56","guid":{"rendered":"https:\/\/roveyayinevi.com.tr\/index.php\/urun\/buyuk-mubadele\/"},"modified":"2026-04-16T03:05:35","modified_gmt":"2026-04-16T00:05:35","slug":"buyuk-mubadele","status":"publish","type":"product","link":"https:\/\/roveyayinevi.com.tr\/index.php\/urun\/buyuk-mubadele\/","title":{"rendered":"B\u00fcy\u00fck M\u00fcbadele"},"content":{"rendered":"<p>1919-1922 tarihleri aras\u0131nda ya\u015fanan Milli M\u00fccadele\u2019nin kazan\u0131lmas\u0131n\u0131n ard\u0131ndan Anadolu\u2019daki Rumlar\u0131n bir k\u0131sm\u0131 Yunan ordusu ile birlikte ya\u015fad\u0131klar\u0131 topraklar\u0131 terk etmeye ba\u015flad\u0131. Lozan Bar\u0131\u015f Konferans\u0131 topland\u0131\u011f\u0131nda n\u00fcfus de\u011fi\u015fimi (m\u00fcbadele) konusu ivedi olarak g\u00fcndeme geldi ve T\u00fcrkiye ve Yunanistan, sava\u015f sonras\u0131 ortaya \u00e7\u0131kan az\u0131nl\u0131k sorunlar\u0131n\u0131n bir n\u00fcfus m\u00fcbadelesi ile \u00e7\u00f6z\u00fclmesini kabul etti. Komisyonlar\u0131n tart\u0131\u015fmal\u0131 konularda uzla\u015fma sa\u011flamas\u0131yla, 30 Ocak 1923 g\u00fcn\u00fc T\u00fcrk ve Rum N\u00fcfus M\u00fcbadelesi\u2019ne \u0130li\u015fkin S\u00f6zle\u015fme ve Protokol imzaland\u0131. M\u00fcbadele zorunlu olacak ve \u0130stanbul d\u0131\u015f\u0131nda ya\u015fayan Rum Ortodoks T\u00fcrk uyruklular ile Bat\u0131 Trakya d\u0131\u015f\u0131nda ya\u015fayan M\u00fcsl\u00fcman Yunan uyruklular\u0131 kapsayacakt\u0131. Prof. Dr. Kemal Ar\u0131 bu \u00e7al\u0131\u015fmas\u0131yla, T\u00fcrk-Yunan Sava\u015f\u0131\u2019n\u0131n hemen sonras\u0131nda ger\u00e7ekle\u015ftirilen m\u00fcbadelenin 100. y\u0131l\u0131nda, a\u011f\u0131rl\u0131kla T\u00fcrkiye\u2019ye zorunlu g\u00f6\u00e7 ile g\u00f6\u00e7e ili\u015fkin sorunlar\u0131 do\u011frudan ya\u015fam\u0131\u015f insanlara, toplumsal olu\u015fumlara ve bu olu\u015fumlar\u0131n siyasal d\u00fczeyde yans\u0131malar\u0131na odaklan\u0131yor. <\/p>\n","protected":false},"excerpt":{"rendered":"<p>1919-1922 tarihleri aras\u0131nda ya\u015fanan Milli M\u00fccadele\u2019nin kazan\u0131lmas\u0131n\u0131n ard\u0131ndan Anadolu\u2019daki Rumlar\u0131n bir k\u0131sm\u0131 Yunan ordusu ile birlikte ya\u015fad\u0131klar\u0131 topraklar\u0131 terk etmeye ba\u015flad\u0131. Lozan Bar\u0131\u015f Konferans\u0131 topland\u0131\u011f\u0131nda n\u00fcfus<span class=\"excerpt-hellip\"> [\u2026]<\/span><\/p>\n","protected":false},"featured_media":0,"template":"","meta":{"_monsterinsights_skip_tracking":false,"_monsterinsights_sitenote_active":false,"_monsterinsights_sitenote_note":"","_monsterinsights_sitenote_category":0},"product_brand":[],"product_cat":[12370,12304],"product_tag":[],"class_list":{"0":"post-752230","1":"product","2":"type-product","3":"status-publish","5":"product_cat-arastirma-inceleme","6":"product_cat-tarih","7":"pa_cilt-ciltsiz","8":"pa_tur-kitap","9":"pa_yayinevi-is-bankasi-kultur-yayinlari","10":"pa_yazar-kemal-ari","12":"first","13":"instock","14":"sale","15":"shipping-taxable","16":"purchasable","17":"product-type-simple"},"_links":{"self":[{"href":"https:\/\/roveyayinevi.com.tr\/index.php\/wp-json\/wp\/v2\/product\/752230","targetHints":{"allow":["GET"]}}],"collection":[{"href":"https:\/\/roveyayinevi.com.tr\/index.php\/wp-json\/wp\/v2\/product"}],"about":[{"href":"https:\/\/roveyayinevi.com.tr\/index.php\/wp-json\/wp\/v2\/types\/product"}],"wp:attachment":[{"href":"https:\/\/roveyayinevi.com.tr\/index.php\/wp-json\/wp\/v2\/media?parent=752230"}],"wp:term":[{"taxonomy":"product_brand","embeddable":true,"href":"https:\/\/roveyayinevi.com.tr\/index.php\/wp-json\/wp\/v2\/product_brand?post=752230"},{"taxonomy":"product_cat","embeddable":true,"href":"https:\/\/roveyayinevi.com.tr\/index.php\/wp-json\/wp\/v2\/product_cat?post=752230"},{"taxonomy":"product_tag","embeddable":true,"href":"https:\/\/roveyayinevi.com.tr\/index.php\/wp-json\/wp\/v2\/product_tag?post=752230"}],"curies":[{"name":"wp","href":"https:\/\/api.w.org\/{rel}","templated":true}]}}