{"id":752225,"date":"2025-08-28T05:09:53","date_gmt":"2025-08-28T02:09:53","guid":{"rendered":"https:\/\/roveyayinevi.com.tr\/index.php\/urun\/yaratici-oyuncu-yaratici-insan\/"},"modified":"2026-04-16T03:05:35","modified_gmt":"2026-04-16T00:05:35","slug":"yaratici-oyuncu-yaratici-insan","status":"publish","type":"product","link":"https:\/\/roveyayinevi.com.tr\/index.php\/urun\/yaratici-oyuncu-yaratici-insan\/","title":{"rendered":"Yarat\u0131c\u0131 Oyuncu Yarat\u0131c\u0131 \u0130nsan"},"content":{"rendered":"<p>Aristoteles, \u201cG\u00f6ster, g\u00fcndelik ne yap\u0131yorsan g\u00f6ster, d\u00fczelterek estetik hale getir\u201d diyordu. Ben de diyorum ki: \u201cG\u00f6sterme, ol. Anda ya\u015fa.\u201d   Tiyatromuzun duayen isimlerinden Ayla Algan, \u2018Yarat\u0131c\u0131 Oyuncu Yarat\u0131c\u0131 \u0130nsan\u2019da oyunculu\u011fun tarihsel geli\u015fimini, kendi oyunculuk ser\u00fcveninden, tecr\u00fcbelerinden dam\u0131tarak anlat\u0131yor. Okurla bir at\u00f6lye dersindeymi\u015f gibi samimiyetle payla\u015f\u0131yor yarat\u0131c\u0131 ki\u015fili\u011finin, \u00e7ok y\u00f6nl\u00fc sanat\u0131n\u0131n etkileyici bilgisini. G\u00fcn\u00fcm\u00fcz oyuncusuna farkl\u0131 bir k\u0131lavuz kitap arma\u011fan ederken hayranlar\u0131na da zarif bir selam veriyor.   \u201cYarat\u0131c\u0131 oyuncu, yazar\u0131n yazmad\u0131\u011f\u0131 yerlerde vard\u0131r. Role iyi girildi\u011fi zaman yarat\u0131lan tipler ya\u015far ve \u00f6l\u00fcms\u00fcz olurlar. Seyirci ile yolculuk bilimsel bir yolculuktur. Kahve fal\u0131 ya da e\u011flence tiyatrosu de\u011fildir. Bug\u00fcn\u00fcn oyuncusu, oyuncu insand\u0131r; zihin ve bedeniyle rol\u00fcn\u00fc tasar\u0131m yaparak haz\u0131rlar. Bu dijital \u00e7a\u011f i\u00e7inde, sizler de merak edin, d\u00fc\u015f\u00fcn\u00fcn, ara\u015ft\u0131r\u0131n, belki yeni egzersizleri, yeni tan\u0131mlamalar\u0131, benim bulamad\u0131\u011f\u0131m yeni kahramanlar\u0131 siz bulursunuz.\u201d <\/p>\n","protected":false},"excerpt":{"rendered":"<p>Aristoteles, \u201cG\u00f6ster, g\u00fcndelik ne yap\u0131yorsan g\u00f6ster, d\u00fczelterek estetik hale getir\u201d diyordu. Ben de diyorum ki: \u201cG\u00f6sterme, ol. Anda ya\u015fa.\u201d Tiyatromuzun duayen isimlerinden Ayla Algan, \u2018Yarat\u0131c\u0131 Oyuncu<span class=\"excerpt-hellip\"> [\u2026]<\/span><\/p>\n","protected":false},"featured_media":0,"template":"","meta":{"_monsterinsights_skip_tracking":false,"_monsterinsights_sitenote_active":false,"_monsterinsights_sitenote_note":"","_monsterinsights_sitenote_category":0},"product_brand":[],"product_cat":[12409,12408],"product_tag":[],"class_list":{"0":"post-752225","1":"product","2":"type-product","3":"status-publish","5":"product_cat-fotograf-sinema-tiyatro","6":"product_cat-sanat","7":"pa_cilt-ciltsiz","8":"pa_tur-kitap","9":"pa_yayinevi-yapi-kredi-yayinlari","10":"pa_yazar-ayla-algan","12":"first","13":"instock","14":"sale","15":"shipping-taxable","16":"purchasable","17":"product-type-simple"},"_links":{"self":[{"href":"https:\/\/roveyayinevi.com.tr\/index.php\/wp-json\/wp\/v2\/product\/752225","targetHints":{"allow":["GET"]}}],"collection":[{"href":"https:\/\/roveyayinevi.com.tr\/index.php\/wp-json\/wp\/v2\/product"}],"about":[{"href":"https:\/\/roveyayinevi.com.tr\/index.php\/wp-json\/wp\/v2\/types\/product"}],"wp:attachment":[{"href":"https:\/\/roveyayinevi.com.tr\/index.php\/wp-json\/wp\/v2\/media?parent=752225"}],"wp:term":[{"taxonomy":"product_brand","embeddable":true,"href":"https:\/\/roveyayinevi.com.tr\/index.php\/wp-json\/wp\/v2\/product_brand?post=752225"},{"taxonomy":"product_cat","embeddable":true,"href":"https:\/\/roveyayinevi.com.tr\/index.php\/wp-json\/wp\/v2\/product_cat?post=752225"},{"taxonomy":"product_tag","embeddable":true,"href":"https:\/\/roveyayinevi.com.tr\/index.php\/wp-json\/wp\/v2\/product_tag?post=752225"}],"curies":[{"name":"wp","href":"https:\/\/api.w.org\/{rel}","templated":true}]}}