{"id":752223,"date":"2025-08-28T05:09:48","date_gmt":"2025-08-28T02:09:48","guid":{"rendered":"https:\/\/roveyayinevi.com.tr\/index.php\/urun\/dar-kapi-5\/"},"modified":"2026-04-07T03:10:19","modified_gmt":"2026-04-07T00:10:19","slug":"dar-kapi-5","status":"publish","type":"product","link":"https:\/\/roveyayinevi.com.tr\/index.php\/urun\/dar-kapi-5\/","title":{"rendered":"Dar Kap\u0131"},"content":{"rendered":"<p>Andr\u00e9 Gide 1909 y\u0131l\u0131nda kaleme ald\u0131\u011f\u0131 Dar Kap\u0131\u2019da bizi Normandiya\u2019n\u0131n masals\u0131 ve pastoral atmosferine, dar bir aile \u00e7evresinde b\u00fct\u00fcn yo\u011funlu\u011fuyla ya\u015fanan bir a\u015fk gerilimine g\u00f6t\u00fcr\u00fcyor. J\u00e9rome\u2019un Alissa\u2019ya duydu\u011fu tutkulu a\u015fk ile Alissa\u2019n\u0131n Tanr\u0131\u2019ya duydu\u011fu a\u015fk aras\u0131ndaki metafizik bir gerilim bu. Yazar\u0131n 1902 tarihli L\u2019Immoraliste (Ahlaks\u0131z) yap\u0131t\u0131ndaki egoizmin kar\u015f\u0131s\u0131nda bu kez Dar Kap\u0131\u2019n\u0131n a\u015fk i\u00e7in kendinden vazge\u00e7meye haz\u0131r, a\u015fk i\u00e7in ac\u0131 \u00e7eken karakterleri dikiliyor. Ne var ki, Gide b\u00fct\u00fcn dram tablosunun alt\u0131nda, s\u00f6z konusu metafizik ba\u011fl\u0131l\u0131klara ili\u015fkin keskin bir hicvi de ince ince \u00f6r\u00fcyor. Kaybetme korkusu, hayal ile ger\u00e7ek aras\u0131ndaki kopukluk, y\u00fcrek ile akl\u0131n diyalogu, a\u015fk \u00fczerine ba\u015fyap\u0131t kabul edilen Dar Kap\u0131\u2019n\u0131n u\u011fraklar\u0131n\u0131 olu\u015fturmaktad\u0131r. <\/p>\n","protected":false},"excerpt":{"rendered":"<p>Andr\u00e9 Gide 1909 y\u0131l\u0131nda kaleme ald\u0131\u011f\u0131 Dar Kap\u0131\u2019da bizi Normandiya\u2019n\u0131n masals\u0131 ve pastoral atmosferine, dar bir aile \u00e7evresinde b\u00fct\u00fcn yo\u011funlu\u011fuyla ya\u015fanan bir a\u015fk gerilimine g\u00f6t\u00fcr\u00fcyor. J\u00e9rome\u2019un<span class=\"excerpt-hellip\"> [\u2026]<\/span><\/p>\n","protected":false},"featured_media":0,"template":"","meta":{"_monsterinsights_skip_tracking":false,"_monsterinsights_sitenote_active":false,"_monsterinsights_sitenote_note":"","_monsterinsights_sitenote_category":0},"product_brand":[],"product_cat":[12291,12711],"product_tag":[],"class_list":{"0":"post-752223","1":"product","2":"type-product","3":"status-publish","5":"product_cat-edebiyat","6":"product_cat-roman-oyku","7":"pa_cilt-ciltsiz","8":"pa_tur-kitap","9":"pa_yayinevi-is-bankasi-kultur-yayinlari","10":"pa_yazar-andre-gide","12":"first","13":"instock","14":"sale","15":"shipping-taxable","16":"purchasable","17":"product-type-simple"},"_links":{"self":[{"href":"https:\/\/roveyayinevi.com.tr\/index.php\/wp-json\/wp\/v2\/product\/752223","targetHints":{"allow":["GET"]}}],"collection":[{"href":"https:\/\/roveyayinevi.com.tr\/index.php\/wp-json\/wp\/v2\/product"}],"about":[{"href":"https:\/\/roveyayinevi.com.tr\/index.php\/wp-json\/wp\/v2\/types\/product"}],"wp:attachment":[{"href":"https:\/\/roveyayinevi.com.tr\/index.php\/wp-json\/wp\/v2\/media?parent=752223"}],"wp:term":[{"taxonomy":"product_brand","embeddable":true,"href":"https:\/\/roveyayinevi.com.tr\/index.php\/wp-json\/wp\/v2\/product_brand?post=752223"},{"taxonomy":"product_cat","embeddable":true,"href":"https:\/\/roveyayinevi.com.tr\/index.php\/wp-json\/wp\/v2\/product_cat?post=752223"},{"taxonomy":"product_tag","embeddable":true,"href":"https:\/\/roveyayinevi.com.tr\/index.php\/wp-json\/wp\/v2\/product_tag?post=752223"}],"curies":[{"name":"wp","href":"https:\/\/api.w.org\/{rel}","templated":true}]}}