{"id":752220,"date":"2025-08-28T05:09:43","date_gmt":"2025-08-28T02:09:43","guid":{"rendered":"https:\/\/roveyayinevi.com.tr\/index.php\/urun\/havass\/"},"modified":"2026-04-16T03:05:35","modified_gmt":"2026-04-16T00:05:35","slug":"havass","status":"publish","type":"product","link":"https:\/\/roveyayinevi.com.tr\/index.php\/urun\/havass\/","title":{"rendered":"Havass"},"content":{"rendered":"<p>Paracelsus\u2019tan Benjamin Franklin\u2019e, Isaac Newton\u2019dan Da Vinci\u2019ye uzanan kadim s\u0131rlar do\u011fru zaman gelinceye dek korunabilecek mi?   G\u00fcl ve Ha\u00e7 Karde\u015fli\u011fi\u2019nin se\u00e7ilmi\u015fleri, insanl\u0131\u011f\u0131n gelece\u011fini \u015fekillendirecek, insan bilincinin y\u00fckselmesini sa\u011flayacak s\u0131rlar\u0131 ku\u015faktan ku\u015fa\u011fa aktarmaktad\u0131r. Hedef; k\u00f6t\u00fcl\u00fc\u011f\u00fcn olmad\u0131\u011f\u0131 bir d\u00fcnya yaratabilmek, insan-\u0131 k\u00e2mile ula\u015fabilmektir. Ancak bu s\u0131rlara vak\u0131f olmak isteyen ba\u015fkalar\u0131 da vard\u0131r. Kendilerini tanr\u0131 yerine koyan, kadim bilgileri kullanarak insanl\u0131\u011f\u0131n ve d\u00fcnyan\u0131n kaderini belirlemeye \u00e7al\u0131\u015fan kimi karanl\u0131k g\u00fc\u00e7ler t\u00fcm silahlar\u0131n\u0131 ku\u015fanarak harekete ge\u00e7erler. Hedeflerinde Paracelsus\u2019un \u00f6nemli bilgileri aktard\u0131\u011f\u0131 son mektubunu muhafaza eden bir T\u00fcrk cemiyeti vard\u0131r. T\u00fcrkiye\u2019deki ge\u00e7mi\u015fini geride b\u0131rak\u0131p ABD\u2019ye yerle\u015fen emekli istihbarat\u00e7\u0131 Aytu\u011f Alt\u0131ndal ise ya\u015fananlardan habersizdir, George Washington \u00dcniversitesi\u2019nin sosyoloji b\u00f6l\u00fcm\u00fcnde dersler vermektedir. Rutinle\u015fmi\u015f hayat\u0131 ald\u0131\u011f\u0131 bir telefonla alt \u00fcst olur. \u201cAlt\u0131n Kartal d\u00fc\u015ft\u00fc, hemen T\u00fcrkiye\u2019ye gel,\u201d der telefondaki gizemli ses. \u00dclkeye d\u00f6nen Aytu\u011f kendisini \u0131\u015f\u0131\u011f\u0131n ve karanl\u0131\u011f\u0131n \u00e7arp\u0131\u015fmas\u0131n\u0131n tam ortas\u0131nda bulur. Bir yandan kadim bilgilerin karanl\u0131k g\u00fc\u00e7lerin eline ge\u00e7mesini engellemeye \u00e7al\u0131\u015f\u0131rken, bir yandan da zihnini ve ruhunu g\u00f6lgeleyen ki\u015fisel s\u0131rlar\u0131yla y\u00fczle\u015fmeye \u00e7al\u0131\u015f\u0131r.   Ayhan \u00d6zden, ezoterik \u00f6geleri ustal\u0131kla i\u015fledi\u011fi Havass kitab\u0131nda temposu hi\u00e7 d\u00fc\u015fmeyen, gizem ve heyecan dolu bir maceraya \u00e7a\u011f\u0131r\u0131yor okurlar\u0131. Da Vinci \u015eifresi\u2019ni sevenler bu kitab\u0131 ellerinden b\u0131rakamayacak. <\/p>\n","protected":false},"excerpt":{"rendered":"<p>Paracelsus\u2019tan Benjamin Franklin\u2019e, Isaac Newton\u2019dan Da Vinci\u2019ye uzanan kadim s\u0131rlar do\u011fru zaman gelinceye dek korunabilecek mi? G\u00fcl ve Ha\u00e7 Karde\u015fli\u011fi\u2019nin se\u00e7ilmi\u015fleri, insanl\u0131\u011f\u0131n gelece\u011fini \u015fekillendirecek, insan bilincinin<span class=\"excerpt-hellip\"> [\u2026]<\/span><\/p>\n","protected":false},"featured_media":0,"template":"","meta":{"_monsterinsights_skip_tracking":false,"_monsterinsights_sitenote_active":false,"_monsterinsights_sitenote_note":"","_monsterinsights_sitenote_category":0},"product_brand":[],"product_cat":[12803,12291],"product_tag":[],"class_list":{"0":"post-752220","1":"product","2":"type-product","3":"status-publish","5":"product_cat-aksiyon-macera","6":"product_cat-edebiyat","7":"pa_cilt-ciltsiz","8":"pa_tur-kitap","9":"pa_yayinevi-muptela-yayinevi","10":"pa_yazar-ayhan-ozden","12":"first","13":"instock","14":"sale","15":"shipping-taxable","16":"purchasable","17":"product-type-simple"},"_links":{"self":[{"href":"https:\/\/roveyayinevi.com.tr\/index.php\/wp-json\/wp\/v2\/product\/752220","targetHints":{"allow":["GET"]}}],"collection":[{"href":"https:\/\/roveyayinevi.com.tr\/index.php\/wp-json\/wp\/v2\/product"}],"about":[{"href":"https:\/\/roveyayinevi.com.tr\/index.php\/wp-json\/wp\/v2\/types\/product"}],"wp:attachment":[{"href":"https:\/\/roveyayinevi.com.tr\/index.php\/wp-json\/wp\/v2\/media?parent=752220"}],"wp:term":[{"taxonomy":"product_brand","embeddable":true,"href":"https:\/\/roveyayinevi.com.tr\/index.php\/wp-json\/wp\/v2\/product_brand?post=752220"},{"taxonomy":"product_cat","embeddable":true,"href":"https:\/\/roveyayinevi.com.tr\/index.php\/wp-json\/wp\/v2\/product_cat?post=752220"},{"taxonomy":"product_tag","embeddable":true,"href":"https:\/\/roveyayinevi.com.tr\/index.php\/wp-json\/wp\/v2\/product_tag?post=752220"}],"curies":[{"name":"wp","href":"https:\/\/api.w.org\/{rel}","templated":true}]}}