{"id":752219,"date":"2025-08-28T05:09:42","date_gmt":"2025-08-28T02:09:42","guid":{"rendered":"https:\/\/roveyayinevi.com.tr\/index.php\/urun\/antisosyal-ag\/"},"modified":"2026-04-16T03:05:35","modified_gmt":"2026-04-16T00:05:35","slug":"antisosyal-ag","status":"publish","type":"product","link":"https:\/\/roveyayinevi.com.tr\/index.php\/urun\/antisosyal-ag\/","title":{"rendered":"Antisosyal A\u011f"},"content":{"rendered":"<p>New York Post taraf\u0131ndan Y\u0131l\u0131n En \u0130yi Kitab\u0131 se\u00e7ilen Antisosyal A\u011f, Wall Street zenginlerinin \u00e2deta bir gecede nas\u0131l batt\u0131klar\u0131n\u0131 anlat\u0131yor!   ABD merkezli GameStop \u015firketi, video oyunlar\u0131 ve elektronik cihazlar satan s\u0131radan bir \u015firketti. Fakat pek \u00e7ok \u015firket gibi Covid-19 pandemisinden nasibini alm\u0131\u015f, pek \u00e7ok \u015fubesini kapataca\u011f\u0131n\u0131 a\u00e7\u0131klam\u0131\u015ft\u0131. Ayr\u0131ca borsadaki hisseleri de tarihin en d\u00fc\u015f\u00fck seviyesine gerilemi\u015fti. Yat\u0131r\u0131mlar\u0131n\u0131 GameStop\u2019un bataca\u011f\u0131 tahminine g\u00f6re \u015fekillendiren Wall Street zenginleri ellerini ovu\u015fturup g\u00fcn say\u0131yordu. Ama sonra Reddit\u2019teki WallStreetBets isimli forumun kullan\u0131c\u0131lar\u0131 h\u0131zla organize oldu ve milyonlarca insan, \u015firket hisselerini 3 dolar seviyesinden 460 dolara y\u00fckseltti. Bu beklenmedik y\u00fckseli\u015f sonras\u0131nda Wall Street zenginleri 5 milyar dolardan fazla zarar etti ve bu olay finans d\u00fcnyas\u0131n\u0131n en s\u0131rad\u0131\u015f\u0131 olaylar\u0131ndan biri olarak kaydedildi.    \u00c7oksatan yazar Ben Mezrich bu kitab\u0131nda Elon Musk, Steve Cohen, Mark Cuban gibi milyarderlerin hik\u00e2yeleri ile ABD finans tarihinin en \u00e7alkant\u0131l\u0131 olaylar\u0131ndan birini b\u00fcy\u00fcleyici bir \u015fekilde ve hi\u00e7 bilinmeyen detaylar\u0131yla anlat\u0131yor.   \u201c2021 k\u0131\u015f\u0131n\u0131n Davut ve Golyatvari GameStop k\u0131sa s\u0131k\u0131\u015ft\u0131rmas\u0131, \u015f\u00fcphesiz y\u0131l\u0131n en \u015fa\u015f\u0131rt\u0131c\u0131 hik\u00e2yelerinden biriydi. Mezrich, onu besleyen s\u0131rad\u0131\u015f\u0131 ki\u015filiklere ve kurumsal dramaya yeni bir soluk getiriyor.\u201d \u2013New York Post   \u201cBen Mezrich saf ger\u00e7ekli\u011fi al\u0131p ustaca ele al\u0131nm\u0131\u015f sinematik bir anlat\u0131ma d\u00f6n\u00fc\u015ft\u00fcr\u00fcyor.\u201d \u2013New York Times   \u201cFacebook\u2019un kurulu\u015fundan Vegas\u2019ta kazanmaya kadar bir\u00e7ok konuda yazan \u00e7oksatan yazar Bay Mezrich GameStop\u2019\u0131n hik\u00e2yesini bir dizi karakterin, hem de daha \u00f6nce borsada \u00e7ok az deneyimi olan ya da hi\u00e7 deneyimi olmayan k\u00fc\u00e7\u00fck yat\u0131r\u0131mc\u0131n\u0131n g\u00f6z\u00fcnden anlat\u0131yor.\u201d \u2015Wall Street Journal <\/p>\n","protected":false},"excerpt":{"rendered":"<p>New York Post taraf\u0131ndan Y\u0131l\u0131n En \u0130yi Kitab\u0131 se\u00e7ilen Antisosyal A\u011f, Wall Street zenginlerinin \u00e2deta bir gecede nas\u0131l batt\u0131klar\u0131n\u0131 anlat\u0131yor! ABD merkezli GameStop \u015firketi, video oyunlar\u0131<span class=\"excerpt-hellip\"> [\u2026]<\/span><\/p>\n","protected":false},"featured_media":0,"template":"","meta":{"_monsterinsights_skip_tracking":false,"_monsterinsights_sitenote_active":false,"_monsterinsights_sitenote_note":"","_monsterinsights_sitenote_category":0},"product_brand":[],"product_cat":[13043,17647],"product_tag":[],"class_list":{"0":"post-752219","1":"product","2":"type-product","3":"status-publish","5":"product_cat-ekonomi","6":"product_cat-is-dunyasi","7":"pa_cilt-ciltsiz","8":"pa_tur-kitap","9":"pa_yayinevi-nova-kitap","10":"pa_yazar-ben-mezrich","12":"first","13":"instock","14":"sale","15":"shipping-taxable","16":"purchasable","17":"product-type-simple"},"_links":{"self":[{"href":"https:\/\/roveyayinevi.com.tr\/index.php\/wp-json\/wp\/v2\/product\/752219","targetHints":{"allow":["GET"]}}],"collection":[{"href":"https:\/\/roveyayinevi.com.tr\/index.php\/wp-json\/wp\/v2\/product"}],"about":[{"href":"https:\/\/roveyayinevi.com.tr\/index.php\/wp-json\/wp\/v2\/types\/product"}],"wp:attachment":[{"href":"https:\/\/roveyayinevi.com.tr\/index.php\/wp-json\/wp\/v2\/media?parent=752219"}],"wp:term":[{"taxonomy":"product_brand","embeddable":true,"href":"https:\/\/roveyayinevi.com.tr\/index.php\/wp-json\/wp\/v2\/product_brand?post=752219"},{"taxonomy":"product_cat","embeddable":true,"href":"https:\/\/roveyayinevi.com.tr\/index.php\/wp-json\/wp\/v2\/product_cat?post=752219"},{"taxonomy":"product_tag","embeddable":true,"href":"https:\/\/roveyayinevi.com.tr\/index.php\/wp-json\/wp\/v2\/product_tag?post=752219"}],"curies":[{"name":"wp","href":"https:\/\/api.w.org\/{rel}","templated":true}]}}