{"id":752218,"date":"2025-08-28T05:09:41","date_gmt":"2025-08-28T02:09:41","guid":{"rendered":"https:\/\/roveyayinevi.com.tr\/index.php\/urun\/elektrik-kesintisi\/"},"modified":"2026-04-16T03:05:35","modified_gmt":"2026-04-16T00:05:35","slug":"elektrik-kesintisi","status":"publish","type":"product","link":"https:\/\/roveyayinevi.com.tr\/index.php\/urun\/elektrik-kesintisi\/","title":{"rendered":"Elektrik Kesintisi"},"content":{"rendered":"<p>B\u0130R SICAK HAVA DALGASI NEW YORK\u2019U KASIP KAVURUYORDU.   Elektrik kesintisiyle Manhattan birden karanl\u0131\u011fa g\u00f6m\u00fcl\u00fcrken \u015fa\u015f\u0131rt\u0131c\u0131 ger\u00e7ekler g\u00fcn \u0131\u015f\u0131\u011f\u0131na \u00e7\u0131kacak, arkada\u015fl\u0131klar a\u015fka d\u00f6n\u00fc\u015fecek ve bir anda her \u015fey m\u00fcmk\u00fcn g\u00f6r\u00fcnmeye ba\u015flayacakt\u0131.   Brooklyn\u2019deki partiye yeti\u015fmek isteyen eski sevgililerin \u00f6n\u00fcnde beraber ge\u00e7irecekleri saatler vard\u0131. Bir foto\u011fraf\u0131n pe\u015fine d\u00fc\u015fen iki k\u0131z\u0131 bamba\u015fka bir s\u0131r bekliyordu. Metroda mahsur kalan gen\u00e7ler ve k\u00fct\u00fcphanedeki s\u0131k\u0131 dostlar duygular\u0131yla y\u00fczle\u015fmek zorunda kalacaklard\u0131. \u0130ki yabanc\u0131n\u0131n kimlik ve a\u015fk konusunda tart\u0131\u015fmalar\u0131, New York\u2019a okul gezisiyle gelmi\u015f \u00fc\u00e7 liselinin a\u015fk \u00fc\u00e7geni kadar ka\u00e7\u0131n\u0131lmazd\u0131.   \u201cT\u00fcm g\u00fcvensizlikleri, hatalar\u0131 ve duygular\u0131yla gen\u00e7lerin a\u015fklar\u0131 \u00e7ok heyecan verici. Gen\u00e7 yeti\u015fkinler i\u00e7in yaz\u0131lm\u0131\u015f olsa da, Elektrik Kesintisi her ya\u015ftan okurun sevece\u011fi bir kitap.\u201d \u2014NPR   \u201cDhonielle Clayton, Tiffany D. Jackson, Nic Stone, Angie Thomas, Ashley Woodfolk ve Nicola Yoon, New York\u2019ta ya\u015fanan bir elektrik kesintisinde alt\u0131 siyahi \u00e7iftin ya\u015fad\u0131klar\u0131n\u0131 anlat\u0131yor.\u201d \u2014Publishers Weekly (starred review)   \u201cBu b\u00fcy\u00fcleyici a\u015fklar\u0131 sonuna kadar okuyabilmek i\u00e7in \u0131\u015f\u0131klar\u0131n\u0131z\u0131 sabaha kadar a\u00e7\u0131k b\u0131rakacaks\u0131n\u0131z.\u201d \u2014BCCB (starred review)   \u201cKuir temsili a\u00e7\u0131s\u0131ndan zengin ve tipik a\u015fk romanlar\u0131ndan \u00e7ok farkl\u0131.\u201d \u2014Booklist (starred review)   \u201cSiyahi gen\u00e7lerin \u0131\u015f\u0131l \u0131\u015f\u0131l a\u015fklar\u0131n\u0131 seven okurlar Elektrik Kesintisi\u2019ne bay\u0131lacak.\u201d \u2014Bookpage (starred review)   \u201cMizah ve romantizmin harika bir kar\u0131\u015f\u0131m\u0131n\u0131 sunan alt\u0131 g\u00fc\u00e7l\u00fc yazar, bittikten \u00e7ok sonra bile keyifle hat\u0131rlayaca\u011f\u0131n\u0131z bir kitaba imza atm\u0131\u015flar.\u201d \u2014Kirkus   \u201cHer karakter ve her b\u00f6l\u00fcm siyahi k\u00fclt\u00fcr\u00fcne \u00f6vg\u00fc niteli\u011finde.\u201d \u2014Shelf Awareness   \u201cAlt\u0131 siyahi gen\u00e7 yeti\u015fkin yazar\u0131n\u0131n kaleminden \u00e7\u0131kan bu alt\u0131 a\u015fk hik\u00e2yesi, New York\u2019un tamam\u0131n\u0131 etkileyen (kurgusal) bir elektrik kesintisi s\u0131ras\u0131nda ge\u00e7iyor.\u201d \u2014Horn Book Magazine <\/p>\n","protected":false},"excerpt":{"rendered":"<p>B\u0130R SICAK HAVA DALGASI NEW YORK\u2019U KASIP KAVURUYORDU. Elektrik kesintisiyle Manhattan birden karanl\u0131\u011fa g\u00f6m\u00fcl\u00fcrken \u015fa\u015f\u0131rt\u0131c\u0131 ger\u00e7ekler g\u00fcn \u0131\u015f\u0131\u011f\u0131na \u00e7\u0131kacak, arkada\u015fl\u0131klar a\u015fka d\u00f6n\u00fc\u015fecek ve bir anda her<span class=\"excerpt-hellip\"> [\u2026]<\/span><\/p>\n","protected":false},"featured_media":0,"template":"","meta":{"_monsterinsights_skip_tracking":false,"_monsterinsights_sitenote_active":false,"_monsterinsights_sitenote_note":"","_monsterinsights_sitenote_category":0},"product_brand":[],"product_cat":[12291,18202],"product_tag":[],"class_list":{"0":"post-752218","1":"product","2":"type-product","3":"status-publish","5":"product_cat-edebiyat","6":"product_cat-hikaye","7":"pa_cilt-ciltsiz","8":"pa_tur-kitap","9":"pa_yayinevi-yabanci-yayinevi","10":"pa_yazar-kolektif","12":"first","13":"instock","14":"sale","15":"shipping-taxable","16":"purchasable","17":"product-type-simple"},"_links":{"self":[{"href":"https:\/\/roveyayinevi.com.tr\/index.php\/wp-json\/wp\/v2\/product\/752218","targetHints":{"allow":["GET"]}}],"collection":[{"href":"https:\/\/roveyayinevi.com.tr\/index.php\/wp-json\/wp\/v2\/product"}],"about":[{"href":"https:\/\/roveyayinevi.com.tr\/index.php\/wp-json\/wp\/v2\/types\/product"}],"wp:attachment":[{"href":"https:\/\/roveyayinevi.com.tr\/index.php\/wp-json\/wp\/v2\/media?parent=752218"}],"wp:term":[{"taxonomy":"product_brand","embeddable":true,"href":"https:\/\/roveyayinevi.com.tr\/index.php\/wp-json\/wp\/v2\/product_brand?post=752218"},{"taxonomy":"product_cat","embeddable":true,"href":"https:\/\/roveyayinevi.com.tr\/index.php\/wp-json\/wp\/v2\/product_cat?post=752218"},{"taxonomy":"product_tag","embeddable":true,"href":"https:\/\/roveyayinevi.com.tr\/index.php\/wp-json\/wp\/v2\/product_tag?post=752218"}],"curies":[{"name":"wp","href":"https:\/\/api.w.org\/{rel}","templated":true}]}}