{"id":752216,"date":"2025-08-28T05:09:38","date_gmt":"2025-08-28T02:09:38","guid":{"rendered":"https:\/\/roveyayinevi.com.tr\/index.php\/urun\/narayana-felsefesi-upanisadlari-4-kitap\/"},"modified":"2026-04-16T03:05:35","modified_gmt":"2026-04-16T00:05:35","slug":"narayana-felsefesi-upanisadlari-4-kitap","status":"publish","type":"product","link":"https:\/\/roveyayinevi.com.tr\/index.php\/urun\/narayana-felsefesi-upanisadlari-4-kitap\/","title":{"rendered":"Narayana Felsefesi Upani\u015fadlar\u0131 (4. Kitap)"},"content":{"rendered":"<p>Hemen \u015fimdi dur! Akl\u0131n\u0131 t\u00fcm \u00f6\u011frendiklerinden bir s\u00fcreli\u011fine uzakla\u015ft\u0131r ve tek bir soruya odaklan! \u015eu anda huzurlu muyum? Kurulan t\u00fcm sistemler \u00e7\u00f6kmek \u00fczere! \u00c7\u00fcnk\u00fc insanl\u0131k \u00e7\u00f6k\u00fc\u015fte. Onlar\u0131n do\u011fru yoldan \u00e7\u0131kmas\u0131n\u0131, g\u00fcnah i\u015flemesini, bildi\u011fi her \u015fekilde yok etmesini, bile isteye zarar vermesini engellemek \u00fczere kurulmu\u015f sistemler, kadim zamana ait metinlerin i\u00e7inde sakl\u0131 olan ger\u00e7ekleri bitmeyen gizemlerden ve yasaklardan dokunmu\u015f bir \u00f6rt\u00fcn\u00fcn alt\u0131na saklarlar \u00e7\u00fcnk\u00fc yaz\u0131lm\u0131\u015f, dile getirilmi\u015f olan\u0131 kendi ger\u00e7eklerine g\u00f6re \u015fekillendirmenin ba\u015fka bir yolu yoktur. Bu nedenle kitaplar\u0131, fikrileri, konu\u015fmak yasakt\u0131r. Neden? \u00c7\u00fcnk\u00fc \u201cs\u00f6m\u00fcr\u00fc\u201d denilen eylem s\u00f6m\u00fcr\u00fclenden al\u0131nacak ba\u015fka hi\u00e7bir \u015fey kalmayana dek devam etmek zorunda. Bunu sa\u011flaman\u0131n tek yolu da s\u00f6m\u00fcr\u00fclenin \u00f6n\u00fcne asla sonu gelmeyen, mutlu etmeyen, cevaplar yerine sadece sorular \u00fcrettiren, cahil b\u0131rakan yeni alt sistemler koymakt\u0131r. Bu alt sistemler g\u00f6r\u00fcn\u00fc\u015fte birbirinden farkl\u0131 olsa da hepsi tek bir kayna\u011fa hizmet ediyor. Kendisinden \u201cucubeleri\u201d do\u011furan t\u00fcm sistemler y\u0131k\u0131ld\u0131\u011f\u0131nda, \u00f6rt\u00fclerin hepsi d\u00fc\u015ft\u00fc\u011f\u00fcnde tahamm\u00fcl\u00fcm\u00fcz olacak m\u0131 kendimize bakmaya? Ezberletilen, para kar\u015f\u0131l\u0131\u011f\u0131nda \u00f6\u011fretilen, bilinmezlerin i\u00e7inde uyu\u015fturan hi\u00e7bir \u015fey zaman\u0131n duvar\u0131na \u00e7arpmam\u0131za engel olamaz. Bunu idrak eden herkes kendi k\u00fc\u00e7\u00fck k\u0131yametini ya\u015fayacak. Ve bu k\u00fc\u00e7\u00fck k\u0131yamet ba\u015flad\u0131\u011f\u0131nda \u00f6\u011frendi\u011fin hi\u00e7bir \u015fey sana huzurunu geri getirmeyecek. <\/p>\n","protected":false},"excerpt":{"rendered":"<p>Hemen \u015fimdi dur! Akl\u0131n\u0131 t\u00fcm \u00f6\u011frendiklerinden bir s\u00fcreli\u011fine uzakla\u015ft\u0131r ve tek bir soruya odaklan! \u015eu anda huzurlu muyum? Kurulan t\u00fcm sistemler \u00e7\u00f6kmek \u00fczere! \u00c7\u00fcnk\u00fc insanl\u0131k \u00e7\u00f6k\u00fc\u015fte.<span class=\"excerpt-hellip\"> [\u2026]<\/span><\/p>\n","protected":false},"featured_media":0,"template":"","meta":{"_monsterinsights_skip_tracking":false,"_monsterinsights_sitenote_active":false,"_monsterinsights_sitenote_note":"","_monsterinsights_sitenote_category":0},"product_brand":[],"product_cat":[19998,12388],"product_tag":[],"class_list":{"0":"post-752216","1":"product","2":"type-product","3":"status-publish","5":"product_cat-din-felsefesi","6":"product_cat-felsefe","7":"pa_cilt-ciltsiz","8":"pa_tur-kitap","9":"pa_yayinevi-vaveyla-yayincilik","10":"pa_yazar-ayasya","12":"first","13":"instock","14":"sale","15":"shipping-taxable","16":"purchasable","17":"product-type-simple"},"_links":{"self":[{"href":"https:\/\/roveyayinevi.com.tr\/index.php\/wp-json\/wp\/v2\/product\/752216","targetHints":{"allow":["GET"]}}],"collection":[{"href":"https:\/\/roveyayinevi.com.tr\/index.php\/wp-json\/wp\/v2\/product"}],"about":[{"href":"https:\/\/roveyayinevi.com.tr\/index.php\/wp-json\/wp\/v2\/types\/product"}],"wp:attachment":[{"href":"https:\/\/roveyayinevi.com.tr\/index.php\/wp-json\/wp\/v2\/media?parent=752216"}],"wp:term":[{"taxonomy":"product_brand","embeddable":true,"href":"https:\/\/roveyayinevi.com.tr\/index.php\/wp-json\/wp\/v2\/product_brand?post=752216"},{"taxonomy":"product_cat","embeddable":true,"href":"https:\/\/roveyayinevi.com.tr\/index.php\/wp-json\/wp\/v2\/product_cat?post=752216"},{"taxonomy":"product_tag","embeddable":true,"href":"https:\/\/roveyayinevi.com.tr\/index.php\/wp-json\/wp\/v2\/product_tag?post=752216"}],"curies":[{"name":"wp","href":"https:\/\/api.w.org\/{rel}","templated":true}]}}