{"id":752215,"date":"2025-08-28T05:09:36","date_gmt":"2025-08-28T02:09:36","guid":{"rendered":"https:\/\/roveyayinevi.com.tr\/index.php\/urun\/derin-merhamet\/"},"modified":"2026-04-08T03:12:12","modified_gmt":"2026-04-08T00:12:12","slug":"derin-merhamet","status":"publish","type":"product","link":"https:\/\/roveyayinevi.com.tr\/index.php\/urun\/derin-merhamet\/","title":{"rendered":"Derin Merhamet"},"content":{"rendered":"<p>Meri\u00e7, bazen durgunla\u015f\u0131p bazen h\u0131r\u00e7\u0131nla\u015fan bir tuhaf adam. \u0130\u00e7ine ald\u0131\u011f\u0131 her \u015feyi bo\u011fmak istiyor o. Ak\u0131nt\u0131s\u0131nda, s\u00fcrekli ba\u015fka biri olmak istese de kim oldu\u011funu bilmenin \u00f6fkesi\u2026 Dibinde, yerinde durmayan a\u011f\u0131r m\u0131 a\u011f\u0131r ta\u015flar\u2026 Ad\u0131n\u0131 ald\u0131\u011f\u0131 nehir hayat\u0131, o ise \u00f6l\u00fcm\u00fc ta\u015f\u0131yor denizlere.   Selim Erdo\u011fan, yeni roman\u0131 Derin Merhamet\u2019te okuru kolay kolay unutulmayacak bir karakterle tan\u0131\u015ft\u0131r\u0131rken, insan psikolojisinin karanl\u0131k dehlizlerine indirip yolunu kaybettiriyor. Edebiyat\u0131m\u0131zda \u00f6rne\u011fine pek rastlanmayan bir seri katil hik\u00e2yesi anlatan Derin Merhamet, uzun s\u00fcre size e\u015flik edecek bir roman.   \u201cKoridordaki \u00e7antas\u0131n\u0131 al\u0131p evin karanl\u0131k odas\u0131na, karanl\u0131k cennetine girdi. Tavandaki spotlar\u0131n ikisi yan duvar\u0131, ikisi rafl\u0131 duvar\u0131 ayd\u0131nlat\u0131yordu. Eli, raflardaki tekli ayakkab\u0131lar, k\u0131rm\u0131z\u0131 bir kemer, cam\u0131 \u00e7atlak bir cep telefonu, k\u0131z\u0131l sa\u00e7l\u0131 bir oyuncak bebek, pembe kay\u0131\u015fl\u0131 ucuz bir kol saati, ye\u015fil \u00e7er\u00e7eveli bir \u00e7ocuk g\u00f6zl\u00fc\u011f\u00fc \u00fczerinde dola\u015ft\u0131. \u00c7antas\u0131ndan mavili beyazl\u0131 y\u0131pranm\u0131\u015f spor ayakkab\u0131s\u0131n\u0131 \u00e7\u0131kard\u0131. Burnundan \u00f6perek di\u011fer ayakkab\u0131lar\u0131n aras\u0131na yerle\u015ftirdi. \u0130ki ad\u0131m geriye \u00e7ekilerek seyretti. D\u00fcnyan\u0131n en nadide koleksiyonu buydu i\u015fte. Her bir par\u00e7a, pek \u00e7ok insan\u0131n varl\u0131\u011f\u0131ndan bile haberdar olmad\u0131\u011f\u0131 bir haz d\u00fczeyinin \u00fc\u00e7 boyutlu foto\u011fraf\u0131yd\u0131. Her bir obje kendi kontrol\u00fcnde sona eren hayatlar\u0131n ruhlar\u0131n\u0131n hapsedildi\u011fi, bu y\u00fczden p\u0131r\u0131lt\u0131l\u0131, canl\u0131 muhte\u015fem heykeller, taparcas\u0131na sevdi\u011fi sevgilileri, evrenin ona hediyeleriydi. Bu karanl\u0131k oda, \u00f6d\u00fcllendirmede c\u00f6mert ve h\u0131zl\u0131 bir Tanr\u0131\u2019ya ibadet edilen tek ki\u015filik bir dinin tap\u0131na\u011f\u0131yd\u0131.\u201d <\/p>\n","protected":false},"excerpt":{"rendered":"<p>Meri\u00e7, bazen durgunla\u015f\u0131p bazen h\u0131r\u00e7\u0131nla\u015fan bir tuhaf adam. \u0130\u00e7ine ald\u0131\u011f\u0131 her \u015feyi bo\u011fmak istiyor o. Ak\u0131nt\u0131s\u0131nda, s\u00fcrekli ba\u015fka biri olmak istese de kim oldu\u011funu bilmenin \u00f6fkesi\u2026<span class=\"excerpt-hellip\"> [\u2026]<\/span><\/p>\n","protected":false},"featured_media":0,"template":"","meta":{"_monsterinsights_skip_tracking":false,"_monsterinsights_sitenote_active":false,"_monsterinsights_sitenote_note":"","_monsterinsights_sitenote_category":0},"product_brand":[],"product_cat":[12291,12711],"product_tag":[],"class_list":{"0":"post-752215","1":"product","2":"type-product","3":"status-publish","5":"product_cat-edebiyat","6":"product_cat-roman-oyku","7":"pa_cilt-ciltsiz","8":"pa_tur-kitap","9":"pa_yayinevi-ithaki-yayinlari","10":"pa_yazar-selim-erdogan","12":"first","13":"instock","14":"sale","15":"shipping-taxable","16":"purchasable","17":"product-type-simple"},"_links":{"self":[{"href":"https:\/\/roveyayinevi.com.tr\/index.php\/wp-json\/wp\/v2\/product\/752215","targetHints":{"allow":["GET"]}}],"collection":[{"href":"https:\/\/roveyayinevi.com.tr\/index.php\/wp-json\/wp\/v2\/product"}],"about":[{"href":"https:\/\/roveyayinevi.com.tr\/index.php\/wp-json\/wp\/v2\/types\/product"}],"wp:attachment":[{"href":"https:\/\/roveyayinevi.com.tr\/index.php\/wp-json\/wp\/v2\/media?parent=752215"}],"wp:term":[{"taxonomy":"product_brand","embeddable":true,"href":"https:\/\/roveyayinevi.com.tr\/index.php\/wp-json\/wp\/v2\/product_brand?post=752215"},{"taxonomy":"product_cat","embeddable":true,"href":"https:\/\/roveyayinevi.com.tr\/index.php\/wp-json\/wp\/v2\/product_cat?post=752215"},{"taxonomy":"product_tag","embeddable":true,"href":"https:\/\/roveyayinevi.com.tr\/index.php\/wp-json\/wp\/v2\/product_tag?post=752215"}],"curies":[{"name":"wp","href":"https:\/\/api.w.org\/{rel}","templated":true}]}}