{"id":752213,"date":"2025-08-28T05:09:32","date_gmt":"2025-08-28T02:09:32","guid":{"rendered":"https:\/\/roveyayinevi.com.tr\/index.php\/urun\/hilal-1-kitap-icimdeki-seytan\/"},"modified":"2026-04-16T03:05:35","modified_gmt":"2026-04-16T00:05:35","slug":"hilal-1-kitap-icimdeki-seytan","status":"publish","type":"product","link":"https:\/\/roveyayinevi.com.tr\/index.php\/urun\/hilal-1-kitap-icimdeki-seytan\/","title":{"rendered":"Hilal 1. Kitap \/ \u0130\u00e7imdeki \u015eeytan"},"content":{"rendered":"<p>\u201cGe\u00e7imsiz, edepsiz, hafif nevropat, \u0131slah olmaz sosyopat Hilal. \u2018O\u2019 s\u0131n\u0131f\u0131n en g\u00fczel k\u0131z\u0131. Masum bir bedenin alt\u0131na gizlenmi\u015f \u015feytani yarat\u0131k.\u201d   Peki onunla tan\u0131\u015fmaya haz\u0131r m\u0131s\u0131n\u0131z?   Ba\u015f\u0131na buyruk, dik kafal\u0131, g\u00fcnlerini okulu as\u0131p hayat\u0131n tad\u0131n\u0131 \u00e7\u0131kararak ge\u00e7irmek isteyen Hilal\u2019in b\u00fcy\u00fck bir sorunu var. Kontrolc\u00fc annesinden tutun da hapishaneden bozma lisesindeki \u00f6\u011fretmenleri ve her soka\u011f\u0131n k\u00f6\u015fesine konu\u015flanm\u0131\u015f t\u00fcrl\u00fc t\u00fcrl\u00fc psikopat karaktere kadar herkes O\u2019nun bu serseri ruhunu k\u0131s\u0131tlamak istiyor. Yine de Hilal hayat\u0131n\u0131 istedi\u011fi gibi ya\u015famaya kararl\u0131 ve kimsenin yoluna \u00e7\u0131kmas\u0131na izin vermeye niyeti yok. Kendisine k\u00f6rk\u00fct\u00fck \u00e2\u015f\u0131k \u015eeytan\u2019\u0131n bile. Siz siz olun, Hilal\u2019e bula\u015fmay\u0131n. Bula\u015f\u0131rsan\u0131z da ba\u015f\u0131n\u0131za geleceklerden siz sorumlusunuz.   Usta \u00e7izer Kenan Yarar\u2019\u0131n k\u00fcltle\u015fmi\u015f \u00e7izgi roman serisi Hilal\u2019in bu ilk cildinde Hilal\u2019in erken d\u00f6nem hik\u00e2yeleri yeniden bir araya getiriliyor. Yarar, yeni edisyona \u00f6zel yazd\u0131\u011f\u0131 giri\u015f yaz\u0131s\u0131nda Hilal maceralar\u0131n\u0131n nas\u0131l ortaya \u00e7\u0131kt\u0131\u011f\u0131n\u0131 anlat\u0131yor. Bizzat \u00e7izeri taraf\u0131ndan tekrar elden ge\u00e7irilen, yenilenen, renklendirilen bu hik\u00e2yelere ek olarak Hilal\u2019in ilk d\u00f6nem orijinal dergi sayfalar\u0131 ile taslak ve \u00e7izimleri de ilk kez okurlar\u0131n be\u011fenisine sunuluyor. <\/p>\n","protected":false},"excerpt":{"rendered":"<p>\u201cGe\u00e7imsiz, edepsiz, hafif nevropat, \u0131slah olmaz sosyopat Hilal. \u2018O\u2019 s\u0131n\u0131f\u0131n en g\u00fczel k\u0131z\u0131. Masum bir bedenin alt\u0131na gizlenmi\u015f \u015feytani yarat\u0131k.\u201d Peki onunla tan\u0131\u015fmaya haz\u0131r m\u0131s\u0131n\u0131z? Ba\u015f\u0131na<span class=\"excerpt-hellip\"> [\u2026]<\/span><\/p>\n","protected":false},"featured_media":0,"template":"","meta":{"_monsterinsights_skip_tracking":false,"_monsterinsights_sitenote_active":false,"_monsterinsights_sitenote_note":"","_monsterinsights_sitenote_category":0},"product_brand":[],"product_cat":[12416,12291],"product_tag":[],"class_list":{"0":"post-752213","1":"product","2":"type-product","3":"status-publish","5":"product_cat-cizgi-roman","6":"product_cat-edebiyat","7":"pa_cilt-ciltsiz","8":"pa_tur-kitap","9":"pa_yayinevi-ithaki-yayinlari","10":"pa_yazar-kenan-yarar","12":"first","13":"instock","14":"sale","15":"shipping-taxable","16":"purchasable","17":"product-type-simple"},"_links":{"self":[{"href":"https:\/\/roveyayinevi.com.tr\/index.php\/wp-json\/wp\/v2\/product\/752213","targetHints":{"allow":["GET"]}}],"collection":[{"href":"https:\/\/roveyayinevi.com.tr\/index.php\/wp-json\/wp\/v2\/product"}],"about":[{"href":"https:\/\/roveyayinevi.com.tr\/index.php\/wp-json\/wp\/v2\/types\/product"}],"wp:attachment":[{"href":"https:\/\/roveyayinevi.com.tr\/index.php\/wp-json\/wp\/v2\/media?parent=752213"}],"wp:term":[{"taxonomy":"product_brand","embeddable":true,"href":"https:\/\/roveyayinevi.com.tr\/index.php\/wp-json\/wp\/v2\/product_brand?post=752213"},{"taxonomy":"product_cat","embeddable":true,"href":"https:\/\/roveyayinevi.com.tr\/index.php\/wp-json\/wp\/v2\/product_cat?post=752213"},{"taxonomy":"product_tag","embeddable":true,"href":"https:\/\/roveyayinevi.com.tr\/index.php\/wp-json\/wp\/v2\/product_tag?post=752213"}],"curies":[{"name":"wp","href":"https:\/\/api.w.org\/{rel}","templated":true}]}}