{"id":752211,"date":"2025-08-28T05:09:28","date_gmt":"2025-08-28T02:09:28","guid":{"rendered":"https:\/\/roveyayinevi.com.tr\/index.php\/urun\/kos-melos\/"},"modified":"2026-04-16T03:05:35","modified_gmt":"2026-04-16T00:05:35","slug":"kos-melos","status":"publish","type":"product","link":"https:\/\/roveyayinevi.com.tr\/index.php\/urun\/kos-melos\/","title":{"rendered":"Ko\u015f Melos!"},"content":{"rendered":"<p>\u201cBu ak\u015fam ben \u00f6ld\u00fcr\u00fclece\u011fim. \u00d6l\u00fcm\u00fcme ko\u015fuyorum. Yerime ge\u00e7en dostumu kurtarmak i\u00e7in ko\u015fuyorum. Bu kral\u0131n zalimliklerine ve d\u00fczenbazl\u0131\u011f\u0131na son vermek i\u00e7in ko\u015fuyorum.\u201d   Yirminci y\u00fczy\u0131l Japon edebiyat\u0131n\u0131n \u00f6nde gelen yazarlar\u0131ndan, s\u0131rad\u0131\u015f\u0131 hayat\u0131yla da me\u015fhur Osamu Dazai\u2019nin birbirine uzak zamanlarda kaleme ald\u0131\u011f\u0131 \u00fc\u00e7 \u00f6yk\u00fcy\u00fc bir araya getiren Ko\u015f Melos! yazar\u0131n farkl\u0131 y\u00f6nlerini okura sunuyor.   Kitaba ismini veren \u201cKo\u015f Melos!\u201d \u00f6yk\u00fcs\u00fcnde zalim Kral Dionysus, Melos\u2019u haks\u0131z bir \u015fekilde idama mahk\u00fbm eder. K\u0131z karde\u015finin d\u00fc\u011f\u00fcn\u00fcne gitmek i\u00e7in kraldan izin alan d\u00fcr\u00fcst Melos \u00fc\u00e7 g\u00fcn i\u00e7inde d\u00f6nmeyi ba\u015faramazsa dostu Selinintius idam edilecektir. \u201cG\u00fcn\u00fcn \u0130lk I\u015f\u0131klar\u0131\u201dnda alkolik bir aile babas\u0131, e\u015fi ve iki \u00e7ocu\u011fuyla birlikte Amerikan bombard\u0131man\u0131ndan kurtulmaya ve yeni bir hayat kurmaya \u00e7al\u0131\u015f\u0131r. Son \u00f6yk\u00fc \u201cVillon\u2019un Kar\u0131s\u0131\u201dnda ise bor\u00e7 i\u00e7indeki bir yazar ile e\u015fi \u0130kinci D\u00fcnya Sava\u015f\u0131 s\u0131ras\u0131nda g\u00fcndelik ya\u015famlar\u0131n\u0131 s\u00fcrd\u00fcrme m\u00fccadelesi verirler. <\/p>\n","protected":false},"excerpt":{"rendered":"<p>\u201cBu ak\u015fam ben \u00f6ld\u00fcr\u00fclece\u011fim. \u00d6l\u00fcm\u00fcme ko\u015fuyorum. Yerime ge\u00e7en dostumu kurtarmak i\u00e7in ko\u015fuyorum. Bu kral\u0131n zalimliklerine ve d\u00fczenbazl\u0131\u011f\u0131na son vermek i\u00e7in ko\u015fuyorum.\u201d Yirminci y\u00fczy\u0131l Japon edebiyat\u0131n\u0131n \u00f6nde<span class=\"excerpt-hellip\"> [\u2026]<\/span><\/p>\n","protected":false},"featured_media":0,"template":"","meta":{"_monsterinsights_skip_tracking":false,"_monsterinsights_sitenote_active":false,"_monsterinsights_sitenote_note":"","_monsterinsights_sitenote_category":0},"product_brand":[],"product_cat":[12291,12711],"product_tag":[],"class_list":{"0":"post-752211","1":"product","2":"type-product","3":"status-publish","5":"product_cat-edebiyat","6":"product_cat-roman-oyku","7":"pa_cilt-ciltsiz","8":"pa_tur-kitap","9":"pa_yayinevi-ithaki-yayinlari","10":"pa_yazar-osamu-dazai","12":"first","13":"instock","14":"sale","15":"shipping-taxable","16":"purchasable","17":"product-type-simple"},"_links":{"self":[{"href":"https:\/\/roveyayinevi.com.tr\/index.php\/wp-json\/wp\/v2\/product\/752211","targetHints":{"allow":["GET"]}}],"collection":[{"href":"https:\/\/roveyayinevi.com.tr\/index.php\/wp-json\/wp\/v2\/product"}],"about":[{"href":"https:\/\/roveyayinevi.com.tr\/index.php\/wp-json\/wp\/v2\/types\/product"}],"wp:attachment":[{"href":"https:\/\/roveyayinevi.com.tr\/index.php\/wp-json\/wp\/v2\/media?parent=752211"}],"wp:term":[{"taxonomy":"product_brand","embeddable":true,"href":"https:\/\/roveyayinevi.com.tr\/index.php\/wp-json\/wp\/v2\/product_brand?post=752211"},{"taxonomy":"product_cat","embeddable":true,"href":"https:\/\/roveyayinevi.com.tr\/index.php\/wp-json\/wp\/v2\/product_cat?post=752211"},{"taxonomy":"product_tag","embeddable":true,"href":"https:\/\/roveyayinevi.com.tr\/index.php\/wp-json\/wp\/v2\/product_tag?post=752211"}],"curies":[{"name":"wp","href":"https:\/\/api.w.org\/{rel}","templated":true}]}}