{"id":752204,"date":"2025-08-28T05:09:16","date_gmt":"2025-08-28T02:09:16","guid":{"rendered":"https:\/\/roveyayinevi.com.tr\/index.php\/urun\/ozsayginin-alti-prensibi\/"},"modified":"2026-04-16T03:05:35","modified_gmt":"2026-04-16T00:05:35","slug":"ozsayginin-alti-prensibi","status":"publish","type":"product","link":"https:\/\/roveyayinevi.com.tr\/index.php\/urun\/ozsayginin-alti-prensibi\/","title":{"rendered":"\u00d6zsayg\u0131n\u0131n Alt\u0131 Prensibi"},"content":{"rendered":"<p>D\u00fcnyaca \u00fcnl\u00fc psikoterapist Nathaniel Branden hayat boyu ger\u00e7ekle\u015ftirdi\u011fi klinik \u00e7al\u0131\u015fmalar ve ara\u015ft\u0131rmalar neticesinde, bize \u00f6zsayg\u0131n\u0131n zihinsel sa\u011fl\u0131\u011f\u0131m\u0131z, ki\u015fisel geli\u015fimimiz ve ili\u015fkilerimiz \u00fczerinde ne denli b\u00fcy\u00fck bir \u00f6nemi oldu\u011funu anlat\u0131yor. \u00d6zsayg\u0131 \u00fczerine yaz\u0131lm\u0131\u015f en kapsaml\u0131 eser olan ve psikoloji alan\u0131ndaki klasiklerinden say\u0131lan kitapta Branden, \u00f6zsayg\u0131n\u0131n ne olup ne olmad\u0131\u011f\u0131n\u0131 a\u00e7\u0131kl\u0131\u011fa kavu\u015fturuyor. \u00d6zsayg\u0131y\u0131 olu\u015fturan alt\u0131 prensibi tan\u0131tarak, her prensip i\u00e7in verdi\u011fi y\u00f6ntemler ve al\u0131\u015ft\u0131rmalarla kendinizi daha yak\u0131ndan tan\u0131man\u0131za ve \u00f6zsayg\u0131 seviyenizi y\u00fckseltmenize yard\u0131mc\u0131 olacak yollar\u0131 g\u00f6steriyor. Ayn\u0131 zamanda Branden \u00f6zsayg\u0131n\u0131n ebeveynlik, e\u011fitim, i\u015f, psikoterapi alanlar\u0131ndaki etkisini ayr\u0131 ayr\u0131 ele alarak neden en \u00f6nemli insani ihtiya\u00e7lardan biri oldu\u011funu ara\u015ft\u0131r\u0131yor. Dolay\u0131s\u0131yla kitap ba\u015fkalar\u0131n\u0131n \u00f6zsayg\u0131 seviyeleri \u00fczerinde b\u00fcy\u00fck etkisi olan ebeveynler, \u00f6\u011fretmenler, y\u00f6neticiler ve terapistler i\u00e7in de bir k\u0131lavuz niteli\u011finde. G\u00fcn\u00fcm\u00fcz\u00fcn kaotik ve rekabet\u00e7i d\u00fcnyas\u0131nda hem ki\u015fisel hem de mesleki a\u00e7\u0131dan mutlulu\u011fa ula\u015fmak i\u00e7in kendi de\u011ferinizi i\u00e7selle\u015ftirerek tatmin edici bir \u00f6zsayg\u0131 deneyimi ya\u015famak istiyorsan\u0131z, bu \u00e7al\u0131\u015fma size \u00f6zel bir ba\u015f ucu kitab\u0131 olacak. <\/p>\n","protected":false},"excerpt":{"rendered":"<p>D\u00fcnyaca \u00fcnl\u00fc psikoterapist Nathaniel Branden hayat boyu ger\u00e7ekle\u015ftirdi\u011fi klinik \u00e7al\u0131\u015fmalar ve ara\u015ft\u0131rmalar neticesinde, bize \u00f6zsayg\u0131n\u0131n zihinsel sa\u011fl\u0131\u011f\u0131m\u0131z, ki\u015fisel geli\u015fimimiz ve ili\u015fkilerimiz \u00fczerinde ne denli b\u00fcy\u00fck bir<span class=\"excerpt-hellip\"> [\u2026]<\/span><\/p>\n","protected":false},"featured_media":0,"template":"","meta":{"_monsterinsights_skip_tracking":false,"_monsterinsights_sitenote_active":false,"_monsterinsights_sitenote_note":"","_monsterinsights_sitenote_category":0},"product_brand":[],"product_cat":[12357],"product_tag":[],"class_list":{"0":"post-752204","1":"product","2":"type-product","3":"status-publish","5":"product_cat-psikoloji","6":"pa_cilt-ciltsiz","7":"pa_tur-kitap","8":"pa_yayinevi-diyojen-yayincilik","9":"pa_yazar-nathaniel-branden","11":"first","12":"instock","13":"sale","14":"shipping-taxable","15":"purchasable","16":"product-type-simple"},"_links":{"self":[{"href":"https:\/\/roveyayinevi.com.tr\/index.php\/wp-json\/wp\/v2\/product\/752204","targetHints":{"allow":["GET"]}}],"collection":[{"href":"https:\/\/roveyayinevi.com.tr\/index.php\/wp-json\/wp\/v2\/product"}],"about":[{"href":"https:\/\/roveyayinevi.com.tr\/index.php\/wp-json\/wp\/v2\/types\/product"}],"wp:attachment":[{"href":"https:\/\/roveyayinevi.com.tr\/index.php\/wp-json\/wp\/v2\/media?parent=752204"}],"wp:term":[{"taxonomy":"product_brand","embeddable":true,"href":"https:\/\/roveyayinevi.com.tr\/index.php\/wp-json\/wp\/v2\/product_brand?post=752204"},{"taxonomy":"product_cat","embeddable":true,"href":"https:\/\/roveyayinevi.com.tr\/index.php\/wp-json\/wp\/v2\/product_cat?post=752204"},{"taxonomy":"product_tag","embeddable":true,"href":"https:\/\/roveyayinevi.com.tr\/index.php\/wp-json\/wp\/v2\/product_tag?post=752204"}],"curies":[{"name":"wp","href":"https:\/\/api.w.org\/{rel}","templated":true}]}}