{"id":752203,"date":"2025-08-28T05:09:15","date_gmt":"2025-08-28T02:09:15","guid":{"rendered":"https:\/\/roveyayinevi.com.tr\/index.php\/urun\/virus-sayi-16-temmuz-agustos-eylul-2023\/"},"modified":"2026-04-16T03:05:35","modified_gmt":"2026-04-16T00:05:35","slug":"virus-sayi-16-temmuz-agustos-eylul-2023","status":"publish","type":"product","link":"https:\/\/roveyayinevi.com.tr\/index.php\/urun\/virus-sayi-16-temmuz-agustos-eylul-2023\/","title":{"rendered":"Vir\u00fcs Say\u0131: 16 (Temmuz \u2013 A\u011fustos \u2013 Eyl\u00fcl 2023)"},"content":{"rendered":"<p>V\u0130R\u00dcS\u2019\u00fcn \u00ab on be\u015f \u00bb say\u0131s\u0131n\u0131 ilgiyle kar\u015f\u0131layan, sesimize ses veren herkese te\u015fekk\u00fcr ediyoruz\u2026 \u201cV\u0130R\u00dcS\u201d\u00fcn 16. say\u0131s\u0131 a\u015fa\u011f\u0131daki dostlar\u0131m\u0131zla birlikte elinizde\u2026             Nevhiz Tanyeli Ahmet Telli Cemil Kavuk\u00e7u William Blake Cevat \u00c7apan Ali Cengizkan Semiramis Ya\u011fc\u0131o\u011flu Haydar Erg\u00fclen Tu\u011frul Keskin Eray Canberk C. Hakk\u0131 Zari\u00e7 Kenan Sar\u0131alio\u011flu Ferruh Tun\u00e7 Stephane Mallarme Arife Kalender H\u00fcseyin Ferhad Metin Turan George Wallece \u00d6zge Cengiz O\u011fuzhan Akay Bahtiyar Kaymak Aykar S\u00f6nmez \u00dcmit Y\u0131ld\u0131r\u0131m \u00dcnal Ers\u00f6zl\u00fc E. E. Cummings Sinan Fi\u015fek Emel \u00c7ark\u00e7\u0131 William Alexander Gonzales Guevara Ay\u015fe Nihal Akbulut Abdullah Ezik Ercan \u00c7ankaya Erkan Karakiraz Esat \u015eenyuva Erkut Tokman Fatma M\u00fckerrem Mehmet Kanar Eser Ceren Erdi Georg Trakl Hilmi Tezg\u00f6r Mehmet Erte G\u00fclce Ba\u015fer G\u00fclten Do\u011fruyol \u0130ncesu Janset H\u00fcseyin K\u00f6se Kardelen Y\u0131ld\u0131r\u0131m Kemale Umudova Kulu A\u011fseso\u011flu Zeynalov U\u011fur B\u00fcke K\u0131ymet Erzincan K\u0131na Berivan Kaya Mark Strand Levent Karata\u015f Muzaffer Kale Mesut Bar\u0131\u015f \u00d6v\u00fcn M\u00fcnire \u00c7al\u0131\u015fkan Tu\u011f Nikolay Leskov Onur \u015eahin Ozan \u00d6ztepe G\u00fcl\u00fcmser \u00c7ankaya Rabia \u00c7elik \u00c7ad\u0131rc\u0131 \u015e. Didem Keremo\u011flu Zekeriya \u015eim\u015fek Reha Y\u00fcnl\u00fcel Murat Ural \u00c7erkes Karada\u011f<\/p>\n","protected":false},"excerpt":{"rendered":"<p>V\u0130R\u00dcS\u2019\u00fcn \u00ab on be\u015f \u00bb say\u0131s\u0131n\u0131 ilgiyle kar\u015f\u0131layan, sesimize ses veren herkese te\u015fekk\u00fcr ediyoruz\u2026 \u201cV\u0130R\u00dcS\u201d\u00fcn 16. say\u0131s\u0131 a\u015fa\u011f\u0131daki dostlar\u0131m\u0131zla birlikte elinizde\u2026 Nevhiz Tanyeli Ahmet Telli Cemil<span class=\"excerpt-hellip\"> [\u2026]<\/span><\/p>\n","protected":false},"featured_media":0,"template":"","meta":{"_monsterinsights_skip_tracking":false,"_monsterinsights_sitenote_active":false,"_monsterinsights_sitenote_note":"","_monsterinsights_sitenote_category":0},"product_brand":[],"product_cat":[13527],"product_tag":[],"class_list":{"0":"post-752203","1":"product","2":"type-product","3":"status-publish","5":"product_cat-sureli-yayinlar","6":"pa_cilt-ciltsiz","7":"pa_tur-dergi","8":"pa_yayinevi-virus-dergisi","9":"pa_yazar-kolektif","11":"first","12":"instock","13":"sale","14":"shipping-taxable","15":"purchasable","16":"product-type-simple"},"_links":{"self":[{"href":"https:\/\/roveyayinevi.com.tr\/index.php\/wp-json\/wp\/v2\/product\/752203","targetHints":{"allow":["GET"]}}],"collection":[{"href":"https:\/\/roveyayinevi.com.tr\/index.php\/wp-json\/wp\/v2\/product"}],"about":[{"href":"https:\/\/roveyayinevi.com.tr\/index.php\/wp-json\/wp\/v2\/types\/product"}],"wp:attachment":[{"href":"https:\/\/roveyayinevi.com.tr\/index.php\/wp-json\/wp\/v2\/media?parent=752203"}],"wp:term":[{"taxonomy":"product_brand","embeddable":true,"href":"https:\/\/roveyayinevi.com.tr\/index.php\/wp-json\/wp\/v2\/product_brand?post=752203"},{"taxonomy":"product_cat","embeddable":true,"href":"https:\/\/roveyayinevi.com.tr\/index.php\/wp-json\/wp\/v2\/product_cat?post=752203"},{"taxonomy":"product_tag","embeddable":true,"href":"https:\/\/roveyayinevi.com.tr\/index.php\/wp-json\/wp\/v2\/product_tag?post=752203"}],"curies":[{"name":"wp","href":"https:\/\/api.w.org\/{rel}","templated":true}]}}