{"id":752202,"date":"2025-08-28T05:09:14","date_gmt":"2025-08-28T02:09:14","guid":{"rendered":"https:\/\/roveyayinevi.com.tr\/index.php\/urun\/cogito-110-utanca-bakmak\/"},"modified":"2026-04-16T03:05:35","modified_gmt":"2026-04-16T00:05:35","slug":"cogito-110-utanca-bakmak","status":"publish","type":"product","link":"https:\/\/roveyayinevi.com.tr\/index.php\/urun\/cogito-110-utanca-bakmak\/","title":{"rendered":"Cogito 110 : Utanca Bakmak"},"content":{"rendered":"<p>3 ayl\u0131k d\u00fc\u015f\u00fcnce dergisi cogito&#8217;nun Yaz 2023 dosyas\u0131 &#8220;Utanca Bakmak&#8221;. Aylin Kuryel&#8217;in edit\u00f6rl\u00fc\u011f\u00fcn\u00fc yapt\u0131\u011f\u0131 \u201cUtanca Bakmak\u201d dosyas\u0131 utanc\u0131n, toplumsal s\u00fcre\u00e7ler i\u00e7inde \u015fekillenen bir duygu olarak yak\u0131ndan bak\u0131ld\u0131\u011f\u0131nda beden politikalar\u0131, mahremin s\u0131n\u0131rlar\u0131 ve tahakk\u00fcme direni\u015f bi\u00e7imleri hakk\u0131nda \u00f6nemli ipu\u00e7lar\u0131 sa\u011flayabilece\u011fi fikrinden yola \u00e7\u0131k\u0131yor. Duygular\u0131n tarihsel ve k\u00fclt\u00fcrel olarak nas\u0131l bi\u00e7im ald\u0131\u011f\u0131n\u0131 ve toplumsal olan\u0131 nas\u0131l \u015fekillendirdiklerini inceleyen duygular sosyolojisi perspektifinden yola \u00e7\u0131karak, utanc\u0131n ifadeleri, i\u015flevleri, reddi ve olanaklar\u0131n\u0131 tart\u0131\u015fan yaz\u0131lar\u0131 bir araya getiriyor. T\u00fcrkiye ba\u011flam\u0131nda adab-\u0131 mua\u015feret kurallar\u0131ndan Ye\u015fil\u00e7am sinemas\u0131na, medya s\u00f6ylemlerinden dizilere, kamusal utand\u0131rma anlar\u0131 ve ki\u015fisel deneyimlerden politik m\u00fccadelelerin duygulan\u0131msal \u00f6r\u00fclme bi\u00e7imlerine uzanan bir hat bu. Utan\u00e7 \u00fczerine var olan literat\u00fcr ile konu\u015fan, utan\u00e7 hakk\u0131nda yazman\u0131n kendisi \u00fczerine de d\u00fc\u015f\u00fcnen metinler bunlar. Makalelerin yan\u0131 s\u0131ra deneme, \u00f6yk\u00fc \u015fiir ve g\u00f6rsel formda katk\u0131lar da yer al\u0131yor dosyada.   \u0130\u00e7indekiler : Cogito\u2019dan \u2022Aylin Kuryel: Sunu\u015f: Utanca Bakmak \u2022T\u00fclin Ural: Erken Cumhuriyet D\u00f6neminin Utan\u00e7 \u0130klimi: 1930\u2019lar T\u00fcrkiyesi Adab-\u0131 Mua\u015feret Kitaplar\u0131nda Utan\u00e7 \u2022 Ay\u015fe Devrim Ba\u015fterzi: Muktedir Olmayan \u00d6znelerin Utan\u00e7la \u0130mtihan\u0131: Kad\u0131nlar\u0131n \u00d6rt\u00fcs\u00fc, Evlerin Perdesi, Patriyarkan\u0131n Yak\u0131t\u0131 Olarak Utanca Psikanalitik Bak\u0131\u015f \u2022 Ay\u00e7a \u00c7ift\u00e7i: Dudaklar\u0131mda Arzu: Ye\u015fil\u00e7am\u2019\u0131n Ergenli\u011fi, T\u00fcrkan \u015eoray\u2019\u0131n Utanc\u0131 \u2022 Nazl\u0131 Cem: Sevgili G\u00fcnl\u00fck \u2022 Birkan Ta\u015f: Ne Yanl\u0131\u015f ne de Yaln\u0131z: Utan\u00e7, Toplumsal Cinsiyet ve Cinsellik \u2022 Bawer: Gurur ve Utan\u00e7: LGBT\u0130+\u2019lara Y\u00f6nelik Kamusal Utand\u0131rma, HIVfobi ve Baz\u0131 Di\u011fer \u015eeyler \u2022 Erin\u00e7 Seymen: Babi\u015fko \u2022 Yetkin Nural: Y\u00fcr\u00fcy\u00fc\u015f \u2022 \u00d6zg\u00fcr Sevgi G\u00f6ral: Su Alt\u0131nda Kalanlar, \u0130nan\u00e7l\u0131lar, D\u00f6v\u00fc\u015fenler, Failler, Umursamayanlar ve Utanc\u0131n Katmanlar\u0131 \u2022 Nevzat Say\u0131n: Tepkisel Bir Utan\u00e7 Tutana\u011f\u0131 Olarak G\u00fcncel Mimarl\u0131k Tarihi \u0130\u00e7in Sinopsis \u2022 Mustafa Kemal Co\u015fkun: \u0130\u015f\u00e7i S\u0131n\u0131f\u0131, Duygular ve Utan\u00e7 \u2022 Se\u00e7kin Erdi: Bir Sayfiye Ziyareti \u2022 Dina Georgis: Onurun \u00d6tesinde D\u00fc\u015f\u00fcnmek: Bareed Mista3jil\u2019de Queer Arap Utanc\u0131 \u2022 Elspeth Probyn: G\u00fcndelik Utan\u00e7 <\/p>\n","protected":false},"excerpt":{"rendered":"<p>3 ayl\u0131k d\u00fc\u015f\u00fcnce dergisi cogito&#8217;nun Yaz 2023 dosyas\u0131 &#8220;Utanca Bakmak&#8221;. Aylin Kuryel&#8217;in edit\u00f6rl\u00fc\u011f\u00fcn\u00fc yapt\u0131\u011f\u0131 \u201cUtanca Bakmak\u201d dosyas\u0131 utanc\u0131n, toplumsal s\u00fcre\u00e7ler i\u00e7inde \u015fekillenen bir duygu olarak yak\u0131ndan<span class=\"excerpt-hellip\"> [\u2026]<\/span><\/p>\n","protected":false},"featured_media":0,"template":"","meta":{"_monsterinsights_skip_tracking":false,"_monsterinsights_sitenote_active":false,"_monsterinsights_sitenote_note":"","_monsterinsights_sitenote_category":0},"product_brand":[],"product_cat":[13527],"product_tag":[],"class_list":{"0":"post-752202","1":"product","2":"type-product","3":"status-publish","5":"product_cat-sureli-yayinlar","6":"pa_cilt-ciltsiz","7":"pa_tur-dergi","8":"pa_yayinevi-yapi-kredi-yayinlari-dergi","9":"pa_yazar-kolektif","11":"first","12":"instock","13":"sale","14":"shipping-taxable","15":"purchasable","16":"product-type-simple"},"_links":{"self":[{"href":"https:\/\/roveyayinevi.com.tr\/index.php\/wp-json\/wp\/v2\/product\/752202","targetHints":{"allow":["GET"]}}],"collection":[{"href":"https:\/\/roveyayinevi.com.tr\/index.php\/wp-json\/wp\/v2\/product"}],"about":[{"href":"https:\/\/roveyayinevi.com.tr\/index.php\/wp-json\/wp\/v2\/types\/product"}],"wp:attachment":[{"href":"https:\/\/roveyayinevi.com.tr\/index.php\/wp-json\/wp\/v2\/media?parent=752202"}],"wp:term":[{"taxonomy":"product_brand","embeddable":true,"href":"https:\/\/roveyayinevi.com.tr\/index.php\/wp-json\/wp\/v2\/product_brand?post=752202"},{"taxonomy":"product_cat","embeddable":true,"href":"https:\/\/roveyayinevi.com.tr\/index.php\/wp-json\/wp\/v2\/product_cat?post=752202"},{"taxonomy":"product_tag","embeddable":true,"href":"https:\/\/roveyayinevi.com.tr\/index.php\/wp-json\/wp\/v2\/product_tag?post=752202"}],"curies":[{"name":"wp","href":"https:\/\/api.w.org\/{rel}","templated":true}]}}