{"id":752187,"date":"2025-08-28T05:08:50","date_gmt":"2025-08-28T02:08:50","guid":{"rendered":"https:\/\/roveyayinevi.com.tr\/index.php\/urun\/meslekleri-ogreniyorum-biyologluk-stem-meslekleri\/"},"modified":"2026-04-16T03:05:34","modified_gmt":"2026-04-16T00:05:34","slug":"meslekleri-ogreniyorum-biyologluk-stem-meslekleri","status":"publish","type":"product","link":"https:\/\/roveyayinevi.com.tr\/index.php\/urun\/meslekleri-ogreniyorum-biyologluk-stem-meslekleri\/","title":{"rendered":"Meslekleri \u00d6\u011freniyorum &#8211; Biyologluk Stem Meslekleri"},"content":{"rendered":"<p>MESLEKLER\u0130 \u00d6\u011eREN\u0130YORUM- B\u0130YOLOGLUK STEM MESLEKLER\u0130 Bilim ve teknolojiye merakl\u0131 m\u0131s\u0131n? Peki ya m\u00fchendislik ve matemati\u011fe? Cevab\u0131n \u00abEvet\u00bb ise STEM meslekleri tam sana g\u00f6re! Bu ilgi \u00e7ekici kitaplarla STEM meslekleri hakk\u0131nda detayl\u0131 bilgiye sahip olabilirsin. Bu serinin b\u00fct\u00fcn kitaplar\u0131n\u0131 okuyup gelecekteki mesle\u011fine karar vermeye ne dersin? <\/p>\n","protected":false},"excerpt":{"rendered":"<p>MESLEKLER\u0130 \u00d6\u011eREN\u0130YORUM- B\u0130YOLOGLUK STEM MESLEKLER\u0130 Bilim ve teknolojiye merakl\u0131 m\u0131s\u0131n? Peki ya m\u00fchendislik ve matemati\u011fe? Cevab\u0131n \u00abEvet\u00bb ise STEM meslekleri tam sana g\u00f6re! Bu ilgi \u00e7ekici<span class=\"excerpt-hellip\"> [\u2026]<\/span><\/p>\n","protected":false},"featured_media":0,"template":"","meta":{"_monsterinsights_skip_tracking":false,"_monsterinsights_sitenote_active":false,"_monsterinsights_sitenote_note":"","_monsterinsights_sitenote_category":0},"product_brand":[],"product_cat":[13829,12274],"product_tag":[],"class_list":{"0":"post-752187","1":"product","2":"type-product","3":"status-publish","5":"product_cat-bilimsel-kitaplar","6":"product_cat-cocuk-ve-genclik-kitaplari","7":"pa_cilt-ciltsiz","8":"pa_tur-kitap","9":"pa_yayinevi-beyaz-balina-yayinlari","10":"pa_yazar-r-j-bailey","12":"first","13":"instock","14":"sale","15":"shipping-taxable","16":"purchasable","17":"product-type-simple"},"_links":{"self":[{"href":"https:\/\/roveyayinevi.com.tr\/index.php\/wp-json\/wp\/v2\/product\/752187","targetHints":{"allow":["GET"]}}],"collection":[{"href":"https:\/\/roveyayinevi.com.tr\/index.php\/wp-json\/wp\/v2\/product"}],"about":[{"href":"https:\/\/roveyayinevi.com.tr\/index.php\/wp-json\/wp\/v2\/types\/product"}],"wp:attachment":[{"href":"https:\/\/roveyayinevi.com.tr\/index.php\/wp-json\/wp\/v2\/media?parent=752187"}],"wp:term":[{"taxonomy":"product_brand","embeddable":true,"href":"https:\/\/roveyayinevi.com.tr\/index.php\/wp-json\/wp\/v2\/product_brand?post=752187"},{"taxonomy":"product_cat","embeddable":true,"href":"https:\/\/roveyayinevi.com.tr\/index.php\/wp-json\/wp\/v2\/product_cat?post=752187"},{"taxonomy":"product_tag","embeddable":true,"href":"https:\/\/roveyayinevi.com.tr\/index.php\/wp-json\/wp\/v2\/product_tag?post=752187"}],"curies":[{"name":"wp","href":"https:\/\/api.w.org\/{rel}","templated":true}]}}