{"id":752183,"date":"2025-08-28T05:08:43","date_gmt":"2025-08-28T02:08:43","guid":{"rendered":"https:\/\/roveyayinevi.com.tr\/index.php\/urun\/hain-kralice-ciltli\/"},"modified":"2026-04-16T03:05:34","modified_gmt":"2026-04-16T00:05:34","slug":"hain-kralice-ciltli","status":"publish","type":"product","link":"https:\/\/roveyayinevi.com.tr\/index.php\/urun\/hain-kralice-ciltli\/","title":{"rendered":"Hain Krali\u00e7e (Ciltli)"},"content":{"rendered":"<p>Hain damgas\u0131 yedikten sonra s\u00fcrg\u00fcne g\u00f6nderilen Ithicana Krali\u00e7esi Lara, \u00f6z babas\u0131n\u0131n \u00fclkeyi i\u015fgal etti\u011fine \u015fahit olmu\u015f fakat y\u0131k\u0131m\u0131 durdurmak konusunda \u00e7aresiz kalm\u0131\u015ft\u0131. E\u015fi Aren\u2019\u0131n sava\u015fta ka\u00e7\u0131r\u0131ld\u0131\u011f\u0131n\u0131 \u00f6\u011frendi\u011fi anda, babas\u0131n\u0131n onu hayatta tutmas\u0131n\u0131n yaln\u0131zca tek bir sebebi oldu\u011funu biliyordu: Hain k\u0131z\u0131n\u0131 yakalamak i\u00e7in Ithicana Kral\u0131\u2019n\u0131 yem olarak kullanacakt\u0131.   Durum her ne olursa olsun, Lara bu yemi yutmaya fazlas\u0131yla kararl\u0131yd\u0131.   F\u0131rt\u0131na Denizleri\u2019nde hayat\u0131n\u0131 tehlikeye atarken Ithicana\u2019ya yaln\u0131zca kral\u0131n\u0131 serbest b\u0131rakmak i\u00e7in gitmemi\u015fti. Ayn\u0131 zamanda da \u00fclkeyi babas\u0131n\u0131n pen\u00e7elerinden kurtarmak ad\u0131na yapt\u0131\u011f\u0131 plan\u0131 harekete ge\u00e7irmeye \u00e7al\u0131\u015f\u0131yordu. Bunu yaparken kral\u0131n kendi silahlar\u0131n\u0131, hayat\u0131n\u0131 kurtard\u0131\u011f\u0131 k\u0131z karde\u015flerini kullanacakt\u0131.   Ancak babas\u0131n\u0131n saray\u0131 hem ge\u00e7ilmezdi hem de oyunun i\u00e7inde Lara\u2019n\u0131n sand\u0131\u011f\u0131ndan \u00e7ok daha fazla oyuncu vard\u0131. Ta\u00e7, krall\u0131k ve k\u00f6pr\u00fc i\u00e7in verilen bu sava\u015fta, dostlar ve d\u00fc\u015fmanlar birbirine kar\u0131\u015fmaya ba\u015flam\u0131\u015ft\u0131. Lara\u2019n\u0131n en b\u00fcy\u00fck d\u00fc\u015fman\u0131 ise kurtarmaya \u00e7abalad\u0131\u011f\u0131 adam\u0131n ta kendisi, ihanet etti\u011fi e\u015fiydi. Sevdi\u011fi her \u015fey tehlikedeyken kim i\u00e7in ve ne i\u00e7in sava\u015ft\u0131\u011f\u0131na karar vermeliydi. Krall\u0131\u011f\u0131 i\u00e7in mi? E\u015fi i\u00e7in mi? Yoksa kendisi i\u00e7in mi? <\/p>\n","protected":false},"excerpt":{"rendered":"<p>Hain damgas\u0131 yedikten sonra s\u00fcrg\u00fcne g\u00f6nderilen Ithicana Krali\u00e7esi Lara, \u00f6z babas\u0131n\u0131n \u00fclkeyi i\u015fgal etti\u011fine \u015fahit olmu\u015f fakat y\u0131k\u0131m\u0131 durdurmak konusunda \u00e7aresiz kalm\u0131\u015ft\u0131. E\u015fi Aren\u2019\u0131n sava\u015fta ka\u00e7\u0131r\u0131ld\u0131\u011f\u0131n\u0131<span class=\"excerpt-hellip\"> [\u2026]<\/span><\/p>\n","protected":false},"featured_media":0,"template":"","meta":{"_monsterinsights_skip_tracking":false,"_monsterinsights_sitenote_active":false,"_monsterinsights_sitenote_note":"","_monsterinsights_sitenote_category":0},"product_brand":[],"product_cat":[12291,14777],"product_tag":[],"class_list":{"0":"post-752183","1":"product","2":"type-product","3":"status-publish","5":"product_cat-edebiyat","6":"product_cat-fantastik","7":"pa_cilt-ciltli","8":"pa_tur-kitap","9":"pa_yayinevi-marti-yayinlari","10":"pa_yazar-danielle-l-jensen","12":"first","13":"instock","14":"sale","15":"shipping-taxable","16":"purchasable","17":"product-type-simple"},"_links":{"self":[{"href":"https:\/\/roveyayinevi.com.tr\/index.php\/wp-json\/wp\/v2\/product\/752183","targetHints":{"allow":["GET"]}}],"collection":[{"href":"https:\/\/roveyayinevi.com.tr\/index.php\/wp-json\/wp\/v2\/product"}],"about":[{"href":"https:\/\/roveyayinevi.com.tr\/index.php\/wp-json\/wp\/v2\/types\/product"}],"wp:attachment":[{"href":"https:\/\/roveyayinevi.com.tr\/index.php\/wp-json\/wp\/v2\/media?parent=752183"}],"wp:term":[{"taxonomy":"product_brand","embeddable":true,"href":"https:\/\/roveyayinevi.com.tr\/index.php\/wp-json\/wp\/v2\/product_brand?post=752183"},{"taxonomy":"product_cat","embeddable":true,"href":"https:\/\/roveyayinevi.com.tr\/index.php\/wp-json\/wp\/v2\/product_cat?post=752183"},{"taxonomy":"product_tag","embeddable":true,"href":"https:\/\/roveyayinevi.com.tr\/index.php\/wp-json\/wp\/v2\/product_tag?post=752183"}],"curies":[{"name":"wp","href":"https:\/\/api.w.org\/{rel}","templated":true}]}}