{"id":752173,"date":"2025-08-28T05:08:23","date_gmt":"2025-08-28T02:08:23","guid":{"rendered":"https:\/\/roveyayinevi.com.tr\/index.php\/urun\/dunyaya-dusen-adam-2\/"},"modified":"2026-04-16T03:05:34","modified_gmt":"2026-04-16T00:05:34","slug":"dunyaya-dusen-adam-2","status":"publish","type":"product","link":"https:\/\/roveyayinevi.com.tr\/index.php\/urun\/dunyaya-dusen-adam-2\/","title":{"rendered":"D\u00fcnyaya D\u00fc\u015fen Adam"},"content":{"rendered":"<p>Gizemli bir uzayl\u0131 olan Thomas Jerome Newton, ekolojik y\u0131k\u0131m sebebiyle kurakl\u0131ktan kavrulan gezegeni Anthea\u2019y\u0131 kurtarma g\u00f6revine soyunarak d\u00fcnyaya d\u00fc\u015fer. Giderek \u00f6len gezegenine su g\u00f6t\u00fcrmenin bir yolunu bulma kararl\u0131l\u0131\u011f\u0131 i\u00e7indeki Newton, ileri teknoloji patentleri satmaya ba\u015flar ama kazand\u0131\u011f\u0131 ba\u015far\u0131lar k\u0131sa s\u00fcrede onu h\u00fck\u00fcmetin ve me\u015fum bir rakip \u015firketin hedefi h\u00e2line getirir. G\u00f6revi s\u00fcr\u00fcncemede kal\u0131r ve y\u0131llar ge\u00e7er, Newton kendini gezegenimizin ta\u015fk\u0131nl\u0131klar\u0131n\u0131n cazibesine kap\u0131lm\u0131\u015f h\u00e2lde bulur, evine ve ailesine d\u00f6nme iste\u011fiyle \u00e7aresizli\u011fe g\u00f6m\u00fcl\u00fcr. 1976\u2019da vizyona giren, Nicholas Roeg\u2019in y\u00f6netmen koltu\u011funda oturdu\u011fu, David Bowie, Candy Clark ve Rip Thorn\u2019un oynad\u0131\u011f\u0131 k\u00fclt bilim kurgu filminin bu onayl\u0131 \u00e7izgi roman uyarlamas\u0131 ayn\u0131 zamanda, The Hustler, The Color of Money ve Vezir Gambiti gibi kitaplar\u0131n yazar\u0131 Walter Tevis\u2019in 1963\u2019te ayn\u0131 isimle yay\u0131mlanan kitab\u0131na da dayanmaktad\u0131r. Stephen Dalton taraf\u0131ndan kaleme al\u0131nan ve D\u00fcnyaya D\u00fc\u015fen Adam\u2019\u0131n yap\u0131m s\u00fcrecine dair bilgiler veren yeni yaz\u0131s\u0131n\u0131n yan\u0131nda filmin \u00e7ekimi s\u0131ras\u0131nda foto\u011fraflanm\u0131\u015f ve daha \u00f6nce hi\u00e7 okurla bulu\u015fmam\u0131\u015f foto\u011fraflar da bu ciltte yer al\u0131yor. Yazan Dan Watters ve \u00e7izen Dev Pramanik. <\/p>\n","protected":false},"excerpt":{"rendered":"<p>Gizemli bir uzayl\u0131 olan Thomas Jerome Newton, ekolojik y\u0131k\u0131m sebebiyle kurakl\u0131ktan kavrulan gezegeni Anthea\u2019y\u0131 kurtarma g\u00f6revine soyunarak d\u00fcnyaya d\u00fc\u015fer. Giderek \u00f6len gezegenine su g\u00f6t\u00fcrmenin bir yolunu<span class=\"excerpt-hellip\"> [\u2026]<\/span><\/p>\n","protected":false},"featured_media":0,"template":"","meta":{"_monsterinsights_skip_tracking":false,"_monsterinsights_sitenote_active":false,"_monsterinsights_sitenote_note":"","_monsterinsights_sitenote_category":0},"product_brand":[],"product_cat":[12416,12291],"product_tag":[],"class_list":{"0":"post-752173","1":"product","2":"type-product","3":"status-publish","5":"product_cat-cizgi-roman","6":"product_cat-edebiyat","7":"pa_cilt-ciltsiz","8":"pa_tur-kitap","9":"pa_yayinevi-eksik-parca-yayinlari","10":"pa_yazar-dan-watters-dev-pramanik","12":"first","13":"instock","14":"sale","15":"shipping-taxable","16":"purchasable","17":"product-type-simple"},"_links":{"self":[{"href":"https:\/\/roveyayinevi.com.tr\/index.php\/wp-json\/wp\/v2\/product\/752173","targetHints":{"allow":["GET"]}}],"collection":[{"href":"https:\/\/roveyayinevi.com.tr\/index.php\/wp-json\/wp\/v2\/product"}],"about":[{"href":"https:\/\/roveyayinevi.com.tr\/index.php\/wp-json\/wp\/v2\/types\/product"}],"wp:attachment":[{"href":"https:\/\/roveyayinevi.com.tr\/index.php\/wp-json\/wp\/v2\/media?parent=752173"}],"wp:term":[{"taxonomy":"product_brand","embeddable":true,"href":"https:\/\/roveyayinevi.com.tr\/index.php\/wp-json\/wp\/v2\/product_brand?post=752173"},{"taxonomy":"product_cat","embeddable":true,"href":"https:\/\/roveyayinevi.com.tr\/index.php\/wp-json\/wp\/v2\/product_cat?post=752173"},{"taxonomy":"product_tag","embeddable":true,"href":"https:\/\/roveyayinevi.com.tr\/index.php\/wp-json\/wp\/v2\/product_tag?post=752173"}],"curies":[{"name":"wp","href":"https:\/\/api.w.org\/{rel}","templated":true}]}}