{"id":752172,"date":"2025-08-28T05:08:21","date_gmt":"2025-08-28T02:08:21","guid":{"rendered":"https:\/\/roveyayinevi.com.tr\/index.php\/urun\/sonsuzluk-odasi-oykuleri\/"},"modified":"2026-04-16T03:05:34","modified_gmt":"2026-04-16T00:05:34","slug":"sonsuzluk-odasi-oykuleri","status":"publish","type":"product","link":"https:\/\/roveyayinevi.com.tr\/index.php\/urun\/sonsuzluk-odasi-oykuleri\/","title":{"rendered":"Sonsuzluk Odas\u0131 \u00d6yk\u00fcleri"},"content":{"rendered":"<p>Bilime iltifat etmeyen k\u00fclt\u00fcrlerde bilimin yan\u0131 s\u0131ra bilimkurgu da geli\u015fmez derler. \u015e\u00fcphesiz tarihsel bak\u0131mdan hakl\u0131 bir s\u00f6ylemdir fakat \u00e7a\u011fa ayak uyduramayan, kimli\u011fine kavu\u015famam\u0131\u015f, i\u00e7 \u00e7at\u0131\u015fmalar ya\u015fayan bilimsiz k\u00fclt\u00fcrlerde bilimkurgu ters y\u00f6ne do\u011fru geli\u015fim g\u00f6stererek distopya edebiyat\u0131na d\u00f6n\u00fc\u015f\u00fcr. \u00dcmit Kire\u00e7\u00e7i\u2019nin Philip Dick\u2019i hat\u0131rlatan renkli \u00fcslubuyla kaleme ald\u0131\u011f\u0131 bu kitap ayak bast\u0131\u011f\u0131m\u0131z topraklar\u0131n gerilimleriyle beslenen, kimi zaman melankolik, kimi zaman trajikomik, mizah y\u00f6n\u00fc g\u00fc\u00e7l\u00fc f\u00fct\u00fcristik \u00f6yk\u00fclerden olu\u015fuyor. Yerli bilimkurgu edebiyat\u0131m\u0131z i\u00e7in kesinlikle kayda de\u011fer bir eser. Bartu B\u00f6l\u00fckba\u015f\u0131   \u00c7izgi Roman Okurlar\u0131 Platformu\u2019nun (\u00c7ROP) kurucusu ve yazarlar\u0131ndan \u00dcmit Kire\u00e7\u00e7i\u2019yi, \u201c\u00c7izgi Roman Senaryosu Yaz\u0131m Teknikleri\u201d ba\u015fta olmak \u00fczere, uzun y\u0131llar bir\u00e7ok \u00e7izgi roman, bilimkurgu ve k\u00fclt\u00fcr dergilerinde \u00e7\u0131kan yaz\u0131lar\u0131ndan tan\u0131yoruz. Okur, \u015fimdi ise \u00dcmit Kire\u00e7\u00e7i\u2019nin Sonsuzluk Odas\u0131 \u00d6yk\u00fcleri ile tan\u0131\u015fmak \u00fczere. Kire\u00e7\u00e7i, \u00f6yk\u00fcleri ile bilimkurgudan fantasti\u011fe uzanan bir skalada, farkl\u0131 ger\u00e7ekliklerden hik\u00e2yeler anlat\u0131yor. Mehmet Berk Yalt\u0131r\u0131k   K\u0131sa \u00f6yk\u00fcler, oldum olas\u0131 hep ilgimi \u00e7ekmi\u015ftir. D\u00fcnya Edebiyat\u0131n\u2019da Boccaccio\u2019nun DECAMERON adl\u0131 hik\u00e2yeleri, k\u0131sa \u00f6yk\u00fclerin ilk modern \u00f6rne\u011fi kabul edildi\u011finden beri edebiyat\u0131n bu alan\u0131nda \u00e7ok\u00e7a \u00f6rnekler ortaya \u00e7\u0131km\u0131\u015ft\u0131r. T\u0131pk\u0131 B\u0130NB\u0130R GECE MASALLARI gibi. Bir hik\u00e2ye biter, yenisine ba\u015flars\u0131n\u0131z da biter hemen di\u011ferine dalars\u0131n\u0131z\u2026 Zevki de burada zaten\u2026 Yazar \u00dcmit Kire\u00e7\u00e7i SONSUZLUK ODASI \u00d6YK\u00dcLER\u0130 ile sizleri gelecekte ya\u015fanan bilimkurgu d\u00fcnyas\u0131n\u0131n, fantastik k\u0131sa hik\u00e2yelerine davet ediyor. Tad\u0131ml\u0131k yemekler misali \u015fimdiden afiyet olsun! Erg\u00fcn G\u00fcnd\u00fcz <\/p>\n","protected":false},"excerpt":{"rendered":"<p>Bilime iltifat etmeyen k\u00fclt\u00fcrlerde bilimin yan\u0131 s\u0131ra bilimkurgu da geli\u015fmez derler. \u015e\u00fcphesiz tarihsel bak\u0131mdan hakl\u0131 bir s\u00f6ylemdir fakat \u00e7a\u011fa ayak uyduramayan, kimli\u011fine kavu\u015famam\u0131\u015f, i\u00e7 \u00e7at\u0131\u015fmalar ya\u015fayan<span class=\"excerpt-hellip\"> [\u2026]<\/span><\/p>\n","protected":false},"featured_media":0,"template":"","meta":{"_monsterinsights_skip_tracking":false,"_monsterinsights_sitenote_active":false,"_monsterinsights_sitenote_note":"","_monsterinsights_sitenote_category":0},"product_brand":[],"product_cat":[12540,12291],"product_tag":[],"class_list":{"0":"post-752172","1":"product","2":"type-product","3":"status-publish","5":"product_cat-bilim-kurgu","6":"product_cat-edebiyat","7":"pa_cilt-ciltsiz","8":"pa_tur-kitap","9":"pa_yayinevi-eksik-parca-yayinlari","10":"pa_yazar-umit-kirecci","12":"first","13":"instock","14":"sale","15":"shipping-taxable","16":"purchasable","17":"product-type-simple"},"_links":{"self":[{"href":"https:\/\/roveyayinevi.com.tr\/index.php\/wp-json\/wp\/v2\/product\/752172","targetHints":{"allow":["GET"]}}],"collection":[{"href":"https:\/\/roveyayinevi.com.tr\/index.php\/wp-json\/wp\/v2\/product"}],"about":[{"href":"https:\/\/roveyayinevi.com.tr\/index.php\/wp-json\/wp\/v2\/types\/product"}],"wp:attachment":[{"href":"https:\/\/roveyayinevi.com.tr\/index.php\/wp-json\/wp\/v2\/media?parent=752172"}],"wp:term":[{"taxonomy":"product_brand","embeddable":true,"href":"https:\/\/roveyayinevi.com.tr\/index.php\/wp-json\/wp\/v2\/product_brand?post=752172"},{"taxonomy":"product_cat","embeddable":true,"href":"https:\/\/roveyayinevi.com.tr\/index.php\/wp-json\/wp\/v2\/product_cat?post=752172"},{"taxonomy":"product_tag","embeddable":true,"href":"https:\/\/roveyayinevi.com.tr\/index.php\/wp-json\/wp\/v2\/product_tag?post=752172"}],"curies":[{"name":"wp","href":"https:\/\/api.w.org\/{rel}","templated":true}]}}