{"id":752168,"date":"2025-08-28T05:08:13","date_gmt":"2025-08-28T02:08:13","guid":{"rendered":"https:\/\/roveyayinevi.com.tr\/index.php\/urun\/kaotik-zamanlarda-stoaci-olmanin-yollari\/"},"modified":"2026-04-11T14:20:36","modified_gmt":"2026-04-11T11:20:36","slug":"kaotik-zamanlarda-stoaci-olmanin-yollari","status":"publish","type":"product","link":"https:\/\/roveyayinevi.com.tr\/index.php\/urun\/kaotik-zamanlarda-stoaci-olmanin-yollari\/","title":{"rendered":"Kaotik Zamanlarda Stoac\u0131 Olman\u0131n Yollar\u0131"},"content":{"rendered":"<p>G\u00dcN\u00dcM\u00dcZDEK\u0130 PEK \u00c7OK \u0130NSAN G\u0130B\u0130 BRIGID DELANEY DE EBED\u0130 SORULARA YANIT ARIYORDU: NASIL \u0130Y\u0130 OLUR, \u0130\u00c7 BARI\u015eIMIZI BULUR, D\u00dcZG\u00dcNCE YAS TUTARIZ? GKK (GEL\u0130\u015eMELER\u0130 KA\u00c7IRMA KORKUSU) G\u0130B\u0130 G\u00dcVENS\u0130ZL\u0130KLER\u0130M\u0130Z\u0130 NASIL KONTROL ALTINDA TUTAB\u0130L\u0130R\u0130Z? NEY\u0130N GER\u00c7EKTEN \u00d6NEML\u0130 OLDU\u011eUNA NASIL KARAR VEREB\u0130L\u0130R\u0130Z?   Y\u00fczy\u0131llar \u00f6nce Stoac\u0131lar da ayn\u0131 sorulara kafa yormu\u015flard\u0131. Ve b\u00f6ylece, Delaney de kendi hayat\u0131n\u0131n d\u00f6n\u00fcm noktas\u0131nda bu kadim filozoflar\u0131n kendisine rehberlik etmesine izin vermeye karar verdi. Delaney Kaotik Zamanlarda Stoac\u0131 Olman\u0131n Yollar\u0131\u2019nda, bizim de Stoac\u0131lar gibi kontrol duygusuna ve huzura kavu\u015fabilece\u011fimizi ve hayatlar\u0131m\u0131zda anlam bulabilece\u011fimizi g\u00f6steriyor. <\/p>\n","protected":false},"excerpt":{"rendered":"<p>G\u00dcN\u00dcM\u00dcZDEK\u0130 PEK \u00c7OK \u0130NSAN G\u0130B\u0130 BRIGID DELANEY DE EBED\u0130 SORULARA YANIT ARIYORDU: NASIL \u0130Y\u0130 OLUR, \u0130\u00c7 BARI\u015eIMIZI BULUR, D\u00dcZG\u00dcNCE YAS TUTARIZ? GKK (GEL\u0130\u015eMELER\u0130 KA\u00c7IRMA KORKUSU) G\u0130B\u0130<span class=\"excerpt-hellip\"> [\u2026]<\/span><\/p>\n","protected":false},"featured_media":0,"template":"","meta":{"_monsterinsights_skip_tracking":false,"_monsterinsights_sitenote_active":false,"_monsterinsights_sitenote_note":"","_monsterinsights_sitenote_category":0},"product_brand":[],"product_cat":[12364,12376],"product_tag":[],"class_list":{"0":"post-752168","1":"product","2":"type-product","3":"status-publish","5":"product_cat-genel-konular","6":"product_cat-kisisel-gelisim","7":"pa_cilt-ciltsiz","8":"pa_tur-kitap","9":"pa_yayinevi-kara-karga-yayinlari","10":"pa_yazar-brigid-delaney","12":"first","13":"instock","14":"sale","15":"shipping-taxable","16":"purchasable","17":"product-type-simple"},"_links":{"self":[{"href":"https:\/\/roveyayinevi.com.tr\/index.php\/wp-json\/wp\/v2\/product\/752168","targetHints":{"allow":["GET"]}}],"collection":[{"href":"https:\/\/roveyayinevi.com.tr\/index.php\/wp-json\/wp\/v2\/product"}],"about":[{"href":"https:\/\/roveyayinevi.com.tr\/index.php\/wp-json\/wp\/v2\/types\/product"}],"wp:attachment":[{"href":"https:\/\/roveyayinevi.com.tr\/index.php\/wp-json\/wp\/v2\/media?parent=752168"}],"wp:term":[{"taxonomy":"product_brand","embeddable":true,"href":"https:\/\/roveyayinevi.com.tr\/index.php\/wp-json\/wp\/v2\/product_brand?post=752168"},{"taxonomy":"product_cat","embeddable":true,"href":"https:\/\/roveyayinevi.com.tr\/index.php\/wp-json\/wp\/v2\/product_cat?post=752168"},{"taxonomy":"product_tag","embeddable":true,"href":"https:\/\/roveyayinevi.com.tr\/index.php\/wp-json\/wp\/v2\/product_tag?post=752168"}],"curies":[{"name":"wp","href":"https:\/\/api.w.org\/{rel}","templated":true}]}}