{"id":752167,"date":"2025-08-28T05:08:12","date_gmt":"2025-08-28T02:08:12","guid":{"rendered":"https:\/\/roveyayinevi.com.tr\/index.php\/urun\/insanca-yasamaktir-hayat\/"},"modified":"2026-04-08T03:12:11","modified_gmt":"2026-04-08T00:12:11","slug":"insanca-yasamaktir-hayat","status":"publish","type":"product","link":"https:\/\/roveyayinevi.com.tr\/index.php\/urun\/insanca-yasamaktir-hayat\/","title":{"rendered":"\u0130nsanca Ya\u015famakt\u0131r Hayat"},"content":{"rendered":"<p>\u201cGelecek, m\u00fcmk\u00fcn\u00fc g\u00f6r\u00fcn\u00fcr hale gelmeden \u00f6nce fark edenlerindir.\u201d \u0130nsan\u0131 anlaman\u0131n en kolay yolu, ona felsefe ve matematiksel d\u00fc\u015f\u00fcnceyle bakmakt\u0131r. Bu bak\u0131\u015f a\u00e7\u0131s\u0131ndan bakamazsak, do\u011fay\u0131, toplumsal d\u00fczeni, hayat\u0131 ve en \u00f6nemlisi de beynimiz nas\u0131l \u00e7al\u0131\u015f\u0131yor, nas\u0131l d\u00fc\u015f\u00fcnce \u00fcretiyor, nas\u0131l alg\u0131l\u0131yor konular\u0131n\u0131 anlayamay\u0131z. \u0130nsanlar aras\u0131nda bu kadar b\u00fcy\u00fck farkl\u0131l\u0131klar ve anla\u015fmazl\u0131klar neden var? Neden birbirimizi \u00f6ld\u00fcr\u00fcyor, neden din olgusunun yaratt\u0131\u011f\u0131 farkl\u0131l\u0131klar nedeniyle bunun do\u011fru ve kabul edilebilir oldu\u011funa inan\u0131yoruz? Bu kitapta, \u201cM\u00fcsl\u00fcmanlar\u0131n neden birbirlerini \u00f6ld\u00fcrd\u00fckleri\u201d, bu sonucun sebebi olarak \u201cbeynimizin \u00e7al\u0131\u015fma prensibi, beynimizin nas\u0131l d\u00fc\u015f\u00fcnce ve alg\u0131 \u00fcretti\u011fi\u201d ve davran\u0131\u015flar\u0131m\u0131z\u0131 y\u00f6nlendiren, ki\u015filiklerimizin, kimliklerimizin olu\u015fmas\u0131nda temel olan \u201ce\u011fitim\u201d konular\u0131 i\u015flenmi\u015ftir. Hayat\u0131m\u0131z\u0131 de\u011fi\u015ftirip hemen \u015fimdi, en zor olan\u0131, imk\u00e2ns\u0131z gibi g\u00f6r\u00fcneni hayal etmeli, tercihlerimizi hayallerimizden yana kullanmal\u0131y\u0131z. Unutmamal\u0131y\u0131z ki: \u201c\u0130nsanca ya\u015famakt\u0131r hayat!\u201d <\/p>\n","protected":false},"excerpt":{"rendered":"<p>\u201cGelecek, m\u00fcmk\u00fcn\u00fc g\u00f6r\u00fcn\u00fcr hale gelmeden \u00f6nce fark edenlerindir.\u201d \u0130nsan\u0131 anlaman\u0131n en kolay yolu, ona felsefe ve matematiksel d\u00fc\u015f\u00fcnceyle bakmakt\u0131r. Bu bak\u0131\u015f a\u00e7\u0131s\u0131ndan bakamazsak, do\u011fay\u0131, toplumsal d\u00fczeni,<span class=\"excerpt-hellip\"> [\u2026]<\/span><\/p>\n","protected":false},"featured_media":0,"template":"","meta":{"_monsterinsights_skip_tracking":false,"_monsterinsights_sitenote_active":false,"_monsterinsights_sitenote_note":"","_monsterinsights_sitenote_category":0},"product_brand":[],"product_cat":[12364,12376],"product_tag":[],"class_list":{"0":"post-752167","1":"product","2":"type-product","3":"status-publish","5":"product_cat-genel-konular","6":"product_cat-kisisel-gelisim","7":"pa_cilt-ciltsiz","8":"pa_tur-kitap","9":"pa_yayinevi-destek-yayinlari","10":"pa_yazar-hayrettin-kagnici","12":"first","13":"instock","14":"sale","15":"shipping-taxable","16":"purchasable","17":"product-type-simple"},"_links":{"self":[{"href":"https:\/\/roveyayinevi.com.tr\/index.php\/wp-json\/wp\/v2\/product\/752167","targetHints":{"allow":["GET"]}}],"collection":[{"href":"https:\/\/roveyayinevi.com.tr\/index.php\/wp-json\/wp\/v2\/product"}],"about":[{"href":"https:\/\/roveyayinevi.com.tr\/index.php\/wp-json\/wp\/v2\/types\/product"}],"wp:attachment":[{"href":"https:\/\/roveyayinevi.com.tr\/index.php\/wp-json\/wp\/v2\/media?parent=752167"}],"wp:term":[{"taxonomy":"product_brand","embeddable":true,"href":"https:\/\/roveyayinevi.com.tr\/index.php\/wp-json\/wp\/v2\/product_brand?post=752167"},{"taxonomy":"product_cat","embeddable":true,"href":"https:\/\/roveyayinevi.com.tr\/index.php\/wp-json\/wp\/v2\/product_cat?post=752167"},{"taxonomy":"product_tag","embeddable":true,"href":"https:\/\/roveyayinevi.com.tr\/index.php\/wp-json\/wp\/v2\/product_tag?post=752167"}],"curies":[{"name":"wp","href":"https:\/\/api.w.org\/{rel}","templated":true}]}}