{"id":752166,"date":"2025-08-28T05:08:10","date_gmt":"2025-08-28T02:08:10","guid":{"rendered":"https:\/\/roveyayinevi.com.tr\/index.php\/urun\/hipertansiyon-korkulacak-bir-hastalik-degildir\/"},"modified":"2026-04-16T03:05:34","modified_gmt":"2026-04-16T00:05:34","slug":"hipertansiyon-korkulacak-bir-hastalik-degildir","status":"publish","type":"product","link":"https:\/\/roveyayinevi.com.tr\/index.php\/urun\/hipertansiyon-korkulacak-bir-hastalik-degildir\/","title":{"rendered":"Hipertansiyon Korkulacak Bir Hastal\u0131k De\u011fildir"},"content":{"rendered":"<p>\u0130lk kitab\u0131 Kolesterol Ger\u00e7e\u011fi ile kalp ve damar hastal\u0131klar\u0131n\u0131n \u00f6nlenebilir oldu\u011fuyla ilgili b\u00fcy\u00fck fark\u0131ndal\u0131k olu\u015fturan Prof. Dr. H\u00fcseyin Bozba\u015f, bu \u00e7al\u0131\u015fmas\u0131nda ise \u00fclkemizde ve d\u00fcnyada son derece yayg\u0131n olan hipertansiyon hakk\u0131nda y\u00fcksek fark\u0131ndal\u0131k olu\u015fturmay\u0131 ama\u00e7l\u0131yor. Hipertansiyon hakk\u0131nda bilmeniz gereken en temel bilgiler, do\u011fru bilinen yanl\u0131\u015flar ve en \u00f6nemlisi hasta hik\u00e2yeleriyle bu kitap, bir ba\u015fvuru kayna\u011f\u0131 olman\u0131n yan\u0131nda hastalar ve hasta yak\u0131nlar\u0131 i\u00e7in de \u00f6nemli bir referans olacak.   \u201cProfes\u00f6r Bozba\u015f birlikte \u00e7al\u0131\u015fmaktan gurur duydu\u011fum bir hekimdir. De\u011ferli eserinde halk dilinde tansiyon y\u00fcksekli\u011fi diye bilinen hipertansiyonu hem kolay anla\u015f\u0131l\u0131r hem de bilimsel olarak anlatm\u0131\u015ft\u0131r. Bu sayede toplumun t\u0131bbi bilgi da\u011farc\u0131\u011f\u0131n\u0131 da zenginle\u015ftirmektedir. Kendisini kutluyor ve ba\u015far\u0131lar\u0131n\u0131n devam\u0131n\u0131 diliyorum.\u201d \u2013 Prof. Dr. Necati \u00c7anak\u00e7\u0131, TOBB ET\u00dc T\u0131p Fak\u00fcltesi Hastanesi Ba\u015fhekimi   \u201cT\u00fcm d\u00fcnyada kalp damar sistemi hastal\u0131klar\u0131na ba\u011fl\u0131 \u00f6l\u00fcmler en s\u0131k g\u00f6r\u00fclen \u00f6l\u00fcm sebebi olmay\u0131 s\u00fcrd\u00fcr\u00fcrken, hipertansiyon da bu hastal\u0131klar\u0131n \u00f6nlenebilir ana sebebi olmaya devam etmekte. \u00c7ok k\u0131ymetli meslekta\u015f\u0131m Prof. Dr. H\u00fcseyin Bozba\u015f toplumumuzun kalp sa\u011fl\u0131\u011f\u0131yla ilgili klinikte yo\u011fun mesai harcarken, bir taraftan da gece g\u00fcnd\u00fcz demeden b\u00fcy\u00fck emeklerle elinizde tuttu\u011funuz bu harika eseri ortaya \u00e7\u0131karm\u0131\u015f. Her ya\u015ftan, her meslek grubundan ve \u00f6\u011frenim seviyesinden insanlar\u0131m\u0131z\u0131n anlayabilece\u011fi sadelikte, ger\u00e7ek hasta hik\u00e2yelerine de yer veren bu kitapta hipertansiyon ger\u00e7e\u011fini ve onunla nas\u0131l ba\u015fa \u00e7\u0131kabilece\u011finizi keyifle okuma ve \u00f6\u011frenme \u015fans\u0131n\u0131 bulacaks\u0131n\u0131z. Herkesin k\u00fct\u00fcphanesinde mutlaka bulunmas\u0131 gereken bu kitap toplumumuzun hipertansiyon fark\u0131ndal\u0131\u011f\u0131n\u0131 art\u0131r\u0131rken, onunla ba\u015fa \u00e7\u0131kma y\u00f6ntemlerini de g\u00f6sterecek. Sadece hastalar\u0131m\u0131za de\u011fil, sa\u011fl\u0131kl\u0131 ya\u015famaya \u00e7al\u0131\u015fan herkese \u015fiddetle tavsiye ediyorum.\u201d \u2013 Prof. Dr. Ertu\u011frul Okuyan, T\u00fcrk Kardiyoloji Derne\u011fi Genel Sekreteri, T\u00fcrk D\u00fcnyas\u0131 Kardiyoloji Birli\u011fi Ba\u015fkan\u0131 <\/p>\n","protected":false},"excerpt":{"rendered":"<p>\u0130lk kitab\u0131 Kolesterol Ger\u00e7e\u011fi ile kalp ve damar hastal\u0131klar\u0131n\u0131n \u00f6nlenebilir oldu\u011fuyla ilgili b\u00fcy\u00fck fark\u0131ndal\u0131k olu\u015fturan Prof. Dr. H\u00fcseyin Bozba\u015f, bu \u00e7al\u0131\u015fmas\u0131nda ise \u00fclkemizde ve d\u00fcnyada son<span class=\"excerpt-hellip\"> [\u2026]<\/span><\/p>\n","protected":false},"featured_media":0,"template":"","meta":{"_monsterinsights_skip_tracking":false,"_monsterinsights_sitenote_active":false,"_monsterinsights_sitenote_note":"","_monsterinsights_sitenote_category":0},"product_brand":[],"product_cat":[13365],"product_tag":[],"class_list":{"0":"post-752166","1":"product","2":"type-product","3":"status-publish","5":"product_cat-saglik","6":"pa_cilt-ciltsiz","7":"pa_tur-kitap","8":"pa_yayinevi-destek-yayinlari","9":"pa_yazar-huseyin-bozbas","11":"first","12":"instock","13":"sale","14":"shipping-taxable","15":"purchasable","16":"product-type-simple"},"_links":{"self":[{"href":"https:\/\/roveyayinevi.com.tr\/index.php\/wp-json\/wp\/v2\/product\/752166","targetHints":{"allow":["GET"]}}],"collection":[{"href":"https:\/\/roveyayinevi.com.tr\/index.php\/wp-json\/wp\/v2\/product"}],"about":[{"href":"https:\/\/roveyayinevi.com.tr\/index.php\/wp-json\/wp\/v2\/types\/product"}],"wp:attachment":[{"href":"https:\/\/roveyayinevi.com.tr\/index.php\/wp-json\/wp\/v2\/media?parent=752166"}],"wp:term":[{"taxonomy":"product_brand","embeddable":true,"href":"https:\/\/roveyayinevi.com.tr\/index.php\/wp-json\/wp\/v2\/product_brand?post=752166"},{"taxonomy":"product_cat","embeddable":true,"href":"https:\/\/roveyayinevi.com.tr\/index.php\/wp-json\/wp\/v2\/product_cat?post=752166"},{"taxonomy":"product_tag","embeddable":true,"href":"https:\/\/roveyayinevi.com.tr\/index.php\/wp-json\/wp\/v2\/product_tag?post=752166"}],"curies":[{"name":"wp","href":"https:\/\/api.w.org\/{rel}","templated":true}]}}