{"id":752165,"date":"2025-08-28T05:08:09","date_gmt":"2025-08-28T02:08:09","guid":{"rendered":"https:\/\/roveyayinevi.com.tr\/index.php\/urun\/algi-operasyonu-ve-psikolojik-savas\/"},"modified":"2026-04-16T03:05:34","modified_gmt":"2026-04-16T00:05:34","slug":"algi-operasyonu-ve-psikolojik-savas","status":"publish","type":"product","link":"https:\/\/roveyayinevi.com.tr\/index.php\/urun\/algi-operasyonu-ve-psikolojik-savas\/","title":{"rendered":"Alg\u0131 Operasyonu ve Psikolojik Sava\u015f"},"content":{"rendered":"<p>SU\u00c7LU OLAN HALK DE\u011e\u0130L, HALKA GER\u00c7EKLER\u0130 ANLATAMAYAN VE ALGIYI Y\u00d6NETEMEYENLERD\u0130R Alg\u0131 y\u00f6netimi, propaganda, enformasyon sava\u015f\u0131, \u00f6rt\u00fcl\u00fc operasyon ve psikolojik sava\u015f&#8230; Bunlar\u0131n hepsi kitlelerin alg\u0131s\u0131n\u0131 y\u00f6netmek \u00fczere kullan\u0131lan en g\u00fc\u00e7l\u00fc ayg\u0131tlard\u0131r. Tarih boyunca kitlelerin alg\u0131lar\u0131n\u0131 y\u00f6netenler, bu alanda m\u00fckemmeliyeti yakalamak \u00fczere yeni y\u00f6ntemler ke\u015ffetmeye devam ediyorlar. \u0130nsanlar\u0131n \u00f6zg\u00fcr iradelerini ellerinden alacak bir sald\u0131r\u0131 boyutuna dahi ula\u015fm\u0131\u015flard\u0131r art\u0131k. \u0130leri propaganda, psikolojik sava\u015f ve enformasyon sava\u015f\u0131 teknikleriyle yurtta\u015f\u0131n elinden se\u00e7me \u00f6zg\u00fcrl\u00fc\u011f\u00fc bile al\u0131nabilmektedir. Alg\u0131 y\u00f6netimi meselesi, T\u00fcrkiye\u2019de bir ba\u015fka b\u00fcy\u00fck \u00f6neme sahiptir. \u00c7\u00fcnk\u00fc 2002\u2019den bu yana T\u00fcrkiye\u2019yi neredeyse matematiksel zeminde ger\u00e7ekle\u015ftirdi\u011fi alg\u0131 y\u00f6netimi teknikleriyle y\u00f6neten bir iktidarla kar\u015f\u0131 kar\u015f\u0131yay\u0131z. Bu kitap, alg\u0131 y\u00f6netimi operasyonlar\u0131n\u0131 g\u00fcn \u0131\u015f\u0131\u011f\u0131na \u00e7\u0131karmay\u0131, insanlar\u0131n beyinlerine y\u00f6nelik s\u00fcrd\u00fcr\u00fclen sava\u015f\u0131n boyutlar\u0131n\u0131 ortaya koymay\u0131 hedeflemektedir. <\/p>\n","protected":false},"excerpt":{"rendered":"<p>SU\u00c7LU OLAN HALK DE\u011e\u0130L, HALKA GER\u00c7EKLER\u0130 ANLATAMAYAN VE ALGIYI Y\u00d6NETEMEYENLERD\u0130R Alg\u0131 y\u00f6netimi, propaganda, enformasyon sava\u015f\u0131, \u00f6rt\u00fcl\u00fc operasyon ve psikolojik sava\u015f&#8230; Bunlar\u0131n hepsi kitlelerin alg\u0131s\u0131n\u0131 y\u00f6netmek \u00fczere<span class=\"excerpt-hellip\"> [\u2026]<\/span><\/p>\n","protected":false},"featured_media":0,"template":"","meta":{"_monsterinsights_skip_tracking":false,"_monsterinsights_sitenote_active":false,"_monsterinsights_sitenote_note":"","_monsterinsights_sitenote_category":0},"product_brand":[],"product_cat":[13590,12337],"product_tag":[],"class_list":{"0":"post-752165","1":"product","2":"type-product","3":"status-publish","5":"product_cat-arastirma-inceleme-politika-siyaset","6":"product_cat-politika-siyaset","7":"pa_cilt-ciltsiz","8":"pa_tur-kitap","9":"pa_yayinevi-destek-yayinlari","10":"pa_yazar-umit-ozdag","12":"first","13":"instock","14":"sale","15":"shipping-taxable","16":"purchasable","17":"product-type-simple"},"_links":{"self":[{"href":"https:\/\/roveyayinevi.com.tr\/index.php\/wp-json\/wp\/v2\/product\/752165","targetHints":{"allow":["GET"]}}],"collection":[{"href":"https:\/\/roveyayinevi.com.tr\/index.php\/wp-json\/wp\/v2\/product"}],"about":[{"href":"https:\/\/roveyayinevi.com.tr\/index.php\/wp-json\/wp\/v2\/types\/product"}],"wp:attachment":[{"href":"https:\/\/roveyayinevi.com.tr\/index.php\/wp-json\/wp\/v2\/media?parent=752165"}],"wp:term":[{"taxonomy":"product_brand","embeddable":true,"href":"https:\/\/roveyayinevi.com.tr\/index.php\/wp-json\/wp\/v2\/product_brand?post=752165"},{"taxonomy":"product_cat","embeddable":true,"href":"https:\/\/roveyayinevi.com.tr\/index.php\/wp-json\/wp\/v2\/product_cat?post=752165"},{"taxonomy":"product_tag","embeddable":true,"href":"https:\/\/roveyayinevi.com.tr\/index.php\/wp-json\/wp\/v2\/product_tag?post=752165"}],"curies":[{"name":"wp","href":"https:\/\/api.w.org\/{rel}","templated":true}]}}