{"id":752164,"date":"2025-08-28T05:08:08","date_gmt":"2025-08-28T02:08:08","guid":{"rendered":"https:\/\/roveyayinevi.com.tr\/index.php\/urun\/camur-meselesi\/"},"modified":"2026-04-16T03:05:34","modified_gmt":"2026-04-16T00:05:34","slug":"camur-meselesi","status":"publish","type":"product","link":"https:\/\/roveyayinevi.com.tr\/index.php\/urun\/camur-meselesi\/","title":{"rendered":"\u00c7amur Meselesi"},"content":{"rendered":"<p>Sosyal ara\u015ft\u0131rmac\u0131, merak\u0131 ve konusuyla ba\u015f ba\u015fa kald\u0131\u011f\u0131nda en b\u00fcy\u00fck tela\u015flar\u0131ndan biri y\u00f6nteme karar vermektir.  Y\u00f6nteme karar verme meselesi, \u00f6zellikle metodoloji ve bilim felsefesinden gelen temel bilgi d\u00fczeylerini zorlayarak ara\u015ft\u0131rmac\u0131y\u0131 bir s\u0131navla kar\u015f\u0131 kar\u015f\u0131ya getirir. Bu t\u00fcr bir s\u0131navda, kuram\u0131n ve prati\u011fin bile\u015fkesinde iyi yeti\u015ftirilmi\u015f bir sosyal bilim insan\u0131, inceleyece\u011fi topluluklar\u0131n ya\u015fad\u0131klar\u0131 co\u011frafyan\u0131n sahip oldu\u011fu \u00f6zelliklerin bir \u00fcr\u00fcn\u00fc oldu\u011funu bilerek ilerlemeyi se\u00e7ecektir. Bu ayn\u0131 zamanda, bilim insan\u0131n\u0131n i\u00e7indeki di\u011ferini olabildi\u011fince nesnel ko\u015fullarda anlatabilmek i\u00e7in sefere \u00e7\u0131kmas\u0131d\u0131r. \u00c7\u00fcnk\u00fc anlatabilme yetisinin y\u00fckseli\u015fi, sosyal bilimcinin ara\u015ft\u0131rma tela\u015f\u0131na d\u00fc\u015ft\u00fc\u011f\u00fc konunun, bizzat \u201chayat\u201d olarak kendini g\u00f6sterdi\u011fi o yerde olmakla m\u00fcmk\u00fcnd\u00fcr. Elinizdeki kitap bu nedenle bir mesele ile gelmi\u015ftir.  G\u00fcn\u00fcm\u00fczde \u201cteknolojinin \u0131\u015f\u0131\u011f\u0131\u201d alt\u0131nda ayd\u0131nlanman\u0131n her alanda ortaya att\u0131\u011f\u0131 \u00f6vg\u00fcler, sosyal ara\u015ft\u0131rma, ara\u015ft\u0131rmac\u0131 ve y\u00f6ntem aras\u0131ndaki ili\u015fkiyi asl\u0131nda \u00e7amurlu bir k\u00f6\u015feye \u00e7ekmi\u015f, ele\u015ftirel bir d\u00fczleme atm\u0131\u015ft\u0131r.  \u00c7amur Meselesi, y\u00f6ntem konusunun kuramsal ve pratik temelleri \u00fczerine, bu i\u015fin ne denli me\u015fakkatli oldu\u011funa ve teknolojiye kapt\u0131r\u0131lan y\u00f6nlerine dair yeniden d\u00fc\u015f\u00fcnmek i\u00e7in sorular sormaktad\u0131r. <\/p>\n","protected":false},"excerpt":{"rendered":"<p>Sosyal ara\u015ft\u0131rmac\u0131, merak\u0131 ve konusuyla ba\u015f ba\u015fa kald\u0131\u011f\u0131nda en b\u00fcy\u00fck tela\u015flar\u0131ndan biri y\u00f6nteme karar vermektir. Y\u00f6nteme karar verme meselesi, \u00f6zellikle metodoloji ve bilim felsefesinden gelen temel<span class=\"excerpt-hellip\"> [\u2026]<\/span><\/p>\n","protected":false},"featured_media":0,"template":"","meta":{"_monsterinsights_skip_tracking":false,"_monsterinsights_sitenote_active":false,"_monsterinsights_sitenote_note":"","_monsterinsights_sitenote_category":0},"product_brand":[],"product_cat":[12324],"product_tag":[],"class_list":{"0":"post-752164","1":"product","2":"type-product","3":"status-publish","5":"product_cat-sosyoloji","6":"pa_cilt-ciltsiz","7":"pa_tur-kitap","8":"pa_yayinevi-nika-yayinevi","9":"pa_yazar-h-yaprak-civelek","11":"first","12":"instock","13":"sale","14":"shipping-taxable","15":"purchasable","16":"product-type-simple"},"_links":{"self":[{"href":"https:\/\/roveyayinevi.com.tr\/index.php\/wp-json\/wp\/v2\/product\/752164","targetHints":{"allow":["GET"]}}],"collection":[{"href":"https:\/\/roveyayinevi.com.tr\/index.php\/wp-json\/wp\/v2\/product"}],"about":[{"href":"https:\/\/roveyayinevi.com.tr\/index.php\/wp-json\/wp\/v2\/types\/product"}],"wp:attachment":[{"href":"https:\/\/roveyayinevi.com.tr\/index.php\/wp-json\/wp\/v2\/media?parent=752164"}],"wp:term":[{"taxonomy":"product_brand","embeddable":true,"href":"https:\/\/roveyayinevi.com.tr\/index.php\/wp-json\/wp\/v2\/product_brand?post=752164"},{"taxonomy":"product_cat","embeddable":true,"href":"https:\/\/roveyayinevi.com.tr\/index.php\/wp-json\/wp\/v2\/product_cat?post=752164"},{"taxonomy":"product_tag","embeddable":true,"href":"https:\/\/roveyayinevi.com.tr\/index.php\/wp-json\/wp\/v2\/product_tag?post=752164"}],"curies":[{"name":"wp","href":"https:\/\/api.w.org\/{rel}","templated":true}]}}