{"id":752163,"date":"2025-08-28T05:08:06","date_gmt":"2025-08-28T02:08:06","guid":{"rendered":"https:\/\/roveyayinevi.com.tr\/index.php\/urun\/cunku-onlar-biraz-maceraci\/"},"modified":"2026-04-16T03:05:34","modified_gmt":"2026-04-16T00:05:34","slug":"cunku-onlar-biraz-maceraci","status":"publish","type":"product","link":"https:\/\/roveyayinevi.com.tr\/index.php\/urun\/cunku-onlar-biraz-maceraci\/","title":{"rendered":"\u00c7\u00fcnk\u00fc Onlar Biraz Macerac\u0131"},"content":{"rendered":"<p>Hareketli, oyunlu kitap!   \u0130ki Kitap bir arada!Yeti\u015fkinler \u00e7ocuklarla bulu\u015fuyor,farkl\u0131 \u015feyler konu\u015fuyor.Haz\u0131r m\u0131s\u0131n\u0131z, hayal g\u00fc\u00e7leriyled\u00fcnyam\u0131za ne\u015fe katan \u00e7ocuklarla bulu\u015fmaya!Minik kitab\u0131n sayfalar\u0131n\u0131 \u00e7evir, hik\u00e2yeyi tamamla.Yapboz, ara bul, e\u015fle\u015ftirme oyunlar\u0131n\u0131 oyna.<\/p>\n","protected":false},"excerpt":{"rendered":"<p>Hareketli, oyunlu kitap! \u0130ki Kitap bir arada!Yeti\u015fkinler \u00e7ocuklarla bulu\u015fuyor,farkl\u0131 \u015feyler konu\u015fuyor.Haz\u0131r m\u0131s\u0131n\u0131z, hayal g\u00fc\u00e7leriyled\u00fcnyam\u0131za ne\u015fe katan \u00e7ocuklarla bulu\u015fmaya!Minik kitab\u0131n sayfalar\u0131n\u0131 \u00e7evir, hik\u00e2yeyi tamamla.Yapboz, ara bul, e\u015fle\u015ftirme<span class=\"excerpt-hellip\"> [\u2026]<\/span><\/p>\n","protected":false},"featured_media":0,"template":"","meta":{"_monsterinsights_skip_tracking":false,"_monsterinsights_sitenote_active":false,"_monsterinsights_sitenote_note":"","_monsterinsights_sitenote_category":0},"product_brand":[],"product_cat":[12274,12518],"product_tag":[],"class_list":{"0":"post-752163","1":"product","2":"type-product","3":"status-publish","5":"product_cat-cocuk-ve-genclik-kitaplari","6":"product_cat-okul-oncesi-kitaplar","7":"pa_cilt-ciltli","8":"pa_tur-kitap","9":"pa_yayinevi-ucan-fil-yayinlari","10":"pa_yazar-sarah-soliman","12":"first","13":"instock","14":"sale","15":"shipping-taxable","16":"purchasable","17":"product-type-simple"},"_links":{"self":[{"href":"https:\/\/roveyayinevi.com.tr\/index.php\/wp-json\/wp\/v2\/product\/752163","targetHints":{"allow":["GET"]}}],"collection":[{"href":"https:\/\/roveyayinevi.com.tr\/index.php\/wp-json\/wp\/v2\/product"}],"about":[{"href":"https:\/\/roveyayinevi.com.tr\/index.php\/wp-json\/wp\/v2\/types\/product"}],"wp:attachment":[{"href":"https:\/\/roveyayinevi.com.tr\/index.php\/wp-json\/wp\/v2\/media?parent=752163"}],"wp:term":[{"taxonomy":"product_brand","embeddable":true,"href":"https:\/\/roveyayinevi.com.tr\/index.php\/wp-json\/wp\/v2\/product_brand?post=752163"},{"taxonomy":"product_cat","embeddable":true,"href":"https:\/\/roveyayinevi.com.tr\/index.php\/wp-json\/wp\/v2\/product_cat?post=752163"},{"taxonomy":"product_tag","embeddable":true,"href":"https:\/\/roveyayinevi.com.tr\/index.php\/wp-json\/wp\/v2\/product_tag?post=752163"}],"curies":[{"name":"wp","href":"https:\/\/api.w.org\/{rel}","templated":true}]}}