{"id":752160,"date":"2025-08-28T05:08:00","date_gmt":"2025-08-28T02:08:00","guid":{"rendered":"https:\/\/roveyayinevi.com.tr\/index.php\/urun\/bilinenin-aksine\/"},"modified":"2026-04-16T03:05:34","modified_gmt":"2026-04-16T00:05:34","slug":"bilinenin-aksine","status":"publish","type":"product","link":"https:\/\/roveyayinevi.com.tr\/index.php\/urun\/bilinenin-aksine\/","title":{"rendered":"Bilinenin Aksine"},"content":{"rendered":"<p>\u00c7eyrek as\u0131rd\u0131r \u015fiir yay\u0131mlamay\u0131 s\u00fcrd\u00fcren Tamer G\u00fclbek&#8217;in bu toplamda daha \u00f6nce yay\u0131mlanm\u0131\u015f olan be\u015f \u015fiir kitab\u0131n\u0131n yan\u0131 s\u0131ra son kitab\u0131 Kaynak Metin de ilk kez okuyucu kar\u015f\u0131s\u0131na \u00e7\u0131k\u0131yor.\u00c7a\u011fda\u015f\u0131 \u015fair ve ele\u015ftirmenlerin, g\u00fcnceli t\u00fcm zamanlara, mek\u00e2n\u0131 geni\u015f bir co\u011frafyaya yayan;geli\u015ftirdi\u011fi kendine \u00f6zg\u00fc anlat\u0131 tekni\u011fi ve imge anlay\u0131\u015f\u0131yla yorgun s\u00f6zc\u00fcklere tazelik kazand\u0131ran; lirizmden kendine has bir ironi ve zek\u00e2yla s\u0131yr\u0131lan \u00f6zg\u00fcn bir \u015fair olarak tan\u0131mlad\u0131\u011f\u0131 Tamer G\u00fclbek, Zefiran, Suda Tuhaf Hareketler, G\u00fcven Park, Yabanc\u0131 Dil veT\u00fcm\u00fcn\u00fc G\u00f6r\u00fcnt\u00fcle&#8217;yi takip eden Kaynak Metin&#8217;de \u015f\u00f6yle diyor:\u201c\u00d6l\u00fcme ne \u00e7ok yakla\u015f\u0131rsaO derece \u00f6l\u00fcmden uzakla\u015f\u0131r\u015eair dedi\u011fin.\u201d<\/p>\n","protected":false},"excerpt":{"rendered":"<p>\u00c7eyrek as\u0131rd\u0131r \u015fiir yay\u0131mlamay\u0131 s\u00fcrd\u00fcren Tamer G\u00fclbek&#8217;in bu toplamda daha \u00f6nce yay\u0131mlanm\u0131\u015f olan be\u015f \u015fiir kitab\u0131n\u0131n yan\u0131 s\u0131ra son kitab\u0131 Kaynak Metin de ilk kez okuyucu<span class=\"excerpt-hellip\"> [\u2026]<\/span><\/p>\n","protected":false},"featured_media":0,"template":"","meta":{"_monsterinsights_skip_tracking":false,"_monsterinsights_sitenote_active":false,"_monsterinsights_sitenote_note":"","_monsterinsights_sitenote_category":0},"product_brand":[],"product_cat":[12291,12509],"product_tag":[],"class_list":{"0":"post-752160","1":"product","2":"type-product","3":"status-publish","5":"product_cat-edebiyat","6":"product_cat-siir","7":"pa_cilt-ciltsiz","8":"pa_tur-kitap","9":"pa_yayinevi-otuken-nesriyat","10":"pa_yazar-tamer-gulbek","12":"first","13":"instock","14":"sale","15":"shipping-taxable","16":"purchasable","17":"product-type-simple"},"_links":{"self":[{"href":"https:\/\/roveyayinevi.com.tr\/index.php\/wp-json\/wp\/v2\/product\/752160","targetHints":{"allow":["GET"]}}],"collection":[{"href":"https:\/\/roveyayinevi.com.tr\/index.php\/wp-json\/wp\/v2\/product"}],"about":[{"href":"https:\/\/roveyayinevi.com.tr\/index.php\/wp-json\/wp\/v2\/types\/product"}],"wp:attachment":[{"href":"https:\/\/roveyayinevi.com.tr\/index.php\/wp-json\/wp\/v2\/media?parent=752160"}],"wp:term":[{"taxonomy":"product_brand","embeddable":true,"href":"https:\/\/roveyayinevi.com.tr\/index.php\/wp-json\/wp\/v2\/product_brand?post=752160"},{"taxonomy":"product_cat","embeddable":true,"href":"https:\/\/roveyayinevi.com.tr\/index.php\/wp-json\/wp\/v2\/product_cat?post=752160"},{"taxonomy":"product_tag","embeddable":true,"href":"https:\/\/roveyayinevi.com.tr\/index.php\/wp-json\/wp\/v2\/product_tag?post=752160"}],"curies":[{"name":"wp","href":"https:\/\/api.w.org\/{rel}","templated":true}]}}