{"id":752158,"date":"2025-08-28T05:07:57","date_gmt":"2025-08-28T02:07:57","guid":{"rendered":"https:\/\/roveyayinevi.com.tr\/index.php\/urun\/koca-goz-boyama-ciftlik-hayvanlari\/"},"modified":"2026-04-16T03:05:34","modified_gmt":"2026-04-16T00:05:34","slug":"koca-goz-boyama-ciftlik-hayvanlari","status":"publish","type":"product","link":"https:\/\/roveyayinevi.com.tr\/index.php\/urun\/koca-goz-boyama-ciftlik-hayvanlari\/","title":{"rendered":"Koca G\u00f6z Boyama &#8211; \u00c7iftlik Hayvanlar\u0131"},"content":{"rendered":"<p>Boyama kitaplar\u0131, \u00e7ocuklar\u0131n hayal d\u00fcnyalar\u0131 zenginle\u015fir, \u00e7ocuklarda beynin geli\u015fmesine yard\u0131mc\u0131 oldu\u011fu gibi el-g\u00f6z koordinasyonunu geli\u015ftirir, odaklanma becerilerini art\u0131r\u0131r. \u00c7ocuklar bu kitapta; bir civcivi, bir fareyi, bir kuzuyu, bir at\u0131 ve bir tavu\u011fu renklendirerek boyayacak. Sayfalardaki hareketli g\u00f6zler sayesinde karakterler ger\u00e7ekten ona bak\u0131yor gibi hissedecek ve \u00e7izimleri boyad\u0131\u011f\u0131nda \u00e7ok e\u011flenecek! \u0130yi e\u011flenceler! <\/p>\n","protected":false},"excerpt":{"rendered":"<p>Boyama kitaplar\u0131, \u00e7ocuklar\u0131n hayal d\u00fcnyalar\u0131 zenginle\u015fir, \u00e7ocuklarda beynin geli\u015fmesine yard\u0131mc\u0131 oldu\u011fu gibi el-g\u00f6z koordinasyonunu geli\u015ftirir, odaklanma becerilerini art\u0131r\u0131r. \u00c7ocuklar bu kitapta; bir civcivi, bir fareyi, bir<span class=\"excerpt-hellip\"> [\u2026]<\/span><\/p>\n","protected":false},"featured_media":0,"template":"","meta":{"_monsterinsights_skip_tracking":false,"_monsterinsights_sitenote_active":false,"_monsterinsights_sitenote_note":"","_monsterinsights_sitenote_category":0},"product_brand":[],"product_cat":[12644,12274],"product_tag":[],"class_list":{"0":"post-752158","1":"product","2":"type-product","3":"status-publish","5":"product_cat-boyama-kitaplari","6":"product_cat-cocuk-ve-genclik-kitaplari","7":"pa_cilt-ciltsiz","8":"pa_tur-kitap","9":"pa_yayinevi-bookalemun-yayinevi","10":"pa_yazar-kolektif","12":"first","13":"instock","14":"sale","15":"shipping-taxable","16":"purchasable","17":"product-type-simple"},"_links":{"self":[{"href":"https:\/\/roveyayinevi.com.tr\/index.php\/wp-json\/wp\/v2\/product\/752158","targetHints":{"allow":["GET"]}}],"collection":[{"href":"https:\/\/roveyayinevi.com.tr\/index.php\/wp-json\/wp\/v2\/product"}],"about":[{"href":"https:\/\/roveyayinevi.com.tr\/index.php\/wp-json\/wp\/v2\/types\/product"}],"wp:attachment":[{"href":"https:\/\/roveyayinevi.com.tr\/index.php\/wp-json\/wp\/v2\/media?parent=752158"}],"wp:term":[{"taxonomy":"product_brand","embeddable":true,"href":"https:\/\/roveyayinevi.com.tr\/index.php\/wp-json\/wp\/v2\/product_brand?post=752158"},{"taxonomy":"product_cat","embeddable":true,"href":"https:\/\/roveyayinevi.com.tr\/index.php\/wp-json\/wp\/v2\/product_cat?post=752158"},{"taxonomy":"product_tag","embeddable":true,"href":"https:\/\/roveyayinevi.com.tr\/index.php\/wp-json\/wp\/v2\/product_tag?post=752158"}],"curies":[{"name":"wp","href":"https:\/\/api.w.org\/{rel}","templated":true}]}}