{"id":752150,"date":"2025-08-28T05:07:45","date_gmt":"2025-08-28T02:07:45","guid":{"rendered":"https:\/\/roveyayinevi.com.tr\/index.php\/urun\/dede-korkut-bosnakca-secme-hikayeler\/"},"modified":"2026-04-16T03:05:34","modified_gmt":"2026-04-16T00:05:34","slug":"dede-korkut-bosnakca-secme-hikayeler","status":"publish","type":"product","link":"https:\/\/roveyayinevi.com.tr\/index.php\/urun\/dede-korkut-bosnakca-secme-hikayeler\/","title":{"rendered":"Dede Korkut &#8211; Bo\u015fnak\u00e7a Se\u00e7me Hikayeler"},"content":{"rendered":"<p>Bio jednom jedan Han. Njegovo je ime Bajindir Han koji je sin Kama Gana. On je imao jedan \u0161ator koji je postavljen na jednom od najljep\u0161ih mjesta na zemlji. Jedan put u godini je pozvao Begove Oguza za gozbu. On je \u017ertvovao konje, kamile, ovce za njih. On je imao tri vrste \u0161atora u njegovom nalazi\u0161tu, prvi je bio crni \u0161ator, drugi je bijeli, a tre\u0107i je crveni.<\/p>\n","protected":false},"excerpt":{"rendered":"<p>Bio jednom jedan Han. Njegovo je ime Bajindir Han koji je sin Kama Gana. On je imao jedan \u0161ator koji je postavljen na jednom od najljep\u0161ih<span class=\"excerpt-hellip\"> [\u2026]<\/span><\/p>\n","protected":false},"featured_media":0,"template":"","meta":{"_monsterinsights_skip_tracking":false,"_monsterinsights_sitenote_active":false,"_monsterinsights_sitenote_note":"","_monsterinsights_sitenote_category":0},"product_brand":[],"product_cat":[12291,18202],"product_tag":[],"class_list":{"0":"post-752150","1":"product","2":"type-product","3":"status-publish","5":"product_cat-edebiyat","6":"product_cat-hikaye","7":"pa_cilt-ciltsiz","8":"pa_tur-kitap","9":"pa_yayinevi-profil-kitap","10":"pa_yazar-demet-kucuk","12":"first","13":"instock","14":"sale","15":"shipping-taxable","16":"purchasable","17":"product-type-simple"},"_links":{"self":[{"href":"https:\/\/roveyayinevi.com.tr\/index.php\/wp-json\/wp\/v2\/product\/752150","targetHints":{"allow":["GET"]}}],"collection":[{"href":"https:\/\/roveyayinevi.com.tr\/index.php\/wp-json\/wp\/v2\/product"}],"about":[{"href":"https:\/\/roveyayinevi.com.tr\/index.php\/wp-json\/wp\/v2\/types\/product"}],"wp:attachment":[{"href":"https:\/\/roveyayinevi.com.tr\/index.php\/wp-json\/wp\/v2\/media?parent=752150"}],"wp:term":[{"taxonomy":"product_brand","embeddable":true,"href":"https:\/\/roveyayinevi.com.tr\/index.php\/wp-json\/wp\/v2\/product_brand?post=752150"},{"taxonomy":"product_cat","embeddable":true,"href":"https:\/\/roveyayinevi.com.tr\/index.php\/wp-json\/wp\/v2\/product_cat?post=752150"},{"taxonomy":"product_tag","embeddable":true,"href":"https:\/\/roveyayinevi.com.tr\/index.php\/wp-json\/wp\/v2\/product_tag?post=752150"}],"curies":[{"name":"wp","href":"https:\/\/api.w.org\/{rel}","templated":true}]}}