{"id":752135,"date":"2025-08-28T05:07:25","date_gmt":"2025-08-28T02:07:25","guid":{"rendered":"https:\/\/roveyayinevi.com.tr\/index.php\/urun\/ejderhani-nasil-egitirsin-7-ejderha-firtinasini-nasil-atlatirsin\/"},"modified":"2026-04-16T03:05:33","modified_gmt":"2026-04-16T00:05:33","slug":"ejderhani-nasil-egitirsin-7-ejderha-firtinasini-nasil-atlatirsin","status":"publish","type":"product","link":"https:\/\/roveyayinevi.com.tr\/index.php\/urun\/ejderhani-nasil-egitirsin-7-ejderha-firtinasini-nasil-atlatirsin\/","title":{"rendered":"Ejderhan\u0131 Nas\u0131l E\u011fitirsin 7 Ejderha F\u0131rt\u0131nas\u0131n\u0131 Nas\u0131l Atlat\u0131rs\u0131n?"},"content":{"rendered":"<p>Korkun\u00e7 G\u0131c\u0131k \u00dc\u00e7\u00fcnc\u00fc H\u0131\u00e7k\u0131r\u0131k ve arkada\u015flar\u0131 Bal\u0131kbacak ile Kamikaze, y\u0131llard\u0131r s\u00fcregelen masum bir y\u00fczme yar\u0131\u015fmas\u0131na kat\u0131lacaklar\u0131n\u0131 d\u00fc\u015f\u00fcn\u00fcyorlard\u0131. Fakat kendilerini okyanusun engin sular\u0131n\u0131n tam ortas\u0131nda, F\u0131tt\u0131r\u0131k Norbert, \u0130sterikler ve Gezgin k\u00f6lelerle dolu bir geminin i\u00e7inde Amerika\u2019y\u0131 fethetmeyegiderken buldular! Uzun bir s\u00fcre \u00f6nce ayr\u0131ld\u0131klar\u0131 yuvalar\u0131na nas\u0131l geri d\u00f6necekler? Vikinglerden hi\u00e7 ama hi\u00e7 ho\u015flanmayan Gezginler onlara yard\u0131m edecek mi? Peki\u2026 en en \u00f6nemlisi ve en en korkuncu\u2026Kutupy\u0131lanlar\u0131\u2019n\u0131 bile \u00f6lesiye korkutan Leviathorgan\u2019dan nas\u0131l kurtulacaklar? T\u0131k\u0131rdayan \u015feyin gittik\u00e7e y\u00fckselen sesi, H\u0131\u00e7k\u0131r\u0131k\u2019a asl\u0131nda ne anlatmak istiyor? Y\u00fcce Thor ve y\u0131ld\u0131r\u0131mlar\u0131 nerede!? <\/p>\n","protected":false},"excerpt":{"rendered":"<p>Korkun\u00e7 G\u0131c\u0131k \u00dc\u00e7\u00fcnc\u00fc H\u0131\u00e7k\u0131r\u0131k ve arkada\u015flar\u0131 Bal\u0131kbacak ile Kamikaze, y\u0131llard\u0131r s\u00fcregelen masum bir y\u00fczme yar\u0131\u015fmas\u0131na kat\u0131lacaklar\u0131n\u0131 d\u00fc\u015f\u00fcn\u00fcyorlard\u0131. Fakat kendilerini okyanusun engin sular\u0131n\u0131n tam ortas\u0131nda, F\u0131tt\u0131r\u0131k Norbert,<span class=\"excerpt-hellip\"> [\u2026]<\/span><\/p>\n","protected":false},"featured_media":0,"template":"","meta":{"_monsterinsights_skip_tracking":false,"_monsterinsights_sitenote_active":false,"_monsterinsights_sitenote_note":"","_monsterinsights_sitenote_category":0},"product_brand":[],"product_cat":[12274,12284],"product_tag":[],"class_list":{"0":"post-752135","1":"product","2":"type-product","3":"status-publish","5":"product_cat-cocuk-ve-genclik-kitaplari","6":"product_cat-hikayeler","7":"pa_cilt-ciltsiz","8":"pa_tur-kitap","9":"pa_yayinevi-epsilon-yayinlari","10":"pa_yazar-cressida-cowell","12":"first","13":"instock","14":"sale","15":"shipping-taxable","16":"purchasable","17":"product-type-simple"},"_links":{"self":[{"href":"https:\/\/roveyayinevi.com.tr\/index.php\/wp-json\/wp\/v2\/product\/752135","targetHints":{"allow":["GET"]}}],"collection":[{"href":"https:\/\/roveyayinevi.com.tr\/index.php\/wp-json\/wp\/v2\/product"}],"about":[{"href":"https:\/\/roveyayinevi.com.tr\/index.php\/wp-json\/wp\/v2\/types\/product"}],"wp:attachment":[{"href":"https:\/\/roveyayinevi.com.tr\/index.php\/wp-json\/wp\/v2\/media?parent=752135"}],"wp:term":[{"taxonomy":"product_brand","embeddable":true,"href":"https:\/\/roveyayinevi.com.tr\/index.php\/wp-json\/wp\/v2\/product_brand?post=752135"},{"taxonomy":"product_cat","embeddable":true,"href":"https:\/\/roveyayinevi.com.tr\/index.php\/wp-json\/wp\/v2\/product_cat?post=752135"},{"taxonomy":"product_tag","embeddable":true,"href":"https:\/\/roveyayinevi.com.tr\/index.php\/wp-json\/wp\/v2\/product_tag?post=752135"}],"curies":[{"name":"wp","href":"https:\/\/api.w.org\/{rel}","templated":true}]}}