{"id":752134,"date":"2025-08-28T05:07:24","date_gmt":"2025-08-28T02:07:24","guid":{"rendered":"https:\/\/roveyayinevi.com.tr\/index.php\/urun\/fransada-yerel-yonetimler-ve-yerellesme-reformlari\/"},"modified":"2026-04-16T03:05:33","modified_gmt":"2026-04-16T00:05:33","slug":"fransada-yerel-yonetimler-ve-yerellesme-reformlari","status":"publish","type":"product","link":"https:\/\/roveyayinevi.com.tr\/index.php\/urun\/fransada-yerel-yonetimler-ve-yerellesme-reformlari\/","title":{"rendered":"Fransa&#8217;da Yerel Y\u00f6netimler ve Yerelle\u015fme Reformlar\u0131"},"content":{"rendered":"<p>FRANSA\u2019DA YEREL Y\u00d6NET\u0130MLER VE YERELLE\u015eME REFORMLARI (Frans\u0131z \u0130htilalinden 2020\u2019lere) <\/p>\n","protected":false},"excerpt":{"rendered":"<p>FRANSA\u2019DA YEREL Y\u00d6NET\u0130MLER VE YERELLE\u015eME REFORMLARI (Frans\u0131z \u0130htilalinden 2020\u2019lere)<\/p>\n","protected":false},"featured_media":0,"template":"","meta":{"_monsterinsights_skip_tracking":false,"_monsterinsights_sitenote_active":false,"_monsterinsights_sitenote_note":"","_monsterinsights_sitenote_category":0},"product_brand":[],"product_cat":[12573,12566],"product_tag":[],"class_list":{"0":"post-752134","1":"product","2":"type-product","3":"status-publish","5":"product_cat-akademik-kitaplar","6":"product_cat-egitim","7":"pa_cilt-ciltsiz","8":"pa_tur-kitap","9":"pa_yayinevi-soncag-akademik-kitaplar","10":"pa_yazar-turgut-atasoy","12":"first","13":"instock","14":"sale","15":"shipping-taxable","16":"purchasable","17":"product-type-simple"},"_links":{"self":[{"href":"https:\/\/roveyayinevi.com.tr\/index.php\/wp-json\/wp\/v2\/product\/752134","targetHints":{"allow":["GET"]}}],"collection":[{"href":"https:\/\/roveyayinevi.com.tr\/index.php\/wp-json\/wp\/v2\/product"}],"about":[{"href":"https:\/\/roveyayinevi.com.tr\/index.php\/wp-json\/wp\/v2\/types\/product"}],"wp:attachment":[{"href":"https:\/\/roveyayinevi.com.tr\/index.php\/wp-json\/wp\/v2\/media?parent=752134"}],"wp:term":[{"taxonomy":"product_brand","embeddable":true,"href":"https:\/\/roveyayinevi.com.tr\/index.php\/wp-json\/wp\/v2\/product_brand?post=752134"},{"taxonomy":"product_cat","embeddable":true,"href":"https:\/\/roveyayinevi.com.tr\/index.php\/wp-json\/wp\/v2\/product_cat?post=752134"},{"taxonomy":"product_tag","embeddable":true,"href":"https:\/\/roveyayinevi.com.tr\/index.php\/wp-json\/wp\/v2\/product_tag?post=752134"}],"curies":[{"name":"wp","href":"https:\/\/api.w.org\/{rel}","templated":true}]}}