{"id":752133,"date":"2025-08-28T05:07:23","date_gmt":"2025-08-28T02:07:23","guid":{"rendered":"https:\/\/roveyayinevi.com.tr\/index.php\/urun\/mutlu-yurttas-imalati\/"},"modified":"2025-11-21T09:22:21","modified_gmt":"2025-11-21T06:22:21","slug":"mutlu-yurttas-imalati","status":"publish","type":"product","link":"https:\/\/roveyayinevi.com.tr\/index.php\/urun\/mutlu-yurttas-imalati\/","title":{"rendered":"Mutlu Yurtta\u015f \u0130malat\u0131"},"content":{"rendered":"<p>Gu\u0308nu\u0308mu\u0308zde mutluluk bask\u0131s\u0131, hayatlar\u0131m\u0131z\u0131n seyrini ve yo\u0308nu\u0308nu\u0308 belirleyen temel bir etkene do\u0308nu\u0308s\u0327tu\u0308. Her f\u0131rsatta ve her alanda kars\u0327\u0131m\u0131za c\u0327\u0131kan pozitiflik salg\u0131n\u0131ndan sak\u0131nmak art\u0131k neredeyse mu\u0308mku\u0308n deg\u0306il. Mutluluk tali bir hedef veya slogan olman\u0131n o\u0308tesinde, herkesin ac\u0327\u0131kc\u0327a pes\u0327inde kos\u0327tug\u0306u bir u\u0308ru\u0308n gibi go\u0308ru\u0308lu\u0308yor. Pozitif psikologlar, mutluluk uzmanlar\u0131 ve kis\u0327isel gelis\u0327im eg\u0306itmenlerinden olus\u0327an yeni bir profesyoneller toplulug\u0306u, her f\u0131rsatta bireylere bas\u0327ar\u0131l\u0131, sag\u0306l\u0131kl\u0131 ve is\u0327levsel bir yas\u0327ama ulas\u0327malar\u0131 ic\u0327in rehberlik ediyorlar. Bu \u201ciyi yas\u0327am\u201d uzmanlar\u0131, kamu kurumlar\u0131n\u0131n ve c\u0327okuluslu s\u0327irketlerin desteg\u0306i ve is\u0327birlig\u0306i sayesinde, nihayet toplumun siyaset, sag\u0306l\u0131k ve eg\u0306itim gibi alanlarda nas\u0131l hareket edeceg\u0306ini belirleme konumuna ve kudretine eri\u015ftiler. Mutlu Vatandas\u0327I\u0307malat\u0131 &#8211; Mutluluk Endu\u0308strisi Hayat\u0131m\u0131z\u0131 Nas\u0131l Kontrol Ediyor? hakl\u0131 ve sag\u0306l\u0131kl\u0131 bir s\u0327u\u0308phecilikle, su\u0308regiden \u201cmutluluk hastal\u0131g\u0306\u0131n\u0131n\u201d arkas\u0131nda nas\u0131l devasa bir ekonomik pazar\u0131n is\u0327ledig\u0306ini tart\u0131s\u0327\u0131yor. Edgar Cabanas ve Eva Illouz, mutluluk rec\u0327etelerinin iktidar ile ic\u0327 ic\u0327e gec\u0327erek nas\u0131l gu\u0308c\u0327lu\u0308 bir kontrol mekanizmas\u0131na do\u0308nu\u0308s\u0327tu\u0308g\u0306u\u0308nu\u0308, neoliberalizmin bu durumu nas\u0131l lehine kulland\u0131\u011f\u0131n\u0131 tart\u0131\u015f\u0131yorlar. \u201cMutluluk aray\u0131s\u0327\u0131na girmek illaki daha iyi benlikler veya daha iyi bir toplum ic\u0327in c\u0327al\u0131s\u0327mak anlam\u0131na gelmez, ancak her zaman mutlulug\u0306un bir kavram, is\u0327, endu\u0308stri ve tu\u0308ketimci bir yas\u0327am tarz\u0131 olarak mes\u0327ruiyeti, yayg\u0131nl\u0131g\u0306\u0131 ve gu\u0308cu\u0308 ic\u0327in c\u0327al\u0131s\u0327may\u0131 gerektirir. Mutluluk hayatlar\u0131m\u0131z\u0131 kontrol etmeye yarar c\u0327u\u0308nku\u0308 bu saplant\u0131l\u0131 aray\u0131s\u0327\u0131n hizmetka\u0302rlar\u0131 olmus\u0327 durumday\u0131z.\u201d<\/p>\n","protected":false},"excerpt":{"rendered":"<p>Gu\u0308nu\u0308mu\u0308zde mutluluk bask\u0131s\u0131, hayatlar\u0131m\u0131z\u0131n seyrini ve yo\u0308nu\u0308nu\u0308 belirleyen temel bir etkene do\u0308nu\u0308s\u0327tu\u0308. Her f\u0131rsatta ve her alanda kars\u0327\u0131m\u0131za c\u0327\u0131kan pozitiflik salg\u0131n\u0131ndan sak\u0131nmak art\u0131k neredeyse mu\u0308mku\u0308n deg\u0306il.<span class=\"excerpt-hellip\"> [\u2026]<\/span><\/p>\n","protected":false},"featured_media":0,"template":"","meta":{"_monsterinsights_skip_tracking":false,"_monsterinsights_sitenote_active":false,"_monsterinsights_sitenote_note":"","_monsterinsights_sitenote_category":0},"product_brand":[],"product_cat":[12337],"product_tag":[],"class_list":{"0":"post-752133","1":"product","2":"type-product","3":"status-publish","5":"product_cat-politika-siyaset","6":"pa_cilt-ciltsiz","7":"pa_tur-kitap","8":"pa_yayinevi-iletisim-yayinlari","9":"pa_yazar-eva-illouz-edgar-cabanas","11":"first","12":"instock","13":"sale","14":"shipping-taxable","15":"purchasable","16":"product-type-simple"},"_links":{"self":[{"href":"https:\/\/roveyayinevi.com.tr\/index.php\/wp-json\/wp\/v2\/product\/752133","targetHints":{"allow":["GET"]}}],"collection":[{"href":"https:\/\/roveyayinevi.com.tr\/index.php\/wp-json\/wp\/v2\/product"}],"about":[{"href":"https:\/\/roveyayinevi.com.tr\/index.php\/wp-json\/wp\/v2\/types\/product"}],"wp:attachment":[{"href":"https:\/\/roveyayinevi.com.tr\/index.php\/wp-json\/wp\/v2\/media?parent=752133"}],"wp:term":[{"taxonomy":"product_brand","embeddable":true,"href":"https:\/\/roveyayinevi.com.tr\/index.php\/wp-json\/wp\/v2\/product_brand?post=752133"},{"taxonomy":"product_cat","embeddable":true,"href":"https:\/\/roveyayinevi.com.tr\/index.php\/wp-json\/wp\/v2\/product_cat?post=752133"},{"taxonomy":"product_tag","embeddable":true,"href":"https:\/\/roveyayinevi.com.tr\/index.php\/wp-json\/wp\/v2\/product_tag?post=752133"}],"curies":[{"name":"wp","href":"https:\/\/api.w.org\/{rel}","templated":true}]}}