{"id":752132,"date":"2025-08-28T05:07:23","date_gmt":"2025-08-28T02:07:23","guid":{"rendered":"https:\/\/roveyayinevi.com.tr\/index.php\/urun\/kirilgan-umut\/"},"modified":"2026-04-16T03:05:33","modified_gmt":"2026-04-16T00:05:33","slug":"kirilgan-umut","status":"publish","type":"product","link":"https:\/\/roveyayinevi.com.tr\/index.php\/urun\/kirilgan-umut\/","title":{"rendered":"K\u0131r\u0131lgan Umut"},"content":{"rendered":"<p>Tu\u0308rkiye, sonuncusu 1989\u2019daki Bu\u0308yu\u0308k Go\u0308c\u0327 olmak u\u0308zere, kurulus\u0327undan beri Balkanlar\u2019dan \u201canayurda\u201d gelmis\u0327 yu\u0308z binlerce go\u0308c\u0327mene de, bu go\u0308c\u0327ler u\u0308zerine yaz\u0131lm\u0131s\u0327 kitaplara da as\u0327ina. Ancak zorunlu go\u0308c\u0327lerin, mu\u0308badelelerin aksine, \u201990\u2019lardan itibaren Tu\u0308rkiye bireysel \u201csoydas\u0327\u201d go\u0308c\u0327lerine de sahne olmaya bas\u0327lad\u0131. Bu yeni \u201csoydas\u0327\u201dlar, o\u0308ncekilerden c\u0327ok farkl\u0131 hukuki ve sosyal kos\u0327ullarla u\u0308lke deg\u0306is\u0327tirdiler; toplu go\u0308c\u0327u\u0308n sag\u0306lad\u0131g\u0306\u0131 imka\u0302nlardan faydalanamad\u0131lar ve hemen tu\u0308m go\u0308c\u0327menler gibi, gu\u0308vencesiz c\u0327al\u0131s\u0327ma kos\u0327ullar\u0131 ve kay\u0131t d\u0131s\u0327\u0131 ekonominin yaratt\u0131g\u0306\u0131 so\u0308mu\u0308ru\u0308ye maruz kald\u0131lar.Onlar\u0131n dirayetini art\u0131ran bir ayr\u0131cal\u0131klar\u0131 vard\u0131: Bas\u0327ka u\u0308lkelerden gelen, deg\u0306is\u0327ik etnik ko\u0308kenlere sahip go\u0308c\u0327menlerin aksine, Tu\u0308rk hukuk sisteminin onlara Tu\u0308rklu\u0308k u\u0308stu\u0308nden tan\u0131d\u0131g\u0306\u0131 bir hakka, vatandas\u0327l\u0131k alma umuduna sahip olmalar\u0131. Bu, gu\u0308nlu\u0308k hayat ic\u0327inde tekrar tekrar kan\u0131tlamalar\u0131 gereken Tu\u0308rk ve Mu\u0308slu\u0308man kimliklerini o\u0308ne c\u0327\u0131kard\u0131klar\u0131, pratikte dig\u0306er go\u0308c\u0327menlerin c\u0327ektig\u0306i birc\u0327ok s\u0131k\u0131nt\u0131y\u0131 paylas\u0327t\u0131klar\u0131 ama yine de kendilerini onlardan farkl\u0131 -hatta u\u0308stu\u0308n- go\u0308rdu\u0308kleri bir su\u0308rec\u0327 yaratt\u0131.Ays\u0327e Parla, K\u0131r\u0131lgan Umut\u2019ta tam da bu su\u0308reci mercek alt\u0131na al\u0131yor. Dog\u0306u Bloku\u2019nun c\u0327o\u0308ku\u0308s\u0327u\u0308nden sonra, ekonomik sebeplerle Tu\u0308rkiye\u2019ye go\u0308c\u0327 etmeyi sec\u0327en Bulgaristanl\u0131 go\u0308c\u0327menlerin deneyimlerini yans\u0131tan Parla, onlar\u0131n makbullu\u0308k hiyerars\u0327isi ic\u0327indeki yerine bak\u0131yor ve devletin bu hiyerars\u0327iyi var eden kriterlerine dikkatimizi c\u0327ekiyor. Umudun ve gu\u0308vencesizlig\u0306in ontolojisine eg\u0306ilirken go\u0308c\u0327menlerin kendi sesine, so\u0308zu\u0308ne yer veren K\u0131r\u0131lgan Umut, hem farkl\u0131 go\u0308c\u0327menlik kategorileri hem de aidiyet hissi u\u0308stu\u0308ne du\u0308s\u0327u\u0308nmek ic\u0327in yeni bir zemin, incelikli bir bak\u0131s\u0327 ac\u0327\u0131s\u0131 sunuyor. <\/p>\n","protected":false},"excerpt":{"rendered":"<p>Tu\u0308rkiye, sonuncusu 1989\u2019daki Bu\u0308yu\u0308k Go\u0308c\u0327 olmak u\u0308zere, kurulus\u0327undan beri Balkanlar\u2019dan \u201canayurda\u201d gelmis\u0327 yu\u0308z binlerce go\u0308c\u0327mene de, bu go\u0308c\u0327ler u\u0308zerine yaz\u0131lm\u0131s\u0327 kitaplara da as\u0327ina. Ancak zorunlu go\u0308c\u0327lerin,<span class=\"excerpt-hellip\"> [\u2026]<\/span><\/p>\n","protected":false},"featured_media":0,"template":"","meta":{"_monsterinsights_skip_tracking":false,"_monsterinsights_sitenote_active":false,"_monsterinsights_sitenote_note":"","_monsterinsights_sitenote_category":0},"product_brand":[],"product_cat":[52477],"product_tag":[],"class_list":{"0":"post-752132","1":"product","2":"type-product","3":"status-publish","5":"product_cat-arastirma","6":"pa_cilt-ciltsiz","7":"pa_tur-kitap","8":"pa_yayinevi-iletisim-yayinlari","9":"pa_yazar-ayse-parla","11":"first","12":"instock","13":"sale","14":"shipping-taxable","15":"purchasable","16":"product-type-simple"},"_links":{"self":[{"href":"https:\/\/roveyayinevi.com.tr\/index.php\/wp-json\/wp\/v2\/product\/752132","targetHints":{"allow":["GET"]}}],"collection":[{"href":"https:\/\/roveyayinevi.com.tr\/index.php\/wp-json\/wp\/v2\/product"}],"about":[{"href":"https:\/\/roveyayinevi.com.tr\/index.php\/wp-json\/wp\/v2\/types\/product"}],"wp:attachment":[{"href":"https:\/\/roveyayinevi.com.tr\/index.php\/wp-json\/wp\/v2\/media?parent=752132"}],"wp:term":[{"taxonomy":"product_brand","embeddable":true,"href":"https:\/\/roveyayinevi.com.tr\/index.php\/wp-json\/wp\/v2\/product_brand?post=752132"},{"taxonomy":"product_cat","embeddable":true,"href":"https:\/\/roveyayinevi.com.tr\/index.php\/wp-json\/wp\/v2\/product_cat?post=752132"},{"taxonomy":"product_tag","embeddable":true,"href":"https:\/\/roveyayinevi.com.tr\/index.php\/wp-json\/wp\/v2\/product_tag?post=752132"}],"curies":[{"name":"wp","href":"https:\/\/api.w.org\/{rel}","templated":true}]}}