{"id":752129,"date":"2025-08-28T05:07:18","date_gmt":"2025-08-28T02:07:18","guid":{"rendered":"https:\/\/roveyayinevi.com.tr\/index.php\/urun\/benim-ruyalarim-hep-cikar\/"},"modified":"2026-04-08T03:12:10","modified_gmt":"2026-04-08T00:12:10","slug":"benim-ruyalarim-hep-cikar","status":"publish","type":"product","link":"https:\/\/roveyayinevi.com.tr\/index.php\/urun\/benim-ruyalarim-hep-cikar\/","title":{"rendered":"Benim R\u00fcyalar\u0131m Hep \u00c7\u0131kar"},"content":{"rendered":"<p>\u201cTa\u015fl\u0131ktay\u0131m. Elimde makas. Ya\u011fmur ya\u011f\u0131yor. Tulumban\u0131n k\u0131y\u0131s\u0131na oturdum. \u00d6n\u00fcmde cans\u0131z bez bebekler. \u0130\u00e7ine b\u00f6cekli y\u00fcnler dolduraca\u011f\u0131m, b\u00fcy\u00fcl\u00fc k\u00e2\u011f\u0131d\u0131n aras\u0131na da alt\u0131n sar\u0131s\u0131 sa\u00e7lar\u0131mdan. B\u00fcy\u00fcl\u00fc bir bebek yapmal\u0131. Tam kalbinde sa\u00e7lar\u0131m. \u0130\u011fneyi oraya, hayat\u0131n\u0131n akt\u0131\u011f\u0131 yere sokmal\u0131 ki benim yand\u0131\u011f\u0131m yerden yans\u0131n\u2026\u201d Umay\u2019dan nefes isteyenler, b\u00fcy\u00fc yaz\u0131l\u0131 bez bebekler, musibetlere kar\u015f\u0131 yak\u0131lan t\u00fcts\u00fcler, ger\u00e7e\u011fe kar\u0131\u015fan r\u00fcyalar, d\u00fcnyay\u0131 daha g\u00fczel bir yere d\u00f6n\u00fc\u015ft\u00fcren kehribarlar, adaklar, muskalar, dualar, beddualar\u2026 Benim R\u00fcyalar\u0131m Hep \u00c7\u0131kar, kendinden efsunlu \u00f6yk\u00fclerin kitab\u0131. Esra Kahya, metaforlarla \u00f6r\u00fcl\u00fc bir dilin h\u00fcnerli yazar\u0131. Edebiyat\u0131m\u0131zda yeni ama kal\u0131c\u0131 olacak bir ses.<\/p>\n","protected":false},"excerpt":{"rendered":"<p>\u201cTa\u015fl\u0131ktay\u0131m. Elimde makas. Ya\u011fmur ya\u011f\u0131yor. Tulumban\u0131n k\u0131y\u0131s\u0131na oturdum. \u00d6n\u00fcmde cans\u0131z bez bebekler. \u0130\u00e7ine b\u00f6cekli y\u00fcnler dolduraca\u011f\u0131m, b\u00fcy\u00fcl\u00fc k\u00e2\u011f\u0131d\u0131n aras\u0131na da alt\u0131n sar\u0131s\u0131 sa\u00e7lar\u0131mdan. B\u00fcy\u00fcl\u00fc bir bebek<span class=\"excerpt-hellip\"> [\u2026]<\/span><\/p>\n","protected":false},"featured_media":0,"template":"","meta":{"_monsterinsights_skip_tracking":false,"_monsterinsights_sitenote_active":false,"_monsterinsights_sitenote_note":"","_monsterinsights_sitenote_category":0},"product_brand":[],"product_cat":[12291,18202],"product_tag":[],"class_list":{"0":"post-752129","1":"product","2":"type-product","3":"status-publish","5":"product_cat-edebiyat","6":"product_cat-hikaye","7":"pa_cilt-ciltsiz","8":"pa_tur-kitap","9":"pa_yayinevi-iletisim-yayinlari","10":"pa_yazar-esra-kahya","12":"first","13":"instock","14":"sale","15":"shipping-taxable","16":"purchasable","17":"product-type-simple"},"_links":{"self":[{"href":"https:\/\/roveyayinevi.com.tr\/index.php\/wp-json\/wp\/v2\/product\/752129","targetHints":{"allow":["GET"]}}],"collection":[{"href":"https:\/\/roveyayinevi.com.tr\/index.php\/wp-json\/wp\/v2\/product"}],"about":[{"href":"https:\/\/roveyayinevi.com.tr\/index.php\/wp-json\/wp\/v2\/types\/product"}],"wp:attachment":[{"href":"https:\/\/roveyayinevi.com.tr\/index.php\/wp-json\/wp\/v2\/media?parent=752129"}],"wp:term":[{"taxonomy":"product_brand","embeddable":true,"href":"https:\/\/roveyayinevi.com.tr\/index.php\/wp-json\/wp\/v2\/product_brand?post=752129"},{"taxonomy":"product_cat","embeddable":true,"href":"https:\/\/roveyayinevi.com.tr\/index.php\/wp-json\/wp\/v2\/product_cat?post=752129"},{"taxonomy":"product_tag","embeddable":true,"href":"https:\/\/roveyayinevi.com.tr\/index.php\/wp-json\/wp\/v2\/product_tag?post=752129"}],"curies":[{"name":"wp","href":"https:\/\/api.w.org\/{rel}","templated":true}]}}