{"id":752128,"date":"2025-08-28T05:07:17","date_gmt":"2025-08-28T02:07:17","guid":{"rendered":"https:\/\/roveyayinevi.com.tr\/index.php\/urun\/ejderhani-nasil-egitirsin-8-bir-ejderhanin-kalbi-nasil-kirilir\/"},"modified":"2026-04-16T03:05:33","modified_gmt":"2026-04-16T00:05:33","slug":"ejderhani-nasil-egitirsin-8-bir-ejderhanin-kalbi-nasil-kirilir","status":"publish","type":"product","link":"https:\/\/roveyayinevi.com.tr\/index.php\/urun\/ejderhani-nasil-egitirsin-8-bir-ejderhanin-kalbi-nasil-kirilir\/","title":{"rendered":"Ejderhan\u0131 Nas\u0131l E\u011fitirsin 8 &#8211; Bir Ejderhan\u0131n Kalbi Nas\u0131l K\u0131r\u0131l\u0131r?"},"content":{"rendered":"<p>Ah \u015fu a\u015fk nelere kadirdir? Kimlerin ba\u015f\u0131na ne i\u015fler a\u00e7m\u0131\u015ft\u0131r!   H\u0131\u00e7k\u0131r\u0131k, yaln\u0131zca arkada\u015fl\u0131k ad\u0131na kendisini hi\u00e7 ummad\u0131\u011f\u0131 bir a\u015fk ser\u00fcveninin i\u00e7erisinde bulur. amikaze\u2019yi aramak i\u00e7in \u00e7\u0131kt\u0131\u011f\u0131 bu yolda Hain Alvin\u2019in, \u015eef Manyak\u2019\u0131n, hatta ve hatta M\u00fcthi\u015f Becerikli\u2019nin ne i\u015fi vard\u0131r?   Ya\u015fl\u0131 cad\u0131n\u0131n a\u011fz\u0131ndan \u00e7\u0131kanlar, orman\u0131n derinliklerinde uyuyan canavar\u0131n ger\u00e7ek y\u00fcz\u00fcn\u00fc g\u00f6rmesini sa\u011flayacak m\u0131? H\u0131\u00e7k\u0131r\u0131k bu maceray\u0131 ba\u015far\u0131yla atlatmaya \u00e7abalarken, bir yandan da ge\u00e7mi\u015fiyley\u00fczle\u015fecek g\u00fcc\u00fc kendinde bulabilecek mi?<\/p>\n","protected":false},"excerpt":{"rendered":"<p>Ah \u015fu a\u015fk nelere kadirdir? Kimlerin ba\u015f\u0131na ne i\u015fler a\u00e7m\u0131\u015ft\u0131r! H\u0131\u00e7k\u0131r\u0131k, yaln\u0131zca arkada\u015fl\u0131k ad\u0131na kendisini hi\u00e7 ummad\u0131\u011f\u0131 bir a\u015fk ser\u00fcveninin i\u00e7erisinde bulur. amikaze\u2019yi aramak i\u00e7in \u00e7\u0131kt\u0131\u011f\u0131<span class=\"excerpt-hellip\"> [\u2026]<\/span><\/p>\n","protected":false},"featured_media":0,"template":"","meta":{"_monsterinsights_skip_tracking":false,"_monsterinsights_sitenote_active":false,"_monsterinsights_sitenote_note":"","_monsterinsights_sitenote_category":0},"product_brand":[],"product_cat":[12274,12284],"product_tag":[],"class_list":{"0":"post-752128","1":"product","2":"type-product","3":"status-publish","5":"product_cat-cocuk-ve-genclik-kitaplari","6":"product_cat-hikayeler","7":"pa_cilt-ciltsiz","8":"pa_tur-kitap","9":"pa_yayinevi-epsilon-yayinlari","10":"pa_yazar-cressida-cowell","12":"first","13":"instock","14":"sale","15":"shipping-taxable","16":"purchasable","17":"product-type-simple"},"_links":{"self":[{"href":"https:\/\/roveyayinevi.com.tr\/index.php\/wp-json\/wp\/v2\/product\/752128","targetHints":{"allow":["GET"]}}],"collection":[{"href":"https:\/\/roveyayinevi.com.tr\/index.php\/wp-json\/wp\/v2\/product"}],"about":[{"href":"https:\/\/roveyayinevi.com.tr\/index.php\/wp-json\/wp\/v2\/types\/product"}],"wp:attachment":[{"href":"https:\/\/roveyayinevi.com.tr\/index.php\/wp-json\/wp\/v2\/media?parent=752128"}],"wp:term":[{"taxonomy":"product_brand","embeddable":true,"href":"https:\/\/roveyayinevi.com.tr\/index.php\/wp-json\/wp\/v2\/product_brand?post=752128"},{"taxonomy":"product_cat","embeddable":true,"href":"https:\/\/roveyayinevi.com.tr\/index.php\/wp-json\/wp\/v2\/product_cat?post=752128"},{"taxonomy":"product_tag","embeddable":true,"href":"https:\/\/roveyayinevi.com.tr\/index.php\/wp-json\/wp\/v2\/product_tag?post=752128"}],"curies":[{"name":"wp","href":"https:\/\/api.w.org\/{rel}","templated":true}]}}