{"id":752122,"date":"2025-08-28T05:07:09","date_gmt":"2025-08-28T02:07:09","guid":{"rendered":"https:\/\/roveyayinevi.com.tr\/index.php\/urun\/arayan-toplum-ayrisan-siyaset-dunden-yarina-turkiye\/"},"modified":"2026-04-16T03:05:33","modified_gmt":"2026-04-16T00:05:33","slug":"arayan-toplum-ayrisan-siyaset-dunden-yarina-turkiye","status":"publish","type":"product","link":"https:\/\/roveyayinevi.com.tr\/index.php\/urun\/arayan-toplum-ayrisan-siyaset-dunden-yarina-turkiye\/","title":{"rendered":"Arayan Toplum, Ayr\u0131\u015fan Siyaset: D\u00fcnden Yar\u0131na T\u00fcrkiye"},"content":{"rendered":"<p>2020 y\u0131l\u0131n\u0131n Mart ay\u0131nda T24\u2019\u00fcn \u00f6nerisiyle Metin Kaan Kurtulu\u015f, Prof. Dr. Sencer Ayata\u2019yla bir s\u00f6yle\u015fi dizisine ba\u015flar: Pandeminin, d\u00fcnyan\u0131n ve T\u00fcrkiye\u2019deki geli\u015fmelerin de\u011ferlendirildi\u011fi bu s\u00f6yle\u015filerde pandemi sonras\u0131 d\u00fcnya, yoksulluk ve e\u015fitlik, gen\u00e7lik, siyasal ittifaklar, kutupla\u015fma, sosyal demokrasi, yolsuzluk ve yozla\u015fma, sosyal s\u0131n\u0131flar gibi ba\u015fl\u0131klar ele al\u0131nacakt\u0131r. \u00dc\u00e7 y\u0131la yay\u0131lan bu s\u00f6yle\u015filerin kitaba d\u00f6n\u00fc\u015fmesi esnas\u0131nda 14 ve 28 May\u0131s se\u00e7imleri T\u00fcrkiye g\u00fcndemine d\u00fc\u015f\u00fcnce, se\u00e7im sonu\u00e7lar\u0131n\u0131 tart\u0131\u015fan son bir s\u00f6yle\u015fi kitaba eklenir&#8230;   ODT\u00dc\u2019de uzun y\u0131llar akademik \u00e7al\u0131\u015fmalar\u0131 bulunan, iki d\u00f6nem parlamentoya giren ve CHP y\u00f6netiminde g\u00f6rev \u00fcstlenen T\u00fcrkiye\u2019nin \u00f6nde gelen sosyologlar\u0131ndan Prof. Dr. Sencer Ayata\u2019n\u0131n g\u00fcncel siyaset ve toplum yap\u0131s\u0131 \u00fczerine yapt\u0131\u011f\u0131 de\u011ferli g\u00f6zlem ve de\u011ferlendirmeler, T\u00fcrkiye\u2019nin d\u00fcn\u00fcne, bug\u00fcn\u00fcne ve yar\u0131n\u0131na \u0131\u015f\u0131k tutacak nitelikte.  <\/p>\n","protected":false},"excerpt":{"rendered":"<p>2020 y\u0131l\u0131n\u0131n Mart ay\u0131nda T24\u2019\u00fcn \u00f6nerisiyle Metin Kaan Kurtulu\u015f, Prof. Dr. Sencer Ayata\u2019yla bir s\u00f6yle\u015fi dizisine ba\u015flar: Pandeminin, d\u00fcnyan\u0131n ve T\u00fcrkiye\u2019deki geli\u015fmelerin de\u011ferlendirildi\u011fi bu s\u00f6yle\u015filerde pandemi<span class=\"excerpt-hellip\"> [\u2026]<\/span><\/p>\n","protected":false},"featured_media":0,"template":"","meta":{"_monsterinsights_skip_tracking":false,"_monsterinsights_sitenote_active":false,"_monsterinsights_sitenote_note":"","_monsterinsights_sitenote_category":0},"product_brand":[],"product_cat":[13590,12337],"product_tag":[],"class_list":{"0":"post-752122","1":"product","2":"type-product","3":"status-publish","5":"product_cat-arastirma-inceleme-politika-siyaset","6":"product_cat-politika-siyaset","7":"pa_cilt-ciltsiz","8":"pa_tur-kitap","9":"pa_yayinevi-dogan-kitap","10":"pa_yazar-sencer-ayata","12":"first","13":"instock","14":"sale","15":"shipping-taxable","16":"purchasable","17":"product-type-simple"},"_links":{"self":[{"href":"https:\/\/roveyayinevi.com.tr\/index.php\/wp-json\/wp\/v2\/product\/752122","targetHints":{"allow":["GET"]}}],"collection":[{"href":"https:\/\/roveyayinevi.com.tr\/index.php\/wp-json\/wp\/v2\/product"}],"about":[{"href":"https:\/\/roveyayinevi.com.tr\/index.php\/wp-json\/wp\/v2\/types\/product"}],"wp:attachment":[{"href":"https:\/\/roveyayinevi.com.tr\/index.php\/wp-json\/wp\/v2\/media?parent=752122"}],"wp:term":[{"taxonomy":"product_brand","embeddable":true,"href":"https:\/\/roveyayinevi.com.tr\/index.php\/wp-json\/wp\/v2\/product_brand?post=752122"},{"taxonomy":"product_cat","embeddable":true,"href":"https:\/\/roveyayinevi.com.tr\/index.php\/wp-json\/wp\/v2\/product_cat?post=752122"},{"taxonomy":"product_tag","embeddable":true,"href":"https:\/\/roveyayinevi.com.tr\/index.php\/wp-json\/wp\/v2\/product_tag?post=752122"}],"curies":[{"name":"wp","href":"https:\/\/api.w.org\/{rel}","templated":true}]}}